{"id":5094,"date":"2021-05-12T21:41:28","date_gmt":"2021-05-13T00:41:28","guid":{"rendered":"https:\/\/webjornalismo.unicap.br\/sexualidade\/?page_id=5094"},"modified":"2021-06-02T12:40:29","modified_gmt":"2021-06-02T15:40:29","slug":"sexualidade-nua-e-crua","status":"publish","type":"page","link":"https:\/\/webjornalismo.unicap.br\/sexualidade\/sexualidade-nua-e-crua\/","title":{"rendered":"Sexualidade nua e crua"},"content":{"rendered":"<p>[et_pb_section fb_built=&#8221;1&#8243; _builder_version=&#8221;4.9.4&#8243; _module_preset=&#8221;default&#8221; use_background_color_gradient=&#8221;on&#8221; background_color_gradient_start=&#8221;rgba(0,0,0,0.8)&#8221; background_color_gradient_end=&#8221;rgba(0,0,0,0.7)&#8221; background_color_gradient_overlays_image=&#8221;on&#8221; background_image=&#8221;https:\/\/webjornalismo.unicap.br\/sexualidade\/wp-content\/uploads\/2021\/05\/WhatsApp-Image-2021-05-24-at-21.34.49.jpeg&#8221; custom_padding=&#8221;20vh||20vh||true|false&#8221;][et_pb_row _builder_version=&#8221;4.9.4&#8243; _module_preset=&#8221;default&#8221; width_tablet=&#8221;&#8221; width_phone=&#8221;&#8221; width_last_edited=&#8221;on|desktop&#8221; max_width=&#8221;900px&#8221; module_alignment=&#8221;center&#8221; global_colors_info=&#8221;{}&#8221;][et_pb_column type=&#8221;4_4&#8243; _builder_version=&#8221;4.9.4&#8243; _module_preset=&#8221;default&#8221;][et_pb_text _builder_version=&#8221;4.9.4&#8243; _module_preset=&#8221;default&#8221; header_font=&#8221;|700|||||||&#8221; header_text_align=&#8221;center&#8221; header_text_color=&#8221;#FFFFFF&#8221; header_font_size=&#8221;50px&#8221; header_line_height=&#8221;1.2em&#8221; header_2_font=&#8221;|||on|||||&#8221; header_2_text_align=&#8221;center&#8221; header_2_text_color=&#8221;#e1069c&#8221; header_2_font_size=&#8221;20px&#8221; text_orientation=&#8221;center&#8221; background_layout=&#8221;dark&#8221; locked=&#8221;off&#8221;]<\/p>\n<h2>sexualidade nua e crua<\/h2>\n<h1>Sexualidade da mulher com defici\u00eancia: mitos e verdades<\/h1>\n<p>[\/et_pb_text][\/et_pb_column][\/et_pb_row][\/et_pb_section][et_pb_section fb_built=&#8221;1&#8243; _builder_version=&#8221;4.9.4&#8243; _module_preset=&#8221;default&#8221; background_color_gradient_direction=&#8221;255deg&#8221; background_image=&#8221;https:\/\/webjornalismo.unicap.br\/sexualidade\/wp-content\/uploads\/2021\/05\/BG.png&#8221; parallax=&#8221;on&#8221; module_alignment=&#8221;center&#8221;][et_pb_row _builder_version=&#8221;4.9.4&#8243; _module_preset=&#8221;default&#8221; width_tablet=&#8221;&#8221; width_phone=&#8221;&#8221; width_last_edited=&#8221;on|desktop&#8221; max_width=&#8221;900px&#8221; module_alignment=&#8221;center&#8221;][et_pb_column type=&#8221;4_4&#8243; _builder_version=&#8221;4.9.4&#8243; _module_preset=&#8221;default&#8221;][et_pb_text _builder_version=&#8221;4.9.4&#8243; _module_preset=&#8221;default&#8221;]Por muito tempo, a sexualidade das mulheres PCDs era considerada anormal, pois elas eram vistas como hipersexualizadas, com desejos sempre incontrol\u00e1veis e exacerbados. Em contrapartida, muitas eram julgadas como assexuadas, j\u00e1 que eram rotuladas como algu\u00e9m que possu\u00eda disfun\u00e7\u00f5es sexuais relacionadas ao desejo, \u00e0 excita\u00e7\u00e3o e ao orgasmo. Por\u00e9m, a sexualidade da mulher com defici\u00eancia \u00e9 igual a de qualquer outro indiv\u00edduo.<\/p>\n<p>As  mulheres PCDs lutam diariamente pelo direito a desfrutarem da sexualidade, seja ela heteronormativa ou homoafetiva, j\u00e1 que por muitas vezes s\u00e3o consideradas incapazes de viverem uma vida sexuamente ativa, al\u00e9m de serem limitadas e estigmatizadas. Deste modo, o grupo feminino com defici\u00eancia trava uma guerra muito maior pela conquista da aceita\u00e7\u00e3o familiar, pela busca da autoestima, al\u00e9m da visibilidade sexual. Esse \u00e9 o caso da profissional de rela\u00e7\u00f5es p\u00fablicas, Andressa Linhares. Portadora de osteog\u00eanese imperfeita, tamb\u00e9m conhecida como \u201cossos de vidro\u201d, uma condi\u00e7\u00e3o caracterizada pela fragilidade \u00f3ssea,  Andressa descobriu-se lesbica com apenas treze anos. No come\u00e7o, seu maior medo era n\u00e3o ser aceita, pois al\u00e9m de ser uma mulher PCD, ela tinha receio de ser julgada por sua orienta\u00e7\u00e3o sexual. No v\u00eddeo abaixo, ela relata como foram suas primeiras experi\u00eancias sexuais, al\u00e9m dos desafios enfrentados em busca de uma sexualidade plena.[\/et_pb_text][\/et_pb_column][\/et_pb_row][et_pb_row _builder_version=&#8221;4.9.4&#8243; _module_preset=&#8221;default&#8221; width_tablet=&#8221;&#8221; width_phone=&#8221;&#8221; width_last_edited=&#8221;on|desktop&#8221; max_width=&#8221;900px&#8221; module_alignment=&#8221;center&#8221; global_colors_info=&#8221;{}&#8221;][et_pb_column type=&#8221;4_4&#8243; _builder_version=&#8221;4.9.4&#8243; _module_preset=&#8221;default&#8221;][et_pb_video src=&#8221;https:\/\/www.youtube.com\/watch?v=algUs2JDIWY&#8221; image_src=&#8221;\/\/i.ytimg.com\/vi\/algUs2JDIWY\/hqdefault.jpg&#8221; _builder_version=&#8221;4.9.4&#8243; _module_preset=&#8221;default&#8221; locked=&#8221;off&#8221;][\/et_pb_video][\/et_pb_column][\/et_pb_row][et_pb_row _builder_version=&#8221;4.9.4&#8243; _module_preset=&#8221;default&#8221; width_tablet=&#8221;&#8221; width_phone=&#8221;&#8221; width_last_edited=&#8221;on|desktop&#8221; max_width=&#8221;900px&#8221; module_alignment=&#8221;center&#8221; global_colors_info=&#8221;{}&#8221;][et_pb_column type=&#8221;4_4&#8243; _builder_version=&#8221;4.9.4&#8243; _module_preset=&#8221;default&#8221;][et_pb_text _builder_version=&#8221;4.9.4&#8243; _module_preset=&#8221;default&#8221;]A busca pela sexualidade muitas vezes \u00e9 vista como algo errado ou at\u00e9 prom\u00edscuo. Al\u00e9m disso, a sociedade enxerga as mulheres com defici\u00eancia de forma infantilizada e sem autonomia plena sobre seus corpos. Deste modo, o empoderamento da sexualidade da mulher PCD vai muito al\u00e9m do direito ao ato sexual, mas \u00e9 a conquista pela autoridade de seu papel como mulher na sociedade.<\/p>\n<p>A estudante de direito Nicole Aguiar, por diversas vezes sentiu-se infantilizada por ser uma mulher PCD. Al\u00e9m disso, Nicole em algumas ocasi\u00f5es foi taxada de incapaz de ter uma sexualidade, por ser uma pessoa com defici\u00eancia f\u00edsica. Abaixo, ela relata como foram os primeiros relacionamentos amorosos e a rea\u00e7\u00e3o da fam\u00edlia.[\/et_pb_text][\/et_pb_column][\/et_pb_row][et_pb_row _builder_version=&#8221;4.9.4&#8243; _module_preset=&#8221;default&#8221; width_tablet=&#8221;&#8221; width_phone=&#8221;&#8221; width_last_edited=&#8221;on|desktop&#8221; max_width=&#8221;900px&#8221; module_alignment=&#8221;center&#8221; global_colors_info=&#8221;{}&#8221;][et_pb_column type=&#8221;4_4&#8243; _builder_version=&#8221;4.9.4&#8243; _module_preset=&#8221;default&#8221;][et_pb_code _builder_version=&#8221;4.9.4&#8243; _module_preset=&#8221;default&#8221;]<iframe loading=\"lazy\" width=\"100%\" height=\"166\" scrolling=\"no\" frameborder=\"no\" allow=\"autoplay\" src=\"https:\/\/w.soundcloud.com\/player\/?url=https%3A\/\/api.soundcloud.com\/tracks\/1052925364&#038;color=%23e1089c&#038;auto_play=false&#038;hide_related=false&#038;show_comments=true&#038;show_user=true&#038;show_reposts=false&#038;show_teaser=true\"><\/iframe><!-- [et_pb_line_break_holder] --><!-- [et_pb_line_break_holder] --><\/p>\n<div style=\"font-size: 10px; color: #cccccc;line-break: anywhere;word-break: normal;overflow: hidden;white-space: nowrap;text-overflow: ellipsis; font-family: Interstate,Lucida Grande,Lucida Sans Unicode,Lucida Sans,Garuda,Verdana,Tahoma,sans-serif;font-weight: 100;\"><a href=\"https:\/\/webjornalismo.unicap.br\/sexualidade\/wp-content\/uploads\/2021\/05\/transcricao_nicole.txt\" title=\"Transcri\u00e7\u00e3o\" target=\"_blank\" style=\"color: #666666; text-decoration: none;\" rel=\"noopener\"> VER TRANSCRI\u00c7\u00c3O (.txt)<\/a><\/div>\n<p>[\/et_pb_code][\/et_pb_column][\/et_pb_row][et_pb_row _builder_version=&#8221;4.9.4&#8243; _module_preset=&#8221;default&#8221; width_tablet=&#8221;&#8221; width_phone=&#8221;&#8221; width_last_edited=&#8221;on|desktop&#8221; max_width=&#8221;900px&#8221; module_alignment=&#8221;center&#8221; global_colors_info=&#8221;{}&#8221;][et_pb_column type=&#8221;4_4&#8243; _builder_version=&#8221;4.9.4&#8243; _module_preset=&#8221;default&#8221;][et_pb_text _builder_version=&#8221;4.9.4&#8243; _module_preset=&#8221;default&#8221;]<\/p>\n<p>Muitas pessoas acham que falar de sexualidade \u00e9 o mesmo que falar de sexo. Contudo, o sexo refere-se a rela\u00e7\u00e3o sexual ou aos org\u00e3os genitais. Enquanto que o conceito de sexualidade est\u00e1 direcionado a tudo aquilo que somos capazes de sentir e expressar. Sendo assim, a sexualidade \u00e9 um aspecto na vida de um indiv\u00edduo que n\u00e3o pode ser separado de sua personalidade. Deste modo, a sexualidade da mulher PCD deve ser tratada com respeito e dignidade, pois representa sua originalidade.<\/p>\n<p>A Arquiteta Luna Nakano, reaprendeu sobre a sua sexualidade depois de se tornar uma mulher cadeirante. Luna, n\u00e3o sabe ao certo o diagn\u00f3stico o qual a levou a usar uma cadeira de rodas, por\u00e9m, convive com diversas limita\u00e7\u00f5es f\u00edsicas. No v\u00eddeo abaixo, ela relata quais foram as maiores dificuldades enfrentadas para aceitar-se como mulher PCD e viver plenamente a sexualidade.<\/p>\n<p>[\/et_pb_text][\/et_pb_column][\/et_pb_row][et_pb_row _builder_version=&#8221;4.9.4&#8243; _module_preset=&#8221;default&#8221; width_tablet=&#8221;&#8221; width_phone=&#8221;&#8221; width_last_edited=&#8221;on|desktop&#8221; max_width=&#8221;900px&#8221; module_alignment=&#8221;center&#8221; global_colors_info=&#8221;{}&#8221;][et_pb_column type=&#8221;4_4&#8243; _builder_version=&#8221;4.9.4&#8243; _module_preset=&#8221;default&#8221;][et_pb_video src=&#8221;https:\/\/www.youtube.com\/watch?v=5OmsywFZzN4&#8243; image_src=&#8221;\/\/i.ytimg.com\/vi\/5OmsywFZzN4\/hqdefault.jpg&#8221; _builder_version=&#8221;4.9.4&#8243; _module_preset=&#8221;default&#8221;][\/et_pb_video][\/et_pb_column][\/et_pb_row][et_pb_row _builder_version=&#8221;4.9.4&#8243; _module_preset=&#8221;default&#8221; width_tablet=&#8221;&#8221; width_phone=&#8221;&#8221; width_last_edited=&#8221;on|desktop&#8221; max_width=&#8221;900px&#8221; module_alignment=&#8221;center&#8221; global_colors_info=&#8221;{}&#8221;][et_pb_column type=&#8221;4_4&#8243; _builder_version=&#8221;4.9.4&#8243; _module_preset=&#8221;default&#8221;][et_pb_text _builder_version=&#8221;4.9.4&#8243; _module_preset=&#8221;default&#8221;]As mulheres com defici\u00eancia possuem o direito a reivindicarem sua sexualidade, independente da defici\u00eancia. Pois s\u00f3 \u00e9 atrav\u00e9s do empoderamento sexual que elas ir\u00e3o usufruir de uma vida plena em todos os sentidos.[\/et_pb_text][\/et_pb_column][\/et_pb_row][et_pb_row _builder_version=&#8221;4.9.4&#8243; _module_preset=&#8221;default&#8221; width_tablet=&#8221;&#8221; width_phone=&#8221;&#8221; width_last_edited=&#8221;on|desktop&#8221; max_width=&#8221;900px&#8221; module_alignment=&#8221;center&#8221; global_colors_info=&#8221;{}&#8221;][et_pb_column type=&#8221;4_4&#8243; _builder_version=&#8221;4.9.4&#8243; _module_preset=&#8221;default&#8221;][et_pb_text _builder_version=&#8221;4.9.4&#8243; _module_preset=&#8221;default&#8221; header_font=&#8221;|700|||||||&#8221; header_text_color=&#8221;#e1049c&#8221;]<\/p>\n<h1>Buscas pelo prazer sem barreiras!<\/h1>\n<p>As mulheres com defici\u00eancia podem desfrutar da sexualidade da melhor maneira que desejarem. Nessa procura, elas podem ter o apoio de profissionais especializados como: sex\u00f3logos, fisioterapeutas, psic\u00f3logos e todos os artif\u00edcios que possam auxiliar na busca pelo prazer e na identidade sexual e isto, nunca deve ser considerado errado ou ser julgado por quest\u00f5es morais.<\/p>\n<p>Contudo, a conquista pelo empoderamento sexual da mulher com defici\u00eancia \u00e9 constru\u00edda atrav\u00e9s de batalhas di\u00e1rias pela busca de um prazer sem barreiras e limita\u00e7\u00f5es. Para a sex\u00f3loga Geise Campelo, as mulheres PCDs demoram muito mais para conquistarem o empoderamento sexual, j\u00e1 que desde muito novas t\u00eam a sexualidade colocada de lado. Al\u00e9m disso, para ela muitas mulheres acham que necessitam colocar sempre o prazer do outro em primeiro lugar. No v\u00eddeo abaixo, Geise tamb\u00e9m relata como as mulheres com defici\u00eancia podem empoderar-se e desfrutar de uma sexualidade plena.<\/p>\n<p>[\/et_pb_text][\/et_pb_column][\/et_pb_row][et_pb_row _builder_version=&#8221;4.9.4&#8243; _module_preset=&#8221;default&#8221; width_tablet=&#8221;&#8221; width_phone=&#8221;&#8221; width_last_edited=&#8221;on|desktop&#8221; max_width=&#8221;900px&#8221; module_alignment=&#8221;center&#8221; global_colors_info=&#8221;{}&#8221;][et_pb_column type=&#8221;4_4&#8243; _builder_version=&#8221;4.9.4&#8243; _module_preset=&#8221;default&#8221;][et_pb_video src=&#8221;https:\/\/www.youtube.com\/watch?v=-74oimo-MOU&#8221; image_src=&#8221;\/\/i.ytimg.com\/vi\/-74oimo-MOU\/hqdefault.jpg&#8221; _builder_version=&#8221;4.9.4&#8243; _module_preset=&#8221;default&#8221;][\/et_pb_video][\/et_pb_column][\/et_pb_row][et_pb_row _builder_version=&#8221;4.9.4&#8243; _module_preset=&#8221;default&#8221; width_tablet=&#8221;&#8221; width_phone=&#8221;&#8221; width_last_edited=&#8221;on|desktop&#8221; max_width=&#8221;900px&#8221; module_alignment=&#8221;center&#8221; global_colors_info=&#8221;{}&#8221;][et_pb_column type=&#8221;4_4&#8243; _builder_version=&#8221;4.9.4&#8243; _module_preset=&#8221;default&#8221;][et_pb_text _builder_version=&#8221;4.9.4&#8243; _module_preset=&#8221;default&#8221;]A fisioterapia tamb\u00e9m \u00e9 um \u00f3timo artif\u00edcio para contribuir com o empoderamento quanto o assunto \u00e9 a sexualidade das mulheres PCDs. De acordo com a fisioterapeuta p\u00e9lvica Silvana Uch\u00f4a, qualquer mulher pode desfrutar de uma vida sexualmente ativa, independente de ter defici\u00eancia ou n\u00e3o. O que importa \u00e9 conhecer o pr\u00f3prio corpo e os pr\u00f3prios limites.[\/et_pb_text][\/et_pb_column][\/et_pb_row][et_pb_row _builder_version=&#8221;4.9.4&#8243; _module_preset=&#8221;default&#8221; width_tablet=&#8221;&#8221; width_phone=&#8221;&#8221; width_last_edited=&#8221;on|desktop&#8221; max_width=&#8221;900px&#8221; module_alignment=&#8221;center&#8221; global_colors_info=&#8221;{}&#8221;][et_pb_column type=&#8221;4_4&#8243; _builder_version=&#8221;4.9.4&#8243; _module_preset=&#8221;default&#8221;][et_pb_code _builder_version=&#8221;4.9.4&#8243; _module_preset=&#8221;default&#8221;]<iframe loading=\"lazy\" width=\"100%\" height=\"166\" scrolling=\"no\" frameborder=\"no\" allow=\"autoplay\" src=\"https:\/\/w.soundcloud.com\/player\/?url=https%3A\/\/api.soundcloud.com\/tracks\/1050965320&#038;color=%23e1089c&#038;auto_play=false&#038;hide_related=false&#038;show_comments=true&#038;show_user=true&#038;show_reposts=false&#038;show_teaser=true\"><\/iframe><!-- [et_pb_line_break_holder] --><!-- [et_pb_line_break_holder] --><\/p>\n<div style=\"font-size: 10px; color: #cccccc;line-break: anywhere;word-break: normal;overflow: hidden;white-space: nowrap;text-overflow: ellipsis; font-family: Interstate,Lucida Grande,Lucida Sans Unicode,Lucida Sans,Garuda,Verdana,Tahoma,sans-serif;font-weight: 100;\"><a href=\"https:\/\/webjornalismo.unicap.br\/sexualidade\/wp-content\/uploads\/2021\/05\/transcricao_fisioterapeuta.txt\" title=\"Transcri\u00e7\u00e3o\" target=\"_blank\" style=\"color: #666666; text-decoration: none;\" rel=\"noopener\"> VER TRANSCRI\u00c7\u00c3O (.txt)<\/a><\/div>\n<p>[\/et_pb_code][\/et_pb_column][\/et_pb_row][et_pb_row _builder_version=&#8221;4.9.4&#8243; _module_preset=&#8221;default&#8221; width_tablet=&#8221;&#8221; width_phone=&#8221;&#8221; width_last_edited=&#8221;on|desktop&#8221; max_width=&#8221;900px&#8221; module_alignment=&#8221;center&#8221; global_colors_info=&#8221;{}&#8221;][et_pb_column type=&#8221;4_4&#8243; _builder_version=&#8221;4.9.4&#8243; _module_preset=&#8221;default&#8221;][et_pb_text _builder_version=&#8221;4.9.4&#8243; _module_preset=&#8221;default&#8221;]A mulher com defici\u00eancia, diferente do que muitos pensam, tamb\u00e9m pode e deve empoderar-se nas rela\u00e7\u00f5es sexuais. Deste modo, um grupo de fisioterapeutas desenvolveu a \u201cCadeira Sutra\u2019\u2019. Inspirado no texto indiano sobre o comportamento sexual do ser humano, o Kama Sutra,  ilustra diversas posi\u00e7\u00f5es  sexuais que mais oferecem prazer a mulheres e pessoas com defici\u00eancias f\u00edsicas. <\/p>\n<p>Abaixo, as ilustra\u00e7\u00f5es expressam algumas das posi\u00e7\u00f5es sexuais espec\u00edficas para as mulheres PCDs.[\/et_pb_text][\/et_pb_column][\/et_pb_row][et_pb_row _builder_version=&#8221;4.9.4&#8243; _module_preset=&#8221;default&#8221; width_tablet=&#8221;&#8221; width_phone=&#8221;&#8221; width_last_edited=&#8221;on|desktop&#8221; max_width=&#8221;900px&#8221; module_alignment=&#8221;center&#8221; global_colors_info=&#8221;{}&#8221;][et_pb_column type=&#8221;4_4&#8243; _builder_version=&#8221;4.9.4&#8243; _module_preset=&#8221;default&#8221;][et_pb_gallery gallery_ids=&#8221;5143,5144,5145,5146,5147,5148,5149,5150&#8243; posts_number=&#8221;8&#8243; show_title_and_caption=&#8221;off&#8221; show_pagination=&#8221;off&#8221; _builder_version=&#8221;4.9.4&#8243; _module_preset=&#8221;default&#8221;][\/et_pb_gallery][\/et_pb_column][\/et_pb_row][et_pb_row _builder_version=&#8221;4.9.4&#8243; _module_preset=&#8221;default&#8221; width_tablet=&#8221;&#8221; width_phone=&#8221;&#8221; width_last_edited=&#8221;on|desktop&#8221; max_width=&#8221;900px&#8221; module_alignment=&#8221;center&#8221; global_colors_info=&#8221;{}&#8221;][et_pb_column type=&#8221;4_4&#8243; _builder_version=&#8221;4.9.4&#8243; _module_preset=&#8221;default&#8221;][et_pb_text _builder_version=&#8221;4.9.4&#8243; _module_preset=&#8221;default&#8221; hover_enabled=&#8221;0&#8243; sticky_enabled=&#8221;0&#8243;]<\/p>\n<p>Os sex shops tamb\u00e9m s\u00e3o um \u00f3timo artif\u00edcio para o empoderamento sexual das mulheres com defici\u00eancia. Contudo, poucos s\u00e3o adaptados para receber este p\u00fablico. O sex shop Doce Pimenta foi criado por Vanessa Pess\u00f4a em 2009 e tem como maior foco o prazer feminino. A loja \u00e9 totalmente adaptada para o acesso de pessoas com defici\u00eancia que queiram ir ao local. No v\u00eddeo abaixo, Let\u00edcia que \u00e9 vendedora da loja a sete anos relata quais s\u00e3o os melhores produtos para mulheres PCDs na busca pelo prazer.<\/p>\n<p>[\/et_pb_text][\/et_pb_column][\/et_pb_row][et_pb_row _builder_version=&#8221;4.9.4&#8243; _module_preset=&#8221;default&#8221; width_tablet=&#8221;&#8221; width_phone=&#8221;&#8221; width_last_edited=&#8221;on|desktop&#8221; max_width=&#8221;900px&#8221; module_alignment=&#8221;center&#8221; locked=&#8221;off&#8221; global_colors_info=&#8221;{}&#8221;][et_pb_column type=&#8221;4_4&#8243; _builder_version=&#8221;4.9.4&#8243; _module_preset=&#8221;default&#8221;][et_pb_video src=&#8221;https:\/\/www.youtube.com\/watch?v=KDB2Gcj1nxI&#8221; _builder_version=&#8221;4.9.4&#8243; _module_preset=&#8221;default&#8221; hover_enabled=&#8221;0&#8243; locked=&#8221;off&#8221; image_src=&#8221;\/\/i.ytimg.com\/vi\/KDB2Gcj1nxI\/hqdefault.jpg&#8221; sticky_enabled=&#8221;0&#8243;][\/et_pb_video][\/et_pb_column][\/et_pb_row][et_pb_row _builder_version=&#8221;4.9.4&#8243; _module_preset=&#8221;default&#8221; width_tablet=&#8221;&#8221; width_phone=&#8221;&#8221; width_last_edited=&#8221;on|desktop&#8221; max_width=&#8221;900px&#8221; module_alignment=&#8221;center&#8221; global_colors_info=&#8221;{}&#8221;][et_pb_column type=&#8221;4_4&#8243; _builder_version=&#8221;4.9.4&#8243; _module_preset=&#8221;default&#8221;][et_pb_text _builder_version=&#8221;4.9.4&#8243; _module_preset=&#8221;default&#8221;]<\/p>\n<p>Muitas mulheres com defici\u00eancia desejam aventurar-se no universo da sexualidade. Elas t\u00eam o desejo de experimentar novas possibilidades e novos espa\u00e7os. Mas, h\u00e1 uma prec\u00e1ria acessibilidade no mercado da sexualidade feminina PCD. Esse quadro \u00e9 representado com a escassez de mot\u00e9is acess\u00edveis no Grande Recife. Deste modo, abaixo voc\u00ea pode encontrar alguns dos mot\u00e9is no Grande Recife que possuem acessibilidade para mulheres PCDs.<\/p>\n<p>[\/et_pb_text][\/et_pb_column][\/et_pb_row][et_pb_row _builder_version=&#8221;4.9.4&#8243; _module_preset=&#8221;default&#8221; width_tablet=&#8221;&#8221; width_phone=&#8221;&#8221; width_last_edited=&#8221;on|desktop&#8221; max_width=&#8221;900px&#8221; module_alignment=&#8221;center&#8221; locked=&#8221;off&#8221; global_colors_info=&#8221;{}&#8221;][et_pb_column type=&#8221;4_4&#8243; _builder_version=&#8221;4.9.4&#8243; _module_preset=&#8221;default&#8221;][et_pb_code _builder_version=&#8221;4.9.4&#8243; _module_preset=&#8221;default&#8221;]<iframe loading=\"lazy\" src=\"https:\/\/www.google.com\/maps\/d\/u\/1\/embed?mid=1UDin9s5BcMACmKpphsgjP02O-juFHkar\" width=\"100%\" height=\"480\"><\/iframe>[\/et_pb_code][\/et_pb_column][\/et_pb_row][et_pb_row _builder_version=&#8221;4.9.4&#8243; _module_preset=&#8221;default&#8221; width_tablet=&#8221;&#8221; width_phone=&#8221;&#8221; width_last_edited=&#8221;on|desktop&#8221; max_width=&#8221;900px&#8221; module_alignment=&#8221;center&#8221; global_colors_info=&#8221;{}&#8221;][et_pb_column type=&#8221;4_4&#8243; _builder_version=&#8221;4.9.4&#8243; _module_preset=&#8221;default&#8221;][et_pb_text _builder_version=&#8221;4.9.4&#8243; _module_preset=&#8221;default&#8221;]<\/p>\n<p>A conquista das mulheres PCDs por uma sexualidade sem barreiras ainda tem muito a ser enfrentado. A defici\u00eancia n\u00e3o as limita de lutar pelos seus direitos e por seu lugar como mulher na sociedade. Deste modo, \u00e9 necess\u00e1rio desconstruir os r\u00f3tulos incapacitantes que foram impostos \u00e0s mulheres com defici\u00eancia e visualiz\u00e1-las em sua pura ess\u00eancia feminina.<\/p>\n<p>[\/et_pb_text][\/et_pb_column][\/et_pb_row][\/et_pb_section]<\/p>\n","protected":false},"excerpt":{"rendered":"<p>sexualidade nua e crua Sexualidade da mulher com defici\u00eancia: mitos e verdadesPor muito tempo, a sexualidade das mulheres PCDs era considerada anormal, pois elas eram vistas como hipersexualizadas, com desejos sempre incontrol\u00e1veis e exacerbados. Em contrapartida, muitas eram julgadas como assexuadas, j\u00e1 que eram rotuladas como algu\u00e9m que possu\u00eda disfun\u00e7\u00f5es sexuais relacionadas ao desejo, \u00e0 [&hellip;]<\/p>\n","protected":false},"author":1,"featured_media":0,"parent":0,"menu_order":0,"comment_status":"closed","ping_status":"closed","template":"","meta":{"_et_pb_use_builder":"on","_et_pb_old_content":"","_et_gb_content_width":""},"_links":{"self":[{"href":"https:\/\/webjornalismo.unicap.br\/sexualidade\/wp-json\/wp\/v2\/pages\/5094"}],"collection":[{"href":"https:\/\/webjornalismo.unicap.br\/sexualidade\/wp-json\/wp\/v2\/pages"}],"about":[{"href":"https:\/\/webjornalismo.unicap.br\/sexualidade\/wp-json\/wp\/v2\/types\/page"}],"author":[{"embeddable":true,"href":"https:\/\/webjornalismo.unicap.br\/sexualidade\/wp-json\/wp\/v2\/users\/1"}],"replies":[{"embeddable":true,"href":"https:\/\/webjornalismo.unicap.br\/sexualidade\/wp-json\/wp\/v2\/comments?post=5094"}],"version-history":[{"count":24,"href":"https:\/\/webjornalismo.unicap.br\/sexualidade\/wp-json\/wp\/v2\/pages\/5094\/revisions"}],"predecessor-version":[{"id":5474,"href":"https:\/\/webjornalismo.unicap.br\/sexualidade\/wp-json\/wp\/v2\/pages\/5094\/revisions\/5474"}],"wp:attachment":[{"href":"https:\/\/webjornalismo.unicap.br\/sexualidade\/wp-json\/wp\/v2\/media?parent=5094"}],"curies":[{"name":"wp","href":"https:\/\/api.w.org\/{rel}","templated":true}]}}