{"id":67,"date":"2019-05-09T16:40:59","date_gmt":"2019-05-09T19:40:59","guid":{"rendered":"http:\/\/webjornalismo.unicap.br\/pro-gamers\/?page_id=67"},"modified":"2019-06-11T15:31:36","modified_gmt":"2019-06-11T18:31:36","slug":"suporte-do-staff","status":"publish","type":"page","link":"https:\/\/webjornalismo.unicap.br\/pro-gamers\/suporte-do-staff\/","title":{"rendered":"Suporte do Staff"},"content":{"rendered":"<p>[et_pb_section fb_built=&#8221;1&#8243; fullwidth=&#8221;on&#8221; _builder_version=&#8221;3.22&#8243; box_shadow_position=&#8221;outer&#8221; custom_padding=&#8221;0px|||||&#8221; custom_margin=&#8221;|5%||5%&#8221;][et_pb_fullwidth_post_title meta=&#8221;off&#8221; featured_image=&#8221;off&#8221; _builder_version=&#8221;3.22&#8243; title_font=&#8221;||||||||&#8221; title_text_color=&#8221;#ffffff&#8221; title_font_size=&#8221;40px&#8221; background_image=&#8221;http:\/\/webjornalismo.unicap.br\/pro-gamers\/wp-content\/uploads\/2019\/06\/Orientation.png&#8221;][\/et_pb_fullwidth_post_title][\/et_pb_section][et_pb_section fb_built=&#8221;1&#8243; _builder_version=&#8221;3.22&#8243; box_shadow_position=&#8221;outer&#8221; custom_padding=&#8221;|||||&#8221; custom_margin=&#8221;|5%||5%&#8221;][et_pb_row custom_padding=&#8221;|5%||5%&#8221; _builder_version=&#8221;3.22&#8243;][et_pb_column type=&#8221;3_4&#8243; _builder_version=&#8221;3.22&#8243;][et_pb_text _builder_version=&#8221;3.22&#8243; text_font=&#8221;||||||||&#8221; text_orientation=&#8221;justified&#8221;]<\/p>\n<h1>Equipes t\u00eam profissionais t\u00e9cnicos e de gest\u00e3o<\/h1>\n<p style=\"text-align: left;\"><strong><em>Uma equipe de e-Sports n\u00e3o \u00e9 composta exclusivamente de jogadores. Para obter sucesso, os times contam ainda com equipes t\u00e9cnicas e de gest\u00e3o que cuidam da parte log\u00edstica e executiva para que os jogadores estejam em seus melhores estados para as partidas. No v\u00eddeo abaixo, conversamos com os membros respons\u00e1veis pelo lado t\u00e9cnico que fazem uma equipe funcionar: o CEO, o Coach (treinador), o Manager (gerente) e o Capit\u00e3o.<\/em><\/strong><\/p>\n<p>[\/et_pb_text][\/et_pb_column][et_pb_column type=&#8221;1_4&#8243; _builder_version=&#8221;3.22&#8243;][\/et_pb_column][\/et_pb_row][et_pb_row custom_padding=&#8221;|5%||5%&#8221; _builder_version=&#8221;3.22&#8243;][et_pb_column type=&#8221;4_4&#8243; _builder_version=&#8221;3.22&#8243;][et_pb_video src=&#8221;https:\/\/youtu.be\/wYaGC4nFRS0&#8243; _builder_version=&#8221;3.22&#8243;][\/et_pb_video][\/et_pb_column][\/et_pb_row][et_pb_row custom_padding=&#8221;|5%||5%&#8221; _builder_version=&#8221;3.22&#8243;][et_pb_column type=&#8221;3_4&#8243; _builder_version=&#8221;3.22&#8243;][et_pb_text _builder_version=&#8221;3.22&#8243; text_font=&#8221;||||||||&#8221; custom_padding=&#8221;||0px|||&#8221;]<\/p>\n<h1>Por um jogador saud\u00e1vel<\/h1>\n<p><strong><em>Al\u00e9m da equipe t\u00e9cnica, v\u00e1rios times contam ainda com acompanhamento de fisioterapeutas e\/ou psic\u00f3logos para manterem seus jogadores saud\u00e1veis, f\u00edsica e mentalmente. Conversamos com psic\u00f3logos e fisioterapeutas sobre os riscos a que jogadores de e-Sports est\u00e3o sujeitos.<\/em><\/strong><\/p>\n<p>[\/et_pb_text][et_pb_text _builder_version=&#8221;3.22&#8243; text_font=&#8221;||||||||&#8221;]<\/p>\n<p style=\"text-align: left;\"><span style=\"font-weight: 400;\">O caminho de um jogador de e-Sports pode parecer simples: precisa ser dedicado e seguir em busca do aperfei\u00e7oamento pr\u00f3prio nas mec\u00e2nicas de um jogo eletr\u00f4nico. Nunca se acomodar com algumas metas alcan\u00e7adas, ir atr\u00e1s de novas metas de melhorar cada vez mais. \u00a0Em outras palavras, passar horas e horas sentado, jogando videogame. Ao contr\u00e1rio dos esportes tradicionais, n\u00e3o exige exerc\u00edcio f\u00edsico, mas motor e mental. No entanto, assim como \u00e9 fato que os cyber-atletas devem se esfor\u00e7ar quase tanto quanto <\/span><span style=\"font-weight: 400;\">outros atletas profissionais,<\/span><span style=\"font-weight: 400;\"> eles tamb\u00e9m correm riscos para a pr\u00f3pria sa\u00fade mental e f\u00edsica e, por isso, contam com profissionais das \u00e1reas de psicologia e fisioterapia para dar suporte \u00e0 pr\u00e1tica. \u00a0<\/span><\/p>\n<p style=\"text-align: left;\"><span style=\"font-weight: 400;\">O fisioterapeuta Othayr Melo cita alguns dos riscos f\u00edsicos que podem afetar um cyber-atleta. \u201cDevido \u00e0 carga de treino excessiva dos movimentos repetitivos, principalmente nas falanges e no punho, podem ocorrer patologias como tendinite (inflama\u00e7\u00e3o do tend\u00e3o, uma estrutura fibrosa, como uma corda, que une o m\u00fasculo ao osso), artrose (doen\u00e7a que ataca as articula\u00e7\u00f5es promovendo, principalmente, o desgaste da cartilagem que recobre as extremidades dos ossos, mas que tamb\u00e9m danifica outros componentes articulares como os ligamentos, a membrana sinovial e o l\u00edquido sinovial), artrite (inflama\u00e7\u00e3o em uma ou mais articula\u00e7\u00f5es, que s\u00e3o as &#8220;juntas&#8221; entre dois ossos), entre outros sintomas\u201d, explica.<\/span><\/p>\n<p style=\"text-align: left;\"><span style=\"font-weight: 400;\">O estudante de fisioterapia, Icaro Caldas, acompanha voluntariamente a equipe Light Storm Gaming (LSG) e menciona outros riscos para a sa\u00fade f\u00edsica do jogador. \u201cO excesso de jogos pode trazer v\u00e1rios desconfortos f\u00edsicos, como problemas de postura, tens\u00e3o muscular. Tem jogador que, por passar muito tempo sentado, acaba ficando com uma postura errada, cria muita tens\u00e3o acumulada e tamb\u00e9m pode vir a sofrer com tendinite nos membros superiores\u201d, completa.<\/span><\/p>\n<p style=\"text-align: left;\"><span style=\"font-weight: 400;\">Fisioterapeutas nas equipes de e-Sports s\u00e3o respons\u00e1veis pela preven\u00e7\u00e3o de les\u00f5es por esfor\u00e7o repetitivo (LER), por dificultar ao m\u00e1ximo que a les\u00e3o venha a aparecer durante os campeonatos, al\u00e9m de tratar uma les\u00e3o o mais r\u00e1pido poss\u00edvel para o jogador ficar bem para os jogos e treinos. \u201cA gente faz alongamento antes dos treinos. Utilizamos de quiropraxia, que \u00e9 uma \u00e1rea que temos na fisioterapia para o ajuste corporal completo. Tamb\u00e9m procuramos realizar relaxamento muscular e sempre reeducar os jogadores da melhor forma poss\u00edvel para ficarem na postura correta\u201d, explica \u00cdcaro.<\/span><\/p>\n<p style=\"text-align: left;\"><span style=\"font-weight: 400;\">O jogador profissional n\u00e3o deve apenas tomar cuidado com sua sa\u00fade f\u00edsica, mas tamb\u00e9m com seu psicol\u00f3gico. Existe uma grande press\u00e3o sobre o jogador para ser habilidoso, pois para viver dessa profissionaliza\u00e7\u00e3o, ele tem que se destacar no cen\u00e1rio. Ser um atleta de e-Sports \u00e9 uma carreira arriscada, pois seu desempenho <\/span><span style=\"font-weight: 400;\">no jogo e nos torneios <\/span><span style=\"font-weight: 400;\">s\u00e3o os principais pontos que ir\u00e3o gerar frutos para se manter, como achar um patrocinador, receber pr\u00eamios de torneios, etc. Tamanha press\u00e3o, que pode ser auto infligida ou por terceiros, pode trazer riscos de ansiedade, baixa auto confian\u00e7a, coes\u00e3o do grupo, <\/span><span style=\"font-weight: 400;\">particularmente<\/span><span style=\"font-weight: 400;\"> em e-Sports de equipe como League of Legends, al\u00e9m de depress\u00e3o, entre outros problemas psicol\u00f3gicos que podem afligir um atleta. <\/span><\/p>\n<p style=\"text-align: left;\"><span style=\"font-weight: 400;\">Para combater esses riscos, jogadores e equipes de e-Sports procuram assist\u00eancia <\/span><span style=\"font-weight: 400;\">especializada<\/span><span style=\"font-weight: 400;\">. com a ajuda de psic\u00f3logos que \u00a0tratam do estado mental dos jogadores, ajudando a superar problemas que afetem seu psicol\u00f3gico, como a press\u00e3o do treino di\u00e1rio, estresse ap\u00f3s uma derrota, al\u00e9m de problemas pessoais com fam\u00edlia que n\u00e3o aceitas o profissionalismo em e-Sports, por exemplo. <\/span><\/p>\n<p style=\"text-align: left;\"><span style=\"font-weight: 400;\">IIgor Lemos \u00e9 psic\u00f3logo especializado em tratamento e acompanhamento de pacientes que interagem em excesso com eletr\u00f4nicos, tanto jogadores de e-Sports quanto pacientes enquadrados com depend\u00eancia de videogames, al\u00e9m de outros sintomas psicol\u00f3gicos provocados com intera\u00e7\u00f5es com eletr\u00f4nicos, como cyberbullying e cybercondria <\/span><span style=\"font-weight: 400;\">(<\/span><span style=\"font-weight: 400;\">tipo de comportamento, que se caracteriza pela pr\u00e1tica de chegar a conclus\u00f5es apressadas (ou err\u00f4neas) durante a busca na rede de algum assunto relacionado \u00e0 sa\u00fade)<\/span><span style=\"font-weight: 400;\">. Ele cita o m\u00e9todo que utiliza para acompanhar pacientes relacionados \u00e0 press\u00e3o exercida com a pr\u00e1tica de um e-Sport. <\/span><\/p>\n<p style=\"text-align: left;\"><span style=\"font-weight: 400;\">\u201cO que trabalhamos com esse tipo de paciente \u00e9 similar ao tratamento de pacientes concurseiros, pessoas que est\u00e3o buscando um melhor rendimento profissional. Ent\u00e3o trabalhamos com manejo de estresse, altera\u00e7\u00e3o de linhas de pensamentos de sabotagem, de pensamentos de que seu trabalho n\u00e3o tem valor ou de incompet\u00eancia. Ent\u00e3o, a gente reorganiza os aspectos cognitivos do paciente para que ele tenha um sucesso profissional maior. Se assemelha ao trabalho realizado de um coach em uma equipe. Mas n\u00e3o existe um formula especifica de como tratar o paciente, por que cada caso \u00e9 diferente e depende do paciente, ent\u00e3o cada tratamento acaba se tornando pessoal\u201d, conta.<\/span><\/p>\n<p style=\"text-align: left;\"><span style=\"font-weight: 400;\">Giulia Sotero \u00e9 estudante de psicologia na Faculdade Pernambucana de Sa\u00fade (FPS) e volunt\u00e1ria na LGS, assim como tamb\u00e9m j\u00e1 foi volunt\u00e1ria na Black Bulls Gaming (BBG). No decorrer de suas experi\u00eancias acompanhando equipes de e-Sports, ela percebe que \u00e9 uma \u00e1rea onde a psicologia ainda precisa amadurecer um pouco mais mas, ao mesmo tempo, percebe que o acompanhamento psicol\u00f3gico ainda n\u00e3o \u00e9 valorizado por diversas equipes e jogadores, sendo mais visto como algo procurado mais por rea\u00e7\u00e3o a um sintoma j\u00e1 apresentado, do que um fator necess\u00e1rio para o bem estar dos jogadores. Mesmo com essa dificuldade, Giulia acredita que o mercado de e-Sports apresenta uma demanda crescente de psic\u00f3logos para a \u00e1rea e s\u00f3 precisa \u201camadurecer\u201d, por parte dos jogadores e da psicologia, para mostrar resultados. <\/span><\/p>\n<p style=\"text-align: left;\"><span style=\"font-weight: 400;\">\u201cGeralmente trabalhamos em grupo, visto que a LBS joga um jogo de equipe, ent\u00e3o a gente faz din\u00e2micas de grupo, onde trabalhamos habilidades cognitivas que buscam trazer tanto divers\u00e3o, como reflex\u00e3o. A partir dessa reflex\u00e3o vemos o que eles podem trazer aos treinos e aos jogos. Individualmente, trabalhamos dependendo da quest\u00e3o que o atleta vem apresentando\u201d, conta. <\/span><\/p>\n<p style=\"text-align: left;\"><span style=\"font-weight: 400;\">J\u00falio Veloso, CEO da LSG, comenta o valor que v\u00ea em ter um fisioterapeuta e psic\u00f3loga acompanhando a equipe. \u201cTer essa assist\u00eancia de um psic\u00f3logo e fisioterapeuta \u00e9 muito importante para a equipe, por que a gente consegue fazer um acompanhamento psicol\u00f3gico de algum problema que nossos jogadores podem ter em casa, no trabalho ou na faculdade, se sofrem de algum problema que teve no passado e que possam influenciar no seu desempenho no jogo e esse acompanhamento \u00e9 muito importante para nos ajudar a mold\u00e1-los a serem o melhor de cada um como pessoa e como jogador\u201d, opina.<\/span><\/p>\n<p style=\"text-align: left;\"><span style=\"font-weight: 400;\">J\u00e1 Pedro Luna \u00e9 um dos dois coachs LSG e \u00e9 respons\u00e1vel por instruir os jogadores da equipe e ressalta como a cobran\u00e7a por resultados impacta o atleta. \u201c\u00c0s vezes os pr\u00f3prios jogadores se pressionam e se cobram demais, o que pode vir a prejudicar seu desempenho dentro da equipe e no jogo. Ter esse acompanhamento de psic\u00f3logo e fisioterapeuta nos ajuda muito a aliviar essa press\u00e3o sob os jogadores.\u201d<\/span><\/p>\n<p style=\"text-align: left;\"><span style=\"font-weight: 400;\">Apelidado de Gilgamesh no jogo <\/span><span style=\"font-weight: 400;\">League of Legends<\/span><span style=\"font-weight: 400;\">, Felipe Calabria \u00e9 um dos jogadores mais jovens da LSG. Como jogador, d\u00e1 grande valor \u00e0 assist\u00eancia de Giulia Sotero e Icaro Caldas como psic\u00f3loga e fisioterapeuta da LSG: \u201cN\u00e3o adianta de nada sermos o melhor time do mundo mas, no primeiro desentendimento, a equipe se desfazer. Ent\u00e3o, um psic\u00f3logo pode nos auxiliar a evitar isso, ajudar a gente a se entender melhor, algo que demanda tempo e esfor\u00e7o. N\u00e3o \u00e9 toda fam\u00edlia que vai concordar com um adolescente querer ser um jogador profissional. Isso gera desentendimento e conflito, e a psic\u00f3loga vai lhe ajudar a lidar com esses conflitos internos e externos. Al\u00e9m disso, os e-Sports exigem que voc\u00ea passe muito tempo sentado, muito tempo se esfor\u00e7ando na frente de um computador e o fisioterapeuta ajuda a n\u00e3o deixar isso fazer mal \u00e0 sa\u00fade.\u201d<\/span><\/p>\n<p style=\"text-align: left;\"><span style=\"font-weight: 400;\">Yuri Ramos, estudante de administra\u00e7\u00e3o na UFPE, foi um dos fundadores da Virtus UFPE e \u00e9 o manager da equipe. Biscoito, como \u00e9 apelidado no League of Legends, cita o valor que nota em ter o acompanhamento do psic\u00f3logo Walker Lima Filho para a equipe. \u201cConsidero um psic\u00f3logo algo muito importante. Para o time dar certo no jogo diante da press\u00e3o de uma partida de campeonato, eles precisam ter calma e saber lidar com a adversidade. Um psic\u00f3logo geralmente \u00e9 uma pessoa que passa essa tranquilidade. Consegue entender como cada jogador funciona para que, na hora que precisarem, poder atender cada um da melhor forma poss\u00edvel\u201d.<\/span><\/p>\n<p style=\"text-align: left;\"><span style=\"font-weight: 400;\">Os psic\u00f3logos e fisioterapeutas, como os futuros profissionais Icaro e Giulia, recomendam que as equipes e jogadores de e-Sports procurem o mais cedo poss\u00edvel por um acompanhamento para seus cyber-atletas e n\u00e3o deixem para buscar atendimento apenas quando os atletas j\u00e1 demonstrarem algum sintoma. Ter sa\u00fade f\u00edsica e mental para o jogador n\u00e3o apenas oferece benef\u00edcios para a sua performance no jogo, mas tamb\u00e9m melhora seu entrosamento com a equipe, f\u00e3s e familiares. \u00c9 recomendado que procurem atendimento em consult\u00f3rios particulares e que tenham consultas pelo menos uma vez por semana, mas quanto mais encontros semanais, melhores ser\u00e3o os resultados. <\/span><\/p>\n<p style=\"text-align: left;\"><span style=\"font-weight: 400;\">Sotero deixa uma recomenda\u00e7\u00e3o para os psic\u00f3logos que visam atuar no cen\u00e1rio dos e-Sports: \u201cArrisquem. Estudem o mercado. Tenham uma mente aberta. Eu sei que \u00e0s vezes pensamos que \u00e9 s\u00f3 um jogo, mas se for por esse lado, v\u00f4lei e futebol tamb\u00e9m s\u00e3o s\u00f3 um jogo. \u00c9 muito mais que s\u00f3 um jogo. As pessoas tem paix\u00e3o por isso e sonham em conquistar esse mercado, que tem crescido muito, numa rapidez que a psicologia n\u00e3o tem acompanhado. O psic\u00f3logo, assim como o fisioterapeuta, \u00e9 muito necess\u00e1rio nessa \u00e1rea. Ent\u00e3o o que eu digo \u00e9 conhe\u00e7am o mercado, abram a mente e venham que a gente precisa\u201d, convida.<\/span><\/p>\n<p>[\/et_pb_text][\/et_pb_column][et_pb_column type=&#8221;1_4&#8243; _builder_version=&#8221;3.22&#8243;][\/et_pb_column][\/et_pb_row][\/et_pb_section]<\/p>\n","protected":false},"excerpt":{"rendered":"<p>[et_pb_section fb_built=&#8221;1&#8243; fullwidth=&#8221;on&#8221; _builder_version=&#8221;3.22&#8243; box_shadow_position=&#8221;outer&#8221; custom_padding=&#8221;0px|||||&#8221; custom_margin=&#8221;|5%||5%&#8221;][et_pb_fullwidth_post_title meta=&#8221;off&#8221; featured_image=&#8221;off&#8221; _builder_version=&#8221;3.22&#8243; title_font=&#8221;||||||||&#8221; title_text_color=&#8221;#ffffff&#8221; title_font_size=&#8221;40px&#8221; background_image=&#8221;http:\/\/webjornalismo.unicap.br\/pro-gamers\/wp-content\/uploads\/2019\/06\/Orientation.png&#8221;][\/et_pb_fullwidth_post_title][\/et_pb_section][et_pb_section fb_built=&#8221;1&#8243; _builder_version=&#8221;3.22&#8243; box_shadow_position=&#8221;outer&#8221; custom_padding=&#8221;|||||&#8221; custom_margin=&#8221;|5%||5%&#8221;][et_pb_row custom_padding=&#8221;|5%||5%&#8221; _builder_version=&#8221;3.22&#8243;][et_pb_column type=&#8221;3_4&#8243; _builder_version=&#8221;3.22&#8243;][et_pb_text _builder_version=&#8221;3.22&#8243; text_font=&#8221;||||||||&#8221; text_orientation=&#8221;justified&#8221;] Equipes t\u00eam profissionais t\u00e9cnicos e de gest\u00e3o Uma equipe de e-Sports n\u00e3o \u00e9 composta exclusivamente de jogadores. Para obter sucesso, os times contam ainda com equipes t\u00e9cnicas e de [&hellip;]<\/p>\n","protected":false},"author":2,"featured_media":0,"parent":0,"menu_order":0,"comment_status":"closed","ping_status":"closed","template":"","meta":{"_et_pb_use_builder":"on","_et_pb_old_content":"","_et_gb_content_width":"","footnotes":""},"class_list":["post-67","page","type-page","status-publish","hentry"],"_links":{"self":[{"href":"https:\/\/webjornalismo.unicap.br\/pro-gamers\/wp-json\/wp\/v2\/pages\/67","targetHints":{"allow":["GET"]}}],"collection":[{"href":"https:\/\/webjornalismo.unicap.br\/pro-gamers\/wp-json\/wp\/v2\/pages"}],"about":[{"href":"https:\/\/webjornalismo.unicap.br\/pro-gamers\/wp-json\/wp\/v2\/types\/page"}],"author":[{"embeddable":true,"href":"https:\/\/webjornalismo.unicap.br\/pro-gamers\/wp-json\/wp\/v2\/users\/2"}],"replies":[{"embeddable":true,"href":"https:\/\/webjornalismo.unicap.br\/pro-gamers\/wp-json\/wp\/v2\/comments?post=67"}],"version-history":[{"count":21,"href":"https:\/\/webjornalismo.unicap.br\/pro-gamers\/wp-json\/wp\/v2\/pages\/67\/revisions"}],"predecessor-version":[{"id":293,"href":"https:\/\/webjornalismo.unicap.br\/pro-gamers\/wp-json\/wp\/v2\/pages\/67\/revisions\/293"}],"wp:attachment":[{"href":"https:\/\/webjornalismo.unicap.br\/pro-gamers\/wp-json\/wp\/v2\/media?parent=67"}],"curies":[{"name":"wp","href":"https:\/\/api.w.org\/{rel}","templated":true}]}}