{"id":63,"date":"2019-05-09T16:40:08","date_gmt":"2019-05-09T19:40:08","guid":{"rendered":"http:\/\/webjornalismo.unicap.br\/pro-gamers\/?page_id=63"},"modified":"2019-06-11T15:32:08","modified_gmt":"2019-06-11T18:32:08","slug":"extras","status":"publish","type":"page","link":"https:\/\/webjornalismo.unicap.br\/pro-gamers\/extras\/","title":{"rendered":"Extras"},"content":{"rendered":"<p>[et_pb_section fb_built=&#8221;1&#8243; fullwidth=&#8221;on&#8221; _builder_version=&#8221;3.22&#8243; box_shadow_position=&#8221;outer&#8221; custom_padding=&#8221;0px|||||&#8221; custom_margin=&#8221;|5%||5%&#8221;][et_pb_fullwidth_post_title meta=&#8221;off&#8221; featured_image=&#8221;off&#8221; _builder_version=&#8221;3.22&#8243; title_font=&#8221;||||||||&#8221; title_text_color=&#8221;#ffffff&#8221; title_font_size=&#8221;40px&#8221; background_image=&#8221;http:\/\/webjornalismo.unicap.br\/pro-gamers\/wp-content\/uploads\/2019\/05\/game-cos-5-1920&#215;1080.jpg&#8221;][\/et_pb_fullwidth_post_title][\/et_pb_section][et_pb_section fb_built=&#8221;1&#8243; _builder_version=&#8221;3.22&#8243; box_shadow_position=&#8221;outer&#8221; custom_padding=&#8221;|||||&#8221; custom_margin=&#8221;|5%||5%&#8221;][et_pb_row custom_padding=&#8221;|5%||5%&#8221; _builder_version=&#8221;3.22&#8243;][et_pb_column type=&#8221;4_4&#8243; _builder_version=&#8221;3.22&#8243;][et_pb_text _builder_version=&#8221;3.22&#8243;]<\/p>\n<h1>Entusiasmo pelo e-Sport<\/h1>\n<p>Para que um cen\u00e1rio esportivo tenha notoriedade, ele n\u00e3o precisa apenas do jogo e dos atletas, mas tamb\u00e9m de uma comunidade que suporta e consome o esporte. Dessa forma, os f\u00e3s e entusiastas de um esporte s\u00e3o t\u00e3o vitais quanto os atletas. Isso n\u00e3o \u00e9 diferente para os e-Sports. Confira abaixo uma entrevista com o Engenheiro de Computa\u00e7\u00e3o, Felipe Nunes Walmley, onde relata, entre outros assuntos, os motivos que o leva a acompanhar os campeonatos do cen\u00e1rio esportivo eletr\u00f4nico do jogo Overwatch:<\/p>\n<p>[\/et_pb_text][\/et_pb_column][\/et_pb_row][et_pb_row custom_padding=&#8221;|5%||5%&#8221; _builder_version=&#8221;3.22&#8243;][et_pb_column type=&#8221;4_4&#8243; _builder_version=&#8221;3.22&#8243;][et_pb_video src=&#8221;https:\/\/youtu.be\/bZanLkoibe4&#8243; _builder_version=&#8221;3.22&#8243;][\/et_pb_video][\/et_pb_column][\/et_pb_row][\/et_pb_section]<\/p>\n","protected":false},"excerpt":{"rendered":"<p>[et_pb_section fb_built=&#8221;1&#8243; fullwidth=&#8221;on&#8221; _builder_version=&#8221;3.22&#8243; box_shadow_position=&#8221;outer&#8221; custom_padding=&#8221;0px|||||&#8221; custom_margin=&#8221;|5%||5%&#8221;][et_pb_fullwidth_post_title meta=&#8221;off&#8221; featured_image=&#8221;off&#8221; _builder_version=&#8221;3.22&#8243; title_font=&#8221;||||||||&#8221; title_text_color=&#8221;#ffffff&#8221; title_font_size=&#8221;40px&#8221; background_image=&#8221;http:\/\/webjornalismo.unicap.br\/pro-gamers\/wp-content\/uploads\/2019\/05\/game-cos-5-1920&#215;1080.jpg&#8221;][\/et_pb_fullwidth_post_title][\/et_pb_section][et_pb_section fb_built=&#8221;1&#8243; _builder_version=&#8221;3.22&#8243; box_shadow_position=&#8221;outer&#8221; custom_padding=&#8221;|||||&#8221; custom_margin=&#8221;|5%||5%&#8221;][et_pb_row custom_padding=&#8221;|5%||5%&#8221; _builder_version=&#8221;3.22&#8243;][et_pb_column type=&#8221;4_4&#8243; _builder_version=&#8221;3.22&#8243;][et_pb_text _builder_version=&#8221;3.22&#8243;] Entusiasmo pelo e-Sport Para que um cen\u00e1rio esportivo tenha notoriedade, ele n\u00e3o precisa apenas do jogo e dos atletas, mas tamb\u00e9m de uma comunidade que suporta e consome o esporte. Dessa [&hellip;]<\/p>\n","protected":false},"author":2,"featured_media":0,"parent":0,"menu_order":0,"comment_status":"closed","ping_status":"closed","template":"","meta":{"_et_pb_use_builder":"on","_et_pb_old_content":"","_et_gb_content_width":"","footnotes":""},"class_list":["post-63","page","type-page","status-publish","hentry"],"_links":{"self":[{"href":"https:\/\/webjornalismo.unicap.br\/pro-gamers\/wp-json\/wp\/v2\/pages\/63","targetHints":{"allow":["GET"]}}],"collection":[{"href":"https:\/\/webjornalismo.unicap.br\/pro-gamers\/wp-json\/wp\/v2\/pages"}],"about":[{"href":"https:\/\/webjornalismo.unicap.br\/pro-gamers\/wp-json\/wp\/v2\/types\/page"}],"author":[{"embeddable":true,"href":"https:\/\/webjornalismo.unicap.br\/pro-gamers\/wp-json\/wp\/v2\/users\/2"}],"replies":[{"embeddable":true,"href":"https:\/\/webjornalismo.unicap.br\/pro-gamers\/wp-json\/wp\/v2\/comments?post=63"}],"version-history":[{"count":8,"href":"https:\/\/webjornalismo.unicap.br\/pro-gamers\/wp-json\/wp\/v2\/pages\/63\/revisions"}],"predecessor-version":[{"id":299,"href":"https:\/\/webjornalismo.unicap.br\/pro-gamers\/wp-json\/wp\/v2\/pages\/63\/revisions\/299"}],"wp:attachment":[{"href":"https:\/\/webjornalismo.unicap.br\/pro-gamers\/wp-json\/wp\/v2\/media?parent=63"}],"curies":[{"name":"wp","href":"https:\/\/api.w.org\/{rel}","templated":true}]}}