{"id":2,"date":"2019-04-11T08:16:32","date_gmt":"2019-04-11T11:16:32","guid":{"rendered":"http:\/\/webjornalismo.unicap.br\/pro-gamers\/?page_id=2"},"modified":"2019-06-11T15:32:48","modified_gmt":"2019-06-11T18:32:48","slug":"home","status":"publish","type":"page","link":"https:\/\/webjornalismo.unicap.br\/pro-gamers\/","title":{"rendered":"Home"},"content":{"rendered":"<p>[et_pb_section fb_built=&#8221;1&#8243; admin_label=&#8221;section&#8221; _builder_version=&#8221;3.22&#8243; background_color=&#8221;rgba(0,0,0,0)&#8221; parallax=&#8221;on&#8221; parallax_method=&#8221;off&#8221; custom_margin=&#8221;|||&#8221; custom_padding=&#8221;0px|5%|0px|5%&#8221;][et_pb_row custom_padding=&#8221;||0px&#8221; make_equal=&#8221;on&#8221; padding_top_1=&#8221;0px&#8221; padding_bottom_1=&#8221;0px&#8221; admin_label=&#8221;row&#8221; module_class=&#8221; et_pb_row_fullwidth&#8221; _builder_version=&#8221;3.22&#8243; background_size=&#8221;initial&#8221; background_position=&#8221;top_left&#8221; background_repeat=&#8221;repeat&#8221; width=&#8221;89%&#8221; width_tablet=&#8221;80%&#8221; width_last_edited=&#8221;on|desktop&#8221; max_width=&#8221;89%&#8221; max_width_tablet=&#8221;80%&#8221; max_width_last_edited=&#8221;on|desktop&#8221; make_fullwidth=&#8221;on&#8221;][et_pb_column type=&#8221;4_4&#8243; _builder_version=&#8221;3.0.47&#8243;][et_pb_slider _builder_version=&#8221;3.22&#8243; background_image=&#8221;http:\/\/webjornalismo.unicap.br\/pro-gamers\/wp-content\/uploads\/2019\/06\/LS-Jogando.png&#8221;][et_pb_slide heading=&#8221;Recife tem cen\u00e1rio t\u00edmido para os e-Sports&#8221; button_text=&#8221;saiba mais&#8221; button_link=&#8221;http:\/\/webjornalismo.unicap.br\/pro-gamers\/cenario-dos-e-sports-no-recife\/&#8221; use_bg_overlay=&#8221;off&#8221; use_text_overlay=&#8221;on&#8221; text_overlay_color=&#8221;rgba(0,0,0,0.55)&#8221; _builder_version=&#8221;3.22&#8243; header_font=&#8221;Aldrich|700|||||||&#8221; body_font=&#8221;Abel||||||||&#8221; body_font_size=&#8221;20px&#8221; custom_button=&#8221;on&#8221; button_font=&#8221;Aldrich||||||||&#8221; button_use_icon=&#8221;on&#8221; button_icon=&#8221;%%36%%&#8221; link_option_url=&#8221;http:\/\/webjornalismo.unicap.br\/pro-gamers\/cenario-dos-e-sports-no-recife\/&#8221;]<\/p>\n<p>Apesar de ser um polo de tecnologia reconhecido entre os maiores do Brasil, a capital pernambucana ainda n\u00e3o apresenta uma cena atrativa para quem quer viver profissionalmente da pr\u00e1tica de jogos eletr\u00f4nicos. Falta agenda de torneios, mais investimentos e patroc\u00ednios<\/p>\n<p>[\/et_pb_slide][\/et_pb_slider][\/et_pb_column][\/et_pb_row][et_pb_row custom_padding=&#8221;40px|40px|40px|40px&#8221; custom_margin=&#8221;||&#8221; make_equal=&#8221;on&#8221; module_class=&#8221; et_pb_row_fullwidth&#8221; _builder_version=&#8221;3.22&#8243; background_color=&#8221;#000000&#8243; width=&#8221;89%&#8221; width_tablet=&#8221;80%&#8221; width_last_edited=&#8221;on|desktop&#8221; max_width=&#8221;89%&#8221; max_width_tablet=&#8221;80%&#8221; max_width_last_edited=&#8221;on|desktop&#8221; make_fullwidth=&#8221;on&#8221;][et_pb_column type=&#8221;1_3&#8243; _builder_version=&#8221;3.21.1&#8243;][et_pb_blurb title=&#8221;Suporte para corpo e mente&#8221; url=&#8221;http:\/\/webjornalismo.unicap.br\/pro-gamers\/suporte-do-staff\/&#8221; image=&#8221;http:\/\/webjornalismo.unicap.br\/pro-gamers\/wp-content\/uploads\/2019\/06\/Orientation.png&#8221; _builder_version=&#8221;3.22&#8243; header_font=&#8221;Aldrich||||||||&#8221; header_font_size=&#8221;18px&#8221; body_font=&#8221;Abel||||||||&#8221; body_font_size=&#8221;16px&#8221; background_layout=&#8221;dark&#8221; link_option_url=&#8221;http:\/\/webjornalismo.unicap.br\/pro-gamers\/suporte-do-staff\/&#8221;]<\/p>\n<p>Equipes que se pretendem profissionais de e-Sports contam com suporte de profissionais tando para gerir a parte executiva dos times quanto para garantir a sa\u00fade f\u00edsica e mental dos jogadores<\/p>\n<p>[\/et_pb_blurb][\/et_pb_column][et_pb_column type=&#8221;1_3&#8243; _builder_version=&#8221;3.21.1&#8243;][et_pb_blurb title=&#8221;Pol\u00eamica sobre defini\u00e7\u00e3o&#8221; url=&#8221;http:\/\/webjornalismo.unicap.br\/pro-gamers\/e-sports-e-ou-nao-esporte\/&#8221; image=&#8221;http:\/\/webjornalismo.unicap.br\/pro-gamers\/wp-content\/uploads\/2019\/06\/chamada3.jpg&#8221; _builder_version=&#8221;3.22&#8243; header_font=&#8221;Aldrich||||||||&#8221; header_font_size=&#8221;18px&#8221; body_font=&#8221;Abel||||||||&#8221; body_font_size=&#8221;16px&#8221; background_layout=&#8221;dark&#8221; link_option_url=&#8221;http:\/\/webjornalismo.unicap.br\/pro-gamers\/e-sports-e-ou-nao-esporte\/&#8221; locked=&#8221;off&#8221;]<\/p>\n<p>Est\u00e1dio lotados, transmiss\u00f5es em canais de Esportes e grandes campeonatos que distribuem milh\u00f5es em pr\u00eamios. Afinal, os e-Sports s\u00e3o ou n\u00e3o modalidades esportivas? Ser\u00e1 que estar\u00e3o nas Olimp\u00edadas?<\/p>\n<p>[\/et_pb_blurb][\/et_pb_column][et_pb_column type=&#8221;1_3&#8243; _builder_version=&#8221;3.21.1&#8243;][et_pb_blurb title=&#8221;Hist\u00f3ria data da d\u00e9cada de 70&#8243; url=&#8221;http:\/\/webjornalismo.unicap.br\/pro-gamers\/historia-dos-e-sports\/&#8221; image=&#8221;http:\/\/webjornalismo.unicap.br\/pro-gamers\/wp-content\/uploads\/2019\/06\/Old-Times.jpeg&#8221; _builder_version=&#8221;3.22&#8243; header_font=&#8221;Aldrich||||||||&#8221; header_font_size=&#8221;18px&#8221; body_font=&#8221;Abel||||||||&#8221; body_font_size=&#8221;16px&#8221; background_layout=&#8221;dark&#8221; link_option_url=&#8221;http:\/\/webjornalismo.unicap.br\/pro-gamers\/historia-dos-e-sports\/&#8221; locked=&#8221;off&#8221;]<\/p>\n<p>Primeiro torneio de videogame do mundo foi disputado em 1972, na Universidade de Stanford, nos EUA. De l\u00e1 para c\u00e1, al\u00e9m das interfaces dos games, muita coisa mudou no cen\u00e1rio internacional<\/p>\n<p>[\/et_pb_blurb][\/et_pb_column][\/et_pb_row][et_pb_row custom_padding=&#8221;60px||60px||false|false&#8221; custom_margin=&#8221;||&#8221; module_class=&#8221; et_pb_row_fullwidth&#8221; _builder_version=&#8221;3.22&#8243; background_color=&#8221;rgba(0,0,0,0.8)&#8221; width=&#8221;89%&#8221; width_tablet=&#8221;80%&#8221; width_last_edited=&#8221;on|desktop&#8221; max_width=&#8221;89%&#8221; max_width_tablet=&#8221;80%&#8221; max_width_last_edited=&#8221;on|desktop&#8221; make_fullwidth=&#8221;on&#8221;][et_pb_column type=&#8221;4_4&#8243; _builder_version=&#8221;3.21.1&#8243;][et_pb_cta title=&#8221;Expediente&#8221; _builder_version=&#8221;3.22&#8243; background_color=&#8221;#903a48&#8243;]<\/p>\n<p>Trabalho de conclus\u00e3o de curso de Jornalismo da Universidade Cat\u00f3lica de Pernambuco<br \/> Realiza\u00e7\u00e3o: Jo\u00e3o Lucas de M. Teixeira<br \/> Orienta\u00e7\u00e3o: Carolina Monteiro<\/p>\n<p>[\/et_pb_cta][\/et_pb_column][\/et_pb_row][\/et_pb_section]<\/p>\n","protected":false},"excerpt":{"rendered":"<p>[et_pb_section fb_built=&#8221;1&#8243; admin_label=&#8221;section&#8221; _builder_version=&#8221;3.22&#8243; background_color=&#8221;rgba(0,0,0,0)&#8221; parallax=&#8221;on&#8221; parallax_method=&#8221;off&#8221; custom_margin=&#8221;|||&#8221; custom_padding=&#8221;0px|5%|0px|5%&#8221;][et_pb_row custom_padding=&#8221;||0px&#8221; make_equal=&#8221;on&#8221; padding_top_1=&#8221;0px&#8221; padding_bottom_1=&#8221;0px&#8221; admin_label=&#8221;row&#8221; module_class=&#8221; et_pb_row_fullwidth&#8221; _builder_version=&#8221;3.22&#8243; background_size=&#8221;initial&#8221; background_position=&#8221;top_left&#8221; background_repeat=&#8221;repeat&#8221; width=&#8221;89%&#8221; width_tablet=&#8221;80%&#8221; width_last_edited=&#8221;on|desktop&#8221; max_width=&#8221;89%&#8221; max_width_tablet=&#8221;80%&#8221; max_width_last_edited=&#8221;on|desktop&#8221; make_fullwidth=&#8221;on&#8221;][et_pb_column type=&#8221;4_4&#8243; _builder_version=&#8221;3.0.47&#8243;][et_pb_slider _builder_version=&#8221;3.22&#8243; background_image=&#8221;http:\/\/webjornalismo.unicap.br\/pro-gamers\/wp-content\/uploads\/2019\/06\/LS-Jogando.png&#8221;][et_pb_slide heading=&#8221;Recife tem cen\u00e1rio t\u00edmido para os e-Sports&#8221; button_text=&#8221;saiba mais&#8221; button_link=&#8221;http:\/\/webjornalismo.unicap.br\/pro-gamers\/cenario-dos-e-sports-no-recife\/&#8221; use_bg_overlay=&#8221;off&#8221; use_text_overlay=&#8221;on&#8221; text_overlay_color=&#8221;rgba(0,0,0,0.55)&#8221; _builder_version=&#8221;3.22&#8243; header_font=&#8221;Aldrich|700|||||||&#8221; body_font=&#8221;Abel||||||||&#8221; body_font_size=&#8221;20px&#8221; custom_button=&#8221;on&#8221; button_font=&#8221;Aldrich||||||||&#8221; button_use_icon=&#8221;on&#8221; button_icon=&#8221;%%36%%&#8221; link_option_url=&#8221;http:\/\/webjornalismo.unicap.br\/pro-gamers\/cenario-dos-e-sports-no-recife\/&#8221;] Apesar de [&hellip;]<\/p>\n","protected":false},"author":1,"featured_media":0,"parent":0,"menu_order":0,"comment_status":"closed","ping_status":"closed","template":"","meta":{"_et_pb_use_builder":"on","_et_pb_old_content":"<!-- wp:paragraph -->\n<p>Esta \u00e9 uma p\u00e1gina de exemplo. \u00c9 diferente de um post no blog porque ela permanecer\u00e1 em um lugar e aparecer\u00e1 na navega\u00e7\u00e3o do seu site na maioria dos temas. Muitas pessoas come\u00e7am com uma p\u00e1gina que as apresenta a poss\u00edveis visitantes do site. Ela pode dizer algo assim:<\/p>\n<!-- \/wp:paragraph -->\n\n<!-- wp:quote -->\n<blockquote class=\"wp-block-quote\"><p>Ol\u00e1! Eu sou um mensageiro de bicicleta durante o dia, ator aspirante \u00e0 noite, e este \u00e9 o meu site. Eu moro em S\u00e3o Paulo, tenho um grande cachorro chamado Rex e gosto de tomar caipirinha (e banhos de chuva).<\/p><\/blockquote>\n<!-- \/wp:quote -->\n\n<!-- wp:paragraph -->\n<p>...ou alguma coisa assim:<\/p>\n<!-- \/wp:paragraph -->\n\n<!-- wp:quote -->\n<blockquote class=\"wp-block-quote\"><p>A Companhia de Miniaturas XYZ foi fundada em 1971, e desde ent\u00e3o tem fornecido miniaturas de qualidade ao p\u00fablico. Localizada na cidade de Itu, a XYZ emprega mais de 2.000 pessoas e faz coisas grandiosas para a comunidade da cidade.<\/p><\/blockquote>\n<!-- \/wp:quote -->\n\n<!-- wp:paragraph -->\n<p>Como um novo usu\u00e1rio do WordPress, voc\u00ea deveria ir ao <a href=\"http:\/\/webjornalismo.unicap.br\/pro-gamers\/wp-admin\/\">painel<\/a> para excluir essa p\u00e1gina e criar novas p\u00e1ginas para o seu conte\u00fado. Divirta-se!<\/p>\n<!-- \/wp:paragraph -->","_et_gb_content_width":"","footnotes":""},"class_list":["post-2","page","type-page","status-publish","hentry"],"_links":{"self":[{"href":"https:\/\/webjornalismo.unicap.br\/pro-gamers\/wp-json\/wp\/v2\/pages\/2","targetHints":{"allow":["GET"]}}],"collection":[{"href":"https:\/\/webjornalismo.unicap.br\/pro-gamers\/wp-json\/wp\/v2\/pages"}],"about":[{"href":"https:\/\/webjornalismo.unicap.br\/pro-gamers\/wp-json\/wp\/v2\/types\/page"}],"author":[{"embeddable":true,"href":"https:\/\/webjornalismo.unicap.br\/pro-gamers\/wp-json\/wp\/v2\/users\/1"}],"replies":[{"embeddable":true,"href":"https:\/\/webjornalismo.unicap.br\/pro-gamers\/wp-json\/wp\/v2\/comments?post=2"}],"version-history":[{"count":23,"href":"https:\/\/webjornalismo.unicap.br\/pro-gamers\/wp-json\/wp\/v2\/pages\/2\/revisions"}],"predecessor-version":[{"id":303,"href":"https:\/\/webjornalismo.unicap.br\/pro-gamers\/wp-json\/wp\/v2\/pages\/2\/revisions\/303"}],"wp:attachment":[{"href":"https:\/\/webjornalismo.unicap.br\/pro-gamers\/wp-json\/wp\/v2\/media?parent=2"}],"curies":[{"name":"wp","href":"https:\/\/api.w.org\/{rel}","templated":true}]}}