{"id":184,"date":"2019-06-07T16:59:49","date_gmt":"2019-06-07T19:59:49","guid":{"rendered":"http:\/\/webjornalismo.unicap.br\/pro-gamers\/?page_id=184"},"modified":"2024-04-17T14:00:09","modified_gmt":"2024-04-17T17:00:09","slug":"sobre","status":"publish","type":"page","link":"https:\/\/webjornalismo.unicap.br\/pro-gamers\/sobre\/","title":{"rendered":"Sobre"},"content":{"rendered":"<p>[et_pb_section fb_built=&#8221;1&#8243; fullwidth=&#8221;on&#8221; _builder_version=&#8221;3.22&#8243; custom_margin=&#8221;|5%||5%&#8221; custom_padding=&#8221;|||||&#8221;][et_pb_fullwidth_post_title meta=&#8221;off&#8221; featured_image=&#8221;off&#8221; _builder_version=&#8221;3.22&#8243; title_font=&#8221;||||||||&#8221; title_text_color=&#8221;#ffffff&#8221; title_font_size=&#8221;40px&#8221; background_image=&#8221;http:\/\/webjornalismo.unicap.br\/pro-gamers\/wp-content\/uploads\/2019\/06\/overwatch-world-cup-2018-groups-revealed-626&#215;314-1.jpg&#8221;][\/et_pb_fullwidth_post_title][\/et_pb_section][et_pb_section fb_built=&#8221;1&#8243; _builder_version=&#8221;3.22&#8243; custom_margin=&#8221;|5%||5%&#8221; custom_padding=&#8221;|||||&#8221;][et_pb_row _builder_version=&#8221;3.25&#8243; custom_padding=&#8221;|5%||5%&#8221; column_structure=&#8221;3_4,1_4&#8243;][et_pb_column type=&#8221;3_4&#8243; _builder_version=&#8221;3.25&#8243; custom_padding=&#8221;|||&#8221; custom_padding__hover=&#8221;|||&#8221;][et_pb_text _builder_version=&#8221;3.27.4&#8243;]<\/p>\n<h2 style=\"background-color: #ffffff;\">Nota do autor<\/h2>\n<p>&nbsp;<\/p>\n<p>Hesitei muito antes de entrar no curso de Jornalismo da Unicap, visto que nunca tive muito interesse no ramo. Costumava ler\/assistir apenas as mat\u00e9rias sobre temas que me interessavam. Tentei outros dois cursos antes de Jornalismo, mas ambos n\u00e3o me agradaram. Foi s\u00f3 depois de uma conversa com minha fam\u00edlia que decidi tentar jornalismo, pois sempre gostei muito de escrever, ler, contar hist\u00f3rias e j\u00e1 tinha interesse em edi\u00e7\u00e3o de v\u00eddeo, uma das coisas que mais gostei de aprender no decorrer do curso.<\/p>\n<p>Este trabalho surgiu ap\u00f3s uma conversa com dois professores que j\u00e1 me acompanharam nesses cursos anteriores: Prof Breno Carvalho e Prof Anthony Lins, que me sugeriram abordar o cen\u00e1rio de e-Sports de Recife, visto que sempre gostei de video-games. Me surpreendi no caminho at\u00e9 a conclus\u00e3o do projeto, com um cen\u00e1rio promissor, mas que ainda engatinha e equipes bastante acolhedoras.\u00a0\u00a0<\/p>\n<p>Queria dar meus agradecimentos especiais \u00e0 minha professora orientadora, Carolina, que me orientou como pode no decorrer da produ\u00e7\u00e3o deste projeto, mesmo estando com uma a gente bem ocupada, e tamb\u00e9m a &#8216;Jota&#8217; Bosco, que fez este site para meu trabalho. Tamb\u00e9m um agradecimento especial a meus amigos que me deram apoio e me ajudaram a encontrar personagens pro trabalho.. N\u00e3o poderia faltar meus agradecimentos \u00e0 minha fam\u00edlia, que me ajudaram como puderam, mesmo n\u00e3o tendo muito conhecimento sobre e-Sports, al\u00e9m de, \u00e9 claro, Amanda Barros, minha melhor amiga, que me apoiou e me deu for\u00e7as a continuar meu projeto. E finalmente, \u00e0s equipes Light Storm Gaming e Virtus UFPE, que me acolheram de bra\u00e7os abertos para realizar as entrevistas mais vitais para o projeto.<\/p>\n<p>&nbsp;<\/p>\n<h2>Expediente<\/h2>\n<p>Produ\u00e7\u00e3o e reportagem: Jo\u00e3o Lucas Teixeira<br \/> Orienta\u00e7\u00e3o: Carolina Monteiro<br \/> Imagens e edi\u00e7\u00e3o de v\u00eddeo: Jo\u00e3o Lucas de M. Teixeira<br \/> Webdesign: Jota Bosco<\/p>\n<p>Este projeto \u00e9 um trabalho de conclus\u00e3o de curso de Jornalismo da Universidade Cat\u00f3lica de Pernambuco<\/p>\n<p>[\/et_pb_text][\/et_pb_column][et_pb_column type=&#8221;1_4&#8243; _builder_version=&#8221;3.25&#8243; custom_padding=&#8221;|||&#8221; custom_padding__hover=&#8221;|||&#8221;][et_pb_testimonial author=&#8221;Jo\u00e3o Lucas de Medeiros Teixeira&#8221; portrait_url=&#8221;http:\/\/webjornalismo.unicap.br\/pro-gamers\/wp-content\/uploads\/2019\/06\/Perfil.jpg&#8221; quote_icon=&#8221;off&#8221; _builder_version=&#8221;3.22&#8243;]<\/p>\n<p style=\"text-align: center;\">Apaixonado por games desde pequeno, Jo\u00e3o Lucas escolheu o cen\u00e1rio de e-Sports na cidade natal como Trabalho de Conclus\u00e3o do Curso de Jornalismo na Universidade Cat\u00f3lica de Pernambuco (Unicap).<\/p>\n<p>[\/et_pb_testimonial][\/et_pb_column][\/et_pb_row][et_pb_row _builder_version=&#8221;3.25&#8243; custom_padding=&#8221;|5%||5%&#8221; column_structure=&#8221;1_2,1_2&#8243;][et_pb_column type=&#8221;1_2&#8243; _builder_version=&#8221;3.25&#8243; custom_padding=&#8221;|||&#8221; custom_padding__hover=&#8221;|||&#8221;][et_pb_testimonial author=&#8221;Carolina Monteiro&#8221; job_title=&#8221;Professora e Orientadora&#8221; company_name=&#8221;Universidade Cat\u00f3lica de Pernambuco (Unicap)&#8221; portrait_url=&#8221;http:\/\/webjornalismo.unicap.br\/pro-gamers\/wp-content\/uploads\/2019\/06\/Carol.jpg&#8221; quote_icon=&#8221;off&#8221; _builder_version=&#8221;3.22&#8243;][\/et_pb_testimonial][\/et_pb_column][et_pb_column type=&#8221;1_2&#8243; _builder_version=&#8221;3.25&#8243; custom_padding=&#8221;|||&#8221; custom_padding__hover=&#8221;|||&#8221;][et_pb_testimonial author=&#8221;Jo\u00e3o &#8216;Jota&#8217; Bosco&#8221; job_title=&#8221;Webdesigner&#8221; portrait_url=&#8221;http:\/\/webjornalismo.unicap.br\/pro-gamers\/wp-content\/uploads\/2019\/06\/60015224_10216264559278382_3536873579339579392_n.jpg&#8221; quote_icon=&#8221;off&#8221; _builder_version=&#8221;3.22&#8243;][\/et_pb_testimonial][\/et_pb_column][\/et_pb_row][\/et_pb_section]<\/p>\n","protected":false},"excerpt":{"rendered":"<p>[et_pb_section fb_built=&#8221;1&#8243; fullwidth=&#8221;on&#8221; _builder_version=&#8221;3.22&#8243; custom_margin=&#8221;|5%||5%&#8221; custom_padding=&#8221;|||||&#8221;][et_pb_fullwidth_post_title meta=&#8221;off&#8221; featured_image=&#8221;off&#8221; _builder_version=&#8221;3.22&#8243; title_font=&#8221;||||||||&#8221; title_text_color=&#8221;#ffffff&#8221; title_font_size=&#8221;40px&#8221; background_image=&#8221;http:\/\/webjornalismo.unicap.br\/pro-gamers\/wp-content\/uploads\/2019\/06\/overwatch-world-cup-2018-groups-revealed-626&#215;314-1.jpg&#8221;][\/et_pb_fullwidth_post_title][\/et_pb_section][et_pb_section fb_built=&#8221;1&#8243; _builder_version=&#8221;3.22&#8243; custom_margin=&#8221;|5%||5%&#8221; custom_padding=&#8221;|||||&#8221;][et_pb_row _builder_version=&#8221;3.25&#8243; custom_padding=&#8221;|5%||5%&#8221; column_structure=&#8221;3_4,1_4&#8243;][et_pb_column type=&#8221;3_4&#8243; _builder_version=&#8221;3.25&#8243; custom_padding=&#8221;|||&#8221; custom_padding__hover=&#8221;|||&#8221;][et_pb_text _builder_version=&#8221;3.27.4&#8243;] Nota do autor &nbsp; Hesitei muito antes de entrar no curso de Jornalismo da Unicap, visto que nunca tive muito interesse no ramo. Costumava ler\/assistir apenas as mat\u00e9rias sobre temas [&hellip;]<\/p>\n","protected":false},"author":2,"featured_media":0,"parent":0,"menu_order":0,"comment_status":"closed","ping_status":"closed","template":"","meta":{"_et_pb_use_builder":"on","_et_pb_old_content":"","_et_gb_content_width":"","footnotes":""},"class_list":["post-184","page","type-page","status-publish","hentry"],"_links":{"self":[{"href":"https:\/\/webjornalismo.unicap.br\/pro-gamers\/wp-json\/wp\/v2\/pages\/184","targetHints":{"allow":["GET"]}}],"collection":[{"href":"https:\/\/webjornalismo.unicap.br\/pro-gamers\/wp-json\/wp\/v2\/pages"}],"about":[{"href":"https:\/\/webjornalismo.unicap.br\/pro-gamers\/wp-json\/wp\/v2\/types\/page"}],"author":[{"embeddable":true,"href":"https:\/\/webjornalismo.unicap.br\/pro-gamers\/wp-json\/wp\/v2\/users\/2"}],"replies":[{"embeddable":true,"href":"https:\/\/webjornalismo.unicap.br\/pro-gamers\/wp-json\/wp\/v2\/comments?post=184"}],"version-history":[{"count":12,"href":"https:\/\/webjornalismo.unicap.br\/pro-gamers\/wp-json\/wp\/v2\/pages\/184\/revisions"}],"predecessor-version":[{"id":313,"href":"https:\/\/webjornalismo.unicap.br\/pro-gamers\/wp-json\/wp\/v2\/pages\/184\/revisions\/313"}],"wp:attachment":[{"href":"https:\/\/webjornalismo.unicap.br\/pro-gamers\/wp-json\/wp\/v2\/media?parent=184"}],"curies":[{"name":"wp","href":"https:\/\/api.w.org\/{rel}","templated":true}]}}