{"id":798,"date":"2025-04-30T15:18:16","date_gmt":"2025-04-30T18:18:16","guid":{"rendered":"https:\/\/webjornalismo.unicap.br\/portalmorros\/?page_id=798"},"modified":"2025-05-04T14:57:28","modified_gmt":"2025-05-04T17:57:28","slug":"editorial","status":"publish","type":"page","link":"https:\/\/webjornalismo.unicap.br\/portalmorros\/editorial\/","title":{"rendered":"Editorial"},"content":{"rendered":"<p>[et_pb_section fb_built=&#8221;1&#8243; _builder_version=&#8221;4.27.3&#8243; _module_preset=&#8221;default&#8221; custom_padding=&#8221;||0px|||&#8221; global_colors_info=&#8221;{}&#8221;][et_pb_row column_structure=&#8221;2_5,3_5&#8243; _builder_version=&#8221;4.27.3&#8243; _module_preset=&#8221;default&#8221; locked=&#8221;off&#8221; global_colors_info=&#8221;{}&#8221;][et_pb_column type=&#8221;2_5&#8243; _builder_version=&#8221;4.27.3&#8243; _module_preset=&#8221;default&#8221; global_colors_info=&#8221;{}&#8221;][et_pb_post_title meta=&#8221;off&#8221; featured_image=&#8221;off&#8221; _builder_version=&#8221;4.27.4&#8243; _module_preset=&#8221;default&#8221; title_font_size=&#8221;60px&#8221; title_font_size_tablet=&#8221;60px&#8221; title_font_size_phone=&#8221;40px&#8221; title_font_size_last_edited=&#8221;on|phone&#8221; global_colors_info=&#8221;{}&#8221;][\/et_pb_post_title][\/et_pb_column][et_pb_column type=&#8221;3_5&#8243; _builder_version=&#8221;4.27.3&#8243; _module_preset=&#8221;default&#8221; global_colors_info=&#8221;{}&#8221;][et_pb_text _builder_version=&#8221;4.27.4&#8243; _module_preset=&#8221;default&#8221; header_2_font=&#8221;Aprova-black|500|||||||&#8221; header_2_text_color=&#8221;#FFFFFF&#8221; header_2_font_size=&#8221;60px&#8221; header_2_letter_spacing=&#8221;-2px&#8221; custom_padding=&#8221;||0px|||&#8221; hover_enabled=&#8221;0&#8243; custom_css_free_form=&#8221;h2 {||  margin-bottom:1.111rem;||}&#8221; global_colors_info=&#8221;{}&#8221; sticky_enabled=&#8221;0&#8243;]<\/p>\n<p><span style=\"font-weight: 400;\">Fala, comunidade! Sejam muito bem-vindos(as) ao Morros, um portal de not\u00edcias com foco em voc\u00ea, morador(a) da periferia do Recife, que enfrenta os desafios causados pela aus\u00eancia do poder p\u00fablico e est\u00e1 sujeito(a) a eventos clim\u00e1ticos extremos.<\/span><\/p>\n<p><span style=\"font-weight: 400;\">O Portal Morros \u00e9 um espa\u00e7o de escuta e de amplia\u00e7\u00e3o das viv\u00eancias da popula\u00e7\u00e3o perif\u00e9rica da cidade, com base na comunica\u00e7\u00e3o antirracista e em uma linguagem acess\u00edvel. Nosso objetivo \u00e9 refletir sobre as mudan\u00e7as clim\u00e1ticas (causadas pelo famoso aquecimento global) nos territ\u00f3rios vulnerabilizados e mais propensos a eventos clim\u00e1ticos extremos, como chuvas intensas, deslizamentos de terra, ondas de calor, alagamentos, entre outras consequ\u00eancias.<\/span><\/p>\n<p><span style=\"font-weight: 400;\">Para oficializar o in\u00edcio da nossa trajet\u00f3ria pelos morros do Recife, nossa equipe desembarcou no bairro de Dois Unidos, na Zona Norte da cidade, para ouvir e traduzir a hist\u00f3ria desse distrito para os nossos leitores, e refletir sobre as caracter\u00edsticas da regi\u00e3o sob a perspectiva do racismo ambiental.<\/span><\/p>\n<p><span style=\"font-weight: 400;\">Agora relaxa, porque aqui o papo \u00e9 reto! Vamos falar de um jeito que voc\u00ea entenda. Afinal, o autor deste texto \u00e9 da periferia e sabe como se comunicar com voc\u00ea. E se o assunto for complicado, a gente descomplica! Se as palavras n\u00e3o forem suficientes, vamos usar todos os recursos: fotos, v\u00eddeos, gr\u00e1ficos, tudo para manter voc\u00ea bem informado(a)!<\/span><\/p>\n<p>[\/et_pb_text][\/et_pb_column][\/et_pb_row][\/et_pb_section]<\/p>\n","protected":false},"excerpt":{"rendered":"<p>Fala, comunidade! Sejam muito bem-vindos(as) ao Morros, um portal de not\u00edcias com foco em voc\u00ea, morador(a) da periferia do Recife, que enfrenta os desafios causados pela aus\u00eancia do poder p\u00fablico e est\u00e1 sujeito(a) a eventos clim\u00e1ticos extremos. O Portal Morros \u00e9 um espa\u00e7o de escuta e de amplia\u00e7\u00e3o das viv\u00eancias da popula\u00e7\u00e3o perif\u00e9rica da cidade, [&hellip;]<\/p>\n","protected":false},"author":1,"featured_media":0,"parent":0,"menu_order":0,"comment_status":"closed","ping_status":"closed","template":"","meta":{"_et_pb_use_builder":"on","_et_pb_old_content":"","_et_gb_content_width":"","ngg_post_thumbnail":0,"footnotes":""},"class_list":["post-798","page","type-page","status-publish","hentry"],"_links":{"self":[{"href":"https:\/\/webjornalismo.unicap.br\/portalmorros\/wp-json\/wp\/v2\/pages\/798","targetHints":{"allow":["GET"]}}],"collection":[{"href":"https:\/\/webjornalismo.unicap.br\/portalmorros\/wp-json\/wp\/v2\/pages"}],"about":[{"href":"https:\/\/webjornalismo.unicap.br\/portalmorros\/wp-json\/wp\/v2\/types\/page"}],"author":[{"embeddable":true,"href":"https:\/\/webjornalismo.unicap.br\/portalmorros\/wp-json\/wp\/v2\/users\/1"}],"replies":[{"embeddable":true,"href":"https:\/\/webjornalismo.unicap.br\/portalmorros\/wp-json\/wp\/v2\/comments?post=798"}],"version-history":[{"count":4,"href":"https:\/\/webjornalismo.unicap.br\/portalmorros\/wp-json\/wp\/v2\/pages\/798\/revisions"}],"predecessor-version":[{"id":819,"href":"https:\/\/webjornalismo.unicap.br\/portalmorros\/wp-json\/wp\/v2\/pages\/798\/revisions\/819"}],"wp:attachment":[{"href":"https:\/\/webjornalismo.unicap.br\/portalmorros\/wp-json\/wp\/v2\/media?parent=798"}],"curies":[{"name":"wp","href":"https:\/\/api.w.org\/{rel}","templated":true}]}}