{"id":2,"date":"2019-04-11T08:22:42","date_gmt":"2019-04-11T11:22:42","guid":{"rendered":"http:\/\/webjornalismo.unicap.br\/narrativasnegras\/?page_id=2"},"modified":"2019-08-08T21:49:07","modified_gmt":"2019-08-09T00:49:07","slug":"home","status":"publish","type":"page","link":"https:\/\/webjornalismo.unicap.br\/narrativasnegras\/","title":{"rendered":"Home"},"content":{"rendered":"<p>[et_pb_section fb_built=&#8221;1&#8243; fullwidth=&#8221;on&#8221; _builder_version=&#8221;3.22&#8243;][et_pb_fullwidth_header text_orientation=&#8221;center&#8221; header_scroll_down=&#8221;on&#8221; scroll_down_icon=&#8221;%%8%%&#8221; scroll_down_icon_color=&#8221;#000000&#8243; logo_image_url=&#8221;http:\/\/webjornalismo.unicap.br\/narrativasnegras\/wp-content\/uploads\/2019\/05\/marca4c.png&#8221; _builder_version=&#8221;3.22&#8243; title_font=&#8221;||||||||&#8221; content_font=&#8221;||||||||&#8221; content_text_align=&#8221;center&#8221; background_color=&#8221;#ef705f&#8221; custom_padding=&#8221;0px||0px&#8221; custom_css_logo=&#8221;max-width:70%;&#8221;][\/et_pb_fullwidth_header][\/et_pb_section][et_pb_section fb_built=&#8221;1&#8243; _builder_version=&#8221;3.22&#8243; background_color=&#8221;#ef705f&#8221; custom_padding=&#8221;0px||0px&#8221;][et_pb_row use_custom_gutter=&#8221;on&#8221; gutter_width=&#8221;1&#8243; custom_padding=&#8221;0px||0px&#8221; make_equal=&#8221;on&#8221; module_class=&#8221; et_pb_row_fullwidth&#8221; _builder_version=&#8221;3.22&#8243; width=&#8221;100%&#8221; width_tablet=&#8221;100%&#8221; width_last_edited=&#8221;on|desktop&#8221; max_width=&#8221;100%&#8221; max_width_tablet=&#8221;100%&#8221; max_width_last_edited=&#8221;on|desktop&#8221; module_alignment=&#8221;center&#8221; make_fullwidth=&#8221;on&#8221;][et_pb_column type=&#8221;1_6&#8243; _builder_version=&#8221;3.21&#8243;][et_pb_blurb title=&#8221;Alcinete Castro&#8221; url=&#8221;http:\/\/webjornalismo.unicap.br\/narrativasnegras\/alcinete-castro\/&#8221; url_new_window=&#8221;on&#8221; module_class=&#8221;dl-row&#8221; _builder_version=&#8221;3.22&#8243; header_font=&#8221;|700||on|||||&#8221; header_text_color=&#8221;#ffffff&#8221; background_image=&#8221;http:\/\/webjornalismo.unicap.br\/narrativasnegras\/wp-content\/uploads\/2019\/05\/Alcinete-13.jpg&#8221; text_orientation=&#8221;center&#8221; custom_padding=&#8221;200px||200px&#8221; filter_saturate=&#8221;0%&#8221; animation_style=&#8221;slide&#8221; animation_direction=&#8221;bottom&#8221; animation=&#8221;bottom&#8221; link_option_url=&#8221;http:\/\/webjornalismo.unicap.br\/narrativasnegras\/alcinete-castro\/&#8221; link_option_url_new_window=&#8221;on&#8221; locked=&#8221;off&#8221; header_text_color__hover=&#8221;rgba(0,0,0,0)&#8221; header_text_color__hover_enabled=&#8221;on&#8221; filter_saturate__hover_enabled=&#8221;on&#8221; filter_saturate__hover=&#8221;100%&#8221;][\/et_pb_blurb][\/et_pb_column][et_pb_column type=&#8221;1_6&#8243; _builder_version=&#8221;3.21&#8243;][et_pb_blurb title=&#8221;D\u00e9bora Britto&#8221; url=&#8221;http:\/\/webjornalismo.unicap.br\/narrativasnegras\/debora-britto\/&#8221; url_new_window=&#8221;on&#8221; module_class=&#8221;dl-row&#8221; _builder_version=&#8221;3.22&#8243; header_font=&#8221;|700||on|||||&#8221; header_text_color=&#8221;#ffffff&#8221; background_image=&#8221;http:\/\/webjornalismo.unicap.br\/narrativasnegras\/wp-content\/uploads\/2019\/05\/debora-brito-03-2.jpg&#8221; text_orientation=&#8221;center&#8221; custom_padding=&#8221;200px||200px&#8221; filter_saturate=&#8221;0%&#8221; animation_style=&#8221;slide&#8221; animation_direction=&#8221;bottom&#8221; animation=&#8221;bottom&#8221; link_option_url=&#8221;http:\/\/webjornalismo.unicap.br\/narrativasnegras\/debora-britto\/&#8221; link_option_url_new_window=&#8221;on&#8221; filter_saturate__hover_enabled=&#8221;on&#8221; filter_saturate__hover=&#8221;100%&#8221; header_text_color__hover_enabled=&#8221;on&#8221; header_text_color__hover=&#8221;rgba(0,0,0,0)&#8221;][\/et_pb_blurb][\/et_pb_column][et_pb_column type=&#8221;1_6&#8243; _builder_version=&#8221;3.21&#8243;][et_pb_blurb title=&#8221;Jana\u00edna Penha&#8221; url=&#8221;http:\/\/webjornalismo.unicap.br\/narrativasnegras\/janaina-penha\/&#8221; url_new_window=&#8221;on&#8221; module_class=&#8221;dl-row&#8221; _builder_version=&#8221;3.22&#8243; header_font=&#8221;|700||on|||||&#8221; header_text_color=&#8221;#ffffff&#8221; background_image=&#8221;http:\/\/webjornalismo.unicap.br\/narrativasnegras\/wp-content\/uploads\/2019\/05\/janaina-penha-13-1.jpg&#8221; text_orientation=&#8221;center&#8221; custom_padding=&#8221;200px||200px&#8221; filter_saturate=&#8221;0%&#8221; animation_style=&#8221;slide&#8221; animation_direction=&#8221;bottom&#8221; animation=&#8221;bottom&#8221; link_option_url=&#8221;http:\/\/webjornalismo.unicap.br\/narrativasnegras\/janaina-penha\/&#8221; link_option_url_new_window=&#8221;on&#8221; header_text_color__hover=&#8221;rgba(0,0,0,0)&#8221; header_text_color__hover_enabled=&#8221;on&#8221; filter_saturate__hover_enabled=&#8221;on&#8221; filter_saturate__hover=&#8221;100%&#8221;][\/et_pb_blurb][\/et_pb_column][et_pb_column type=&#8221;1_6&#8243; _builder_version=&#8221;3.21&#8243;][et_pb_blurb title=&#8221;Jarda Ara\u00fajo&#8221; url=&#8221;http:\/\/webjornalismo.unicap.br\/narrativasnegras\/jarda-araujo\/&#8221; url_new_window=&#8221;on&#8221; module_class=&#8221;dl-row&#8221; _builder_version=&#8221;3.22&#8243; header_font=&#8221;|700||on|||||&#8221; header_text_color=&#8221;#ffffff&#8221; background_image=&#8221;http:\/\/webjornalismo.unicap.br\/narrativasnegras\/wp-content\/uploads\/2019\/05\/jarda-araujo-11.jpg&#8221; background_position=&#8221;top_center&#8221; text_orientation=&#8221;center&#8221; custom_padding=&#8221;200px||200px&#8221; filter_saturate=&#8221;0%&#8221; animation_style=&#8221;slide&#8221; animation_direction=&#8221;bottom&#8221; animation=&#8221;bottom&#8221; link_option_url=&#8221;http:\/\/webjornalismo.unicap.br\/narrativasnegras\/jarda-araujo\/&#8221; link_option_url_new_window=&#8221;on&#8221; locked=&#8221;off&#8221; header_text_color__hover=&#8221;rgba(0,0,0,0)&#8221; header_text_color__hover_enabled=&#8221;on&#8221; filter_saturate__hover_enabled=&#8221;on&#8221; filter_saturate__hover=&#8221;100%&#8221;][\/et_pb_blurb][\/et_pb_column][et_pb_column type=&#8221;1_6&#8243; _builder_version=&#8221;3.21&#8243;][et_pb_blurb title=&#8221;marta moreira&#8221; url=&#8221;http:\/\/webjornalismo.unicap.br\/narrativasnegras\/marta-moreira\/&#8221; url_new_window=&#8221;on&#8221; module_class=&#8221;dl-row&#8221; _builder_version=&#8221;3.22&#8243; header_font=&#8221;|700||on|||||&#8221; header_text_color=&#8221;#ffffff&#8221; background_image=&#8221;http:\/\/webjornalismo.unicap.br\/narrativasnegras\/wp-content\/uploads\/2019\/05\/marta-moreira-10.jpg&#8221; text_orientation=&#8221;center&#8221; custom_padding=&#8221;200px||200px&#8221; filter_saturate=&#8221;0%&#8221; animation_style=&#8221;slide&#8221; animation_direction=&#8221;bottom&#8221; animation=&#8221;bottom&#8221; link_option_url=&#8221;http:\/\/webjornalismo.unicap.br\/narrativasnegras\/marta-moreira\/&#8221; link_option_url_new_window=&#8221;on&#8221; locked=&#8221;off&#8221; header_text_color__hover=&#8221;rgba(0,0,0,0)&#8221; header_text_color__hover_enabled=&#8221;on&#8221; filter_saturate__hover_enabled=&#8221;on&#8221; filter_saturate__hover=&#8221;100%&#8221;][\/et_pb_blurb][\/et_pb_column][et_pb_column type=&#8221;1_6&#8243; _builder_version=&#8221;3.21&#8243;][et_pb_blurb title=&#8221;Sharon Baptista&#8221; url=&#8221;http:\/\/webjornalismo.unicap.br\/narrativasnegras\/sharon-baptista\/&#8221; url_new_window=&#8221;on&#8221; module_class=&#8221;dl-row&#8221; _builder_version=&#8221;3.22&#8243; header_font=&#8221;|700||on|||||&#8221; header_text_color=&#8221;#ffffff&#8221; background_image=&#8221;http:\/\/webjornalismo.unicap.br\/narrativasnegras\/wp-content\/uploads\/2019\/05\/sharon-baptista-03.jpg&#8221; background_position=&#8221;top_center&#8221; text_orientation=&#8221;center&#8221; custom_padding=&#8221;200px||200px&#8221; filter_saturate=&#8221;0%&#8221; animation_style=&#8221;slide&#8221; animation_direction=&#8221;bottom&#8221; animation=&#8221;bottom&#8221; link_option_url=&#8221;http:\/\/webjornalismo.unicap.br\/narrativasnegras\/sharon-baptista\/&#8221; link_option_url_new_window=&#8221;on&#8221; header_text_color__hover=&#8221;rgba(0,0,0,0)&#8221; header_text_color__hover_enabled=&#8221;on&#8221; filter_saturate__hover_enabled=&#8221;on&#8221; filter_saturate__hover=&#8221;100%&#8221;][\/et_pb_blurb][\/et_pb_column][\/et_pb_row][\/et_pb_section][et_pb_section fb_built=&#8221;1&#8243; _builder_version=&#8221;3.22&#8243; background_color=&#8221;#3d70aa&#8221; custom_padding=&#8221;40px||2px|||&#8221;][et_pb_row custom_padding=&#8221;2px|||||&#8221; _builder_version=&#8221;3.22&#8243;][et_pb_column type=&#8221;4_4&#8243; _builder_version=&#8221;3.21&#8243;][et_pb_video src=&#8221;https:\/\/www.youtube.com\/watch?v=ShlQ5x0JOjo&#8221; _builder_version=&#8221;3.22&#8243; custom_margin=&#8221;|||1px||&#8221; animation_style=&#8221;zoom&#8221; animation_intensity_zoom=&#8221;5%&#8221;][\/et_pb_video][\/et_pb_column][\/et_pb_row][\/et_pb_section][et_pb_section fb_built=&#8221;1&#8243; _builder_version=&#8221;3.22&#8243; background_color=&#8221;#0165a3&#8243;][et_pb_row _builder_version=&#8221;3.22&#8243;][et_pb_column type=&#8221;4_4&#8243; _builder_version=&#8221;3.22&#8243;][et_pb_text _builder_version=&#8221;3.22&#8243; text_font=&#8221;||||||||&#8221; text_orientation=&#8221;center&#8221; background_layout=&#8221;dark&#8221;]<\/p>\n<h1>Expediente<\/h1>\n<p><strong>Trabalho de conclus\u00e3o de curso em Jornalismo da Universidade Cat\u00f3lica de Pernambuco.<\/strong><br \/> <span>Produ\u00e7\u00e3o e reportagem: Marcela Pedrosa \u2022\u00a0<\/span><span>Orienta\u00e7\u00e3o: Carolina Monteiro \u2022\u00a0<\/span><span style=\"font-size: 14px;\">Opera\u00e7\u00e3o de C\u00e2mera e Ilumina\u00e7\u00e3o: R\u00f4mulo Gomes<span> \u2022\u00a0<\/span>Capta\u00e7\u00e3o de \u00c1udio e Dire\u00e7\u00e3o de Fotografia: Marcela Pedrosa<span> \u2022\u00a0<\/span>Ensaio fotogr\u00e1fico: Marcela Pedrosa<span> \u2022\u00a0<\/span>Maquiagem: Joyss Gabriella<span> \u2022\u00a0<\/span>Apoio T\u00e9cnico: Niedja Dias<span> \u2022\u00a0<\/span>Edi\u00e7\u00e3o de V\u00eddeos: Marcela Pedrosa<span> \u2022\u00a0<\/span>Web: Jota Bosco<\/span><\/p>\n<p><span><\/span><\/p>\n<p>[\/et_pb_text][\/et_pb_column][\/et_pb_row][\/et_pb_section]<\/p>\n","protected":false},"excerpt":{"rendered":"<p>[et_pb_section fb_built=&#8221;1&#8243; fullwidth=&#8221;on&#8221; _builder_version=&#8221;3.22&#8243;][et_pb_fullwidth_header text_orientation=&#8221;center&#8221; header_scroll_down=&#8221;on&#8221; scroll_down_icon=&#8221;%%8%%&#8221; scroll_down_icon_color=&#8221;#000000&#8243; logo_image_url=&#8221;http:\/\/webjornalismo.unicap.br\/narrativasnegras\/wp-content\/uploads\/2019\/05\/marca4c.png&#8221; _builder_version=&#8221;3.22&#8243; title_font=&#8221;||||||||&#8221; content_font=&#8221;||||||||&#8221; content_text_align=&#8221;center&#8221; background_color=&#8221;#ef705f&#8221; custom_padding=&#8221;0px||0px&#8221; custom_css_logo=&#8221;max-width:70%;&#8221;][\/et_pb_fullwidth_header][\/et_pb_section][et_pb_section fb_built=&#8221;1&#8243; _builder_version=&#8221;3.22&#8243; background_color=&#8221;#ef705f&#8221; custom_padding=&#8221;0px||0px&#8221;][et_pb_row use_custom_gutter=&#8221;on&#8221; gutter_width=&#8221;1&#8243; custom_padding=&#8221;0px||0px&#8221; make_equal=&#8221;on&#8221; module_class=&#8221; et_pb_row_fullwidth&#8221; _builder_version=&#8221;3.22&#8243; width=&#8221;100%&#8221; width_tablet=&#8221;100%&#8221; width_last_edited=&#8221;on|desktop&#8221; max_width=&#8221;100%&#8221; max_width_tablet=&#8221;100%&#8221; max_width_last_edited=&#8221;on|desktop&#8221; module_alignment=&#8221;center&#8221; make_fullwidth=&#8221;on&#8221;][et_pb_column type=&#8221;1_6&#8243; _builder_version=&#8221;3.21&#8243;][et_pb_blurb title=&#8221;Alcinete Castro&#8221; url=&#8221;http:\/\/webjornalismo.unicap.br\/narrativasnegras\/alcinete-castro\/&#8221; url_new_window=&#8221;on&#8221; module_class=&#8221;dl-row&#8221; _builder_version=&#8221;3.22&#8243; header_font=&#8221;|700||on|||||&#8221; header_text_color=&#8221;#ffffff&#8221; background_image=&#8221;http:\/\/webjornalismo.unicap.br\/narrativasnegras\/wp-content\/uploads\/2019\/05\/Alcinete-13.jpg&#8221; text_orientation=&#8221;center&#8221; custom_padding=&#8221;200px||200px&#8221; filter_saturate=&#8221;0%&#8221; animation_style=&#8221;slide&#8221; animation_direction=&#8221;bottom&#8221; animation=&#8221;bottom&#8221; link_option_url=&#8221;http:\/\/webjornalismo.unicap.br\/narrativasnegras\/alcinete-castro\/&#8221; link_option_url_new_window=&#8221;on&#8221; locked=&#8221;off&#8221; [&hellip;]<\/p>\n","protected":false},"author":1,"featured_media":0,"parent":0,"menu_order":0,"comment_status":"closed","ping_status":"closed","template":"","meta":{"_et_pb_use_builder":"on","_et_pb_old_content":"<!-- wp:paragraph -->\n<p>Esta \u00e9 uma p\u00e1gina de exemplo. \u00c9 diferente de um post no blog porque ela permanecer\u00e1 em um lugar e aparecer\u00e1 na navega\u00e7\u00e3o do seu site na maioria dos temas. Muitas pessoas come\u00e7am com uma p\u00e1gina que as apresenta a poss\u00edveis visitantes do site. Ela pode dizer algo assim:<\/p>\n<!-- \/wp:paragraph -->\n\n<!-- wp:quote -->\n<blockquote class=\"wp-block-quote\"><p>Ol\u00e1! Eu sou um mensageiro de bicicleta durante o dia, ator aspirante \u00e0 noite, e este \u00e9 o meu site. Eu moro em S\u00e3o Paulo, tenho um grande cachorro chamado Rex e gosto de tomar caipirinha (e banhos de chuva).<\/p><\/blockquote>\n<!-- \/wp:quote -->\n\n<!-- wp:paragraph -->\n<p>...ou alguma coisa assim:<\/p>\n<!-- \/wp:paragraph -->\n\n<!-- wp:quote -->\n<blockquote class=\"wp-block-quote\"><p>A Companhia de Miniaturas XYZ foi fundada em 1971, e desde ent\u00e3o tem fornecido miniaturas de qualidade ao p\u00fablico. Localizada na cidade de Itu, a XYZ emprega mais de 2.000 pessoas e faz coisas grandiosas para a comunidade da cidade.<\/p><\/blockquote>\n<!-- \/wp:quote -->\n\n<!-- wp:paragraph -->\n<p>Como um novo usu\u00e1rio do WordPress, voc\u00ea deveria ir ao <a href=\"http:\/\/webjornalismo.unicap.br\/narrativasnegras\/wp-admin\/\">painel<\/a> para excluir essa p\u00e1gina e criar novas p\u00e1ginas para o seu conte\u00fado. Divirta-se!<\/p>\n<!-- \/wp:paragraph -->","_et_gb_content_width":"","footnotes":""},"class_list":["post-2","page","type-page","status-publish","hentry"],"_links":{"self":[{"href":"https:\/\/webjornalismo.unicap.br\/narrativasnegras\/wp-json\/wp\/v2\/pages\/2","targetHints":{"allow":["GET"]}}],"collection":[{"href":"https:\/\/webjornalismo.unicap.br\/narrativasnegras\/wp-json\/wp\/v2\/pages"}],"about":[{"href":"https:\/\/webjornalismo.unicap.br\/narrativasnegras\/wp-json\/wp\/v2\/types\/page"}],"author":[{"embeddable":true,"href":"https:\/\/webjornalismo.unicap.br\/narrativasnegras\/wp-json\/wp\/v2\/users\/1"}],"replies":[{"embeddable":true,"href":"https:\/\/webjornalismo.unicap.br\/narrativasnegras\/wp-json\/wp\/v2\/comments?post=2"}],"version-history":[{"count":46,"href":"https:\/\/webjornalismo.unicap.br\/narrativasnegras\/wp-json\/wp\/v2\/pages\/2\/revisions"}],"predecessor-version":[{"id":1035,"href":"https:\/\/webjornalismo.unicap.br\/narrativasnegras\/wp-json\/wp\/v2\/pages\/2\/revisions\/1035"}],"wp:attachment":[{"href":"https:\/\/webjornalismo.unicap.br\/narrativasnegras\/wp-json\/wp\/v2\/media?parent=2"}],"curies":[{"name":"wp","href":"https:\/\/api.w.org\/{rel}","templated":true}]}}