{"id":80,"date":"2022-05-24T17:07:15","date_gmt":"2022-05-24T20:07:15","guid":{"rendered":"https:\/\/webjornalismo.unicap.br\/marketing-digital\/?page_id=80"},"modified":"2022-06-07T13:46:13","modified_gmt":"2022-06-07T16:46:13","slug":"novas-possibilidades","status":"publish","type":"page","link":"https:\/\/webjornalismo.unicap.br\/marketing-digital\/novas-possibilidades\/","title":{"rendered":"Novas oportunidades atraem jornalistas"},"content":{"rendered":"<p>[et_pb_section fb_built=&#8221;1&#8243; _builder_version=&#8221;4.17.4&#8243; _module_preset=&#8221;default&#8221; background_color=&#8221;#6c408f&#8221; background_image=&#8221;https:\/\/webjornalismo.unicap.br\/marketing-digital\/wp-content\/uploads\/2022\/05\/bg-parede.jpg&#8221; background_blend=&#8221;multiply&#8221; background_enable_pattern_style=&#8221;on&#8221; background_pattern_style=&#8221;diagonal-stripes-2&#8243; background_pattern_color=&#8221;rgba(0,0,0,0.08)&#8221; background_pattern_size=&#8221;custom&#8221; background_pattern_width=&#8221;22px&#8221; global_colors_info=&#8221;{}&#8221;][et_pb_row _builder_version=&#8221;4.17.4&#8243; _module_preset=&#8221;default&#8221; global_colors_info=&#8221;{}&#8221;][et_pb_column type=&#8221;4_4&#8243; _builder_version=&#8221;4.17.4&#8243; _module_preset=&#8221;default&#8221; global_colors_info=&#8221;{}&#8221;][et_pb_post_title meta=&#8221;off&#8221; featured_image=&#8221;off&#8221; text_color=&#8221;light&#8221; _builder_version=&#8221;4.17.4&#8243; _module_preset=&#8221;default&#8221; background_enable_color=&#8221;off&#8221; custom_margin=&#8221;5vh||5vh||true|false&#8221; global_colors_info=&#8221;{}&#8221;][\/et_pb_post_title][\/et_pb_column][\/et_pb_row][\/et_pb_section][et_pb_section fb_built=&#8221;1&#8243; _builder_version=&#8221;4.17.4&#8243; _module_preset=&#8221;default&#8221; custom_padding=&#8221;||10vh||false|false&#8221; hover_enabled=&#8221;0&#8243; global_colors_info=&#8221;{}&#8221; sticky_enabled=&#8221;0&#8243;][et_pb_row column_structure=&#8221;2_3,1_3&#8243; _builder_version=&#8221;4.17.4&#8243; _module_preset=&#8221;default&#8221; global_colors_info=&#8221;{}&#8221;][et_pb_column type=&#8221;2_3&#8243; _builder_version=&#8221;4.17.4&#8243; _module_preset=&#8221;default&#8221; global_colors_info=&#8221;{}&#8221;][et_pb_text _builder_version=&#8221;4.17.4&#8243; _module_preset=&#8221;default&#8221; global_colors_info=&#8221;{}&#8221;]<\/p>\n<p style=\"text-align: justify;\"><span style=\"font-weight: 400;\">Com a pandemia da Covid-19, muitas \u00e1reas foram impactadas pelo isolamento social. Uma delas foi o jornalismo, que j\u00e1 vinha passando por um processo de mudan\u00e7as devido \u00e0 migra\u00e7\u00e3o dos seus leitores para o ambiente online. Segundo dados da Kaspersky, em uma pesquisa realizada em parceria com a Corpa (<\/span><span style=\"color: #a92ccc;\"><a href=\"https:\/\/www.kaspersky.com.br\/blog\/pesquisa-infodemia-impactos-vida-digital\/17467\/\" style=\"color: #a92ccc;\"><span style=\"font-weight: 400;\">https:\/\/www.kaspersky.com.br\/blog\/pesquisa-infodemia-impactos-vida-digital\/17467\/<\/span><\/a><\/span><span style=\"font-weight: 400;\">), de forma online, entre fevereiro e mar\u00e7o de 2021, sete em cada dez internautas brasileiros, entre 25 e 65 anos de idade, recorreram \u00e0s redes sociais para se informar. Dessa forma, as empresas e os profissionais tiveram que se reinventar, entrando para o digital e encontrando no marketing digital novas oportunidades de trabalho.<\/span><\/p>\n<p>[\/et_pb_text][\/et_pb_column][et_pb_column type=&#8221;1_3&#8243; _builder_version=&#8221;4.17.4&#8243; _module_preset=&#8221;default&#8221; global_colors_info=&#8221;{}&#8221;][\/et_pb_column][\/et_pb_row][et_pb_row column_structure=&#8221;1_3,2_3&#8243; _builder_version=&#8221;4.17.4&#8243; _module_preset=&#8221;default&#8221; locked=&#8221;off&#8221; global_colors_info=&#8221;{}&#8221;][et_pb_column type=&#8221;1_3&#8243; _builder_version=&#8221;4.17.4&#8243; _module_preset=&#8221;default&#8221; global_colors_info=&#8221;{}&#8221;][et_pb_image src=&#8221;https:\/\/webjornalismo.unicap.br\/marketing-digital\/wp-content\/uploads\/2022\/05\/IC100615_PQ_-16-1-e1653679245851.jpg&#8221; title_text=&#8221;Equipe de jornalistas da Maco Zero Conteudo. Luiz Carlos Pinto, Laercio Portela, Carolina Monteiro, Samarone Lima, Ines Campelo, Segio Miguel Buarque e Inacio Franca&#8221; align=&#8221;center&#8221; _builder_version=&#8221;4.17.4&#8243; _module_preset=&#8221;default&#8221; border_radii=&#8221;on|600px|600px|600px|600px&#8221; global_colors_info=&#8221;{}&#8221;][\/et_pb_image][\/et_pb_column][et_pb_column type=&#8221;2_3&#8243; _builder_version=&#8221;4.17.4&#8243; _module_preset=&#8221;default&#8221; global_colors_info=&#8221;{}&#8221;][et_pb_text _builder_version=&#8221;4.17.4&#8243; _module_preset=&#8221;default&#8221; text_font=&#8221;||||||||&#8221; text_text_color=&#8221;#E09900&#8243; text_font_size=&#8221;22px&#8221; text_line_height=&#8221;1.2em&#8221; text_orientation=&#8221;justified&#8221; global_colors_info=&#8221;{}&#8221;]<\/p>\n<p>\u201cEssa jun\u00e7\u00e3o foi uma via de m\u00e3o dupla, tanto o marketing digital trouxe novas oportunidades para o profissional de jornalismo quanto o contr\u00e1rio, o jornalismo est\u00e1 contribuindo bastante com o mercado desses profissionais, podemos ver hoje o marketing de conte\u00fado, que muitas vezes \u00e9 realizado por profissionais de jornalismo\u201d,<\/p>\n<p>[\/et_pb_text][et_pb_text _builder_version=&#8221;4.17.4&#8243; _module_preset=&#8221;default&#8221; text_font_size=&#8221;14px&#8221; global_colors_info=&#8221;{}&#8221;]<\/p>\n<p>Carol Monteiro, jornalista e Diretora da Escola de Comunica\u00e7\u00e3o da UNICAP.<\/p>\n<p>[\/et_pb_text][\/et_pb_column][\/et_pb_row][et_pb_row column_structure=&#8221;2_3,1_3&#8243; _builder_version=&#8221;4.17.4&#8243; _module_preset=&#8221;default&#8221; global_colors_info=&#8221;{}&#8221;][et_pb_column type=&#8221;2_3&#8243; _builder_version=&#8221;4.17.4&#8243; _module_preset=&#8221;default&#8221; global_colors_info=&#8221;{}&#8221;][et_pb_text _builder_version=&#8221;4.17.4&#8243; _module_preset=&#8221;default&#8221; global_colors_info=&#8221;{}&#8221;]<\/p>\n<p style=\"text-align: justify;\"><span style=\"font-weight: 400;\">A pesquisa <\/span><span style=\"color: #000000;\"><a href=\"http:\/\/www.rdstation.com\/resources\/wp-content\/uploads\/sites\/3\/2019\/06\/Maturidade-do-Marketing-Digital-e-Vendas-no-Brasil.pdf\" style=\"color: #000000;\"><span style=\"font-weight: 400;\">Maturidade do Marketing Digital e Vendas no Brasil<\/span><\/a><\/span><span style=\"font-weight: 400;\"> foi uma iniciativa que reuniu grandes empresas desse segmento como Resultados Digitais, Mundo do Marketing, Rock Content e Vendas B2B. O estudo sinaliza que o uso de estrat\u00e9gias digitais continua crescendo no Brasil, mostrando que, atualmente, 94% das empresas brasileiras est\u00e3o apostando no Marketing Digital como estrat\u00e9gia de crescimento. Junto a esse aumento de investimento, o jornalismo ganha espa\u00e7os e surgem novas oportunidades de trabalho. \u201cExistem v\u00e1rias oportunidades desse universo, algumas delas s\u00e3o atividade de social media, gest\u00e3o de tr\u00e1fego, copyright, design, experi\u00eancia do usu\u00e1rio, endomarketing, personal branding, entre outras&#8221;, conta J\u00e9fte Amorim, professor e consultor de marketing, s\u00f3cio-fundador da Dial\u00f3gica Comunica\u00e7\u00e3o Estrat\u00e9gica.<\/span><\/p>\n<p>[\/et_pb_text][\/et_pb_column][et_pb_column type=&#8221;1_3&#8243; _builder_version=&#8221;4.17.4&#8243; _module_preset=&#8221;default&#8221; global_colors_info=&#8221;{}&#8221;][\/et_pb_column][\/et_pb_row][et_pb_row column_structure=&#8221;1_6,1_6,1_6,1_6,1_6,1_6&#8243; use_custom_gutter=&#8221;on&#8221; gutter_width=&#8221;2&#8243; make_equal=&#8221;on&#8221; _builder_version=&#8221;4.17.4&#8243; _module_preset=&#8221;default&#8221; global_colors_info=&#8221;{}&#8221;][et_pb_column type=&#8221;1_6&#8243; _builder_version=&#8221;4.17.4&#8243; _module_preset=&#8221;default&#8221; background_enable_color=&#8221;off&#8221; global_colors_info=&#8221;{%22gcid-c4f67d4b-df87-4d1e-a9be-991bf89dfbf3%22:%91%22background_color%22%93}&#8221;][et_pb_blurb title=&#8221;Social media&#8221; use_icon=&#8221;on&#8221; _builder_version=&#8221;4.17.4&#8243; _module_preset=&#8221;default&#8221; background_color=&#8221;gcid-c4f67d4b-df87-4d1e-a9be-991bf89dfbf3&#8243; text_orientation=&#8221;center&#8221; background_layout=&#8221;dark&#8221; min_height=&#8221;21vh&#8221; custom_padding=&#8221;9vh||6vh||false|false&#8221; animation_style=&#8221;fade&#8221; border_radii=&#8221;on|150px|150px|150px|150px&#8221; global_colors_info=&#8221;{%22gcid-c4f67d4b-df87-4d1e-a9be-991bf89dfbf3%22:%91%22background_color%22,%22background_color%22,%22background_color%22,%22background_color%22,%22background_color%22%93}&#8221;][\/et_pb_blurb][et_pb_text _builder_version=&#8221;4.17.4&#8243; _module_preset=&#8221;default&#8221; text_orientation=&#8221;center&#8221; global_colors_info=&#8221;{}&#8221;]<\/p>\n<p style=\"text-align: center;\">\u00c9 respons\u00e1vel por produzir, monitorar, interagir com o p\u00fablico e realizar o gerenciamento de\u00a0 conte\u00fado para as redes sociais do cliente.<\/p>\n<p>[\/et_pb_text][\/et_pb_column][et_pb_column type=&#8221;1_6&#8243; _builder_version=&#8221;4.17.4&#8243; _module_preset=&#8221;default&#8221; global_colors_info=&#8221;{}&#8221;][et_pb_blurb title=&#8221;Gestor de tr\u00e1fego&#8221; use_icon=&#8221;on&#8221; _builder_version=&#8221;4.17.4&#8243; _module_preset=&#8221;default&#8221; background_color=&#8221;gcid-c4f67d4b-df87-4d1e-a9be-991bf89dfbf3&#8243; text_orientation=&#8221;center&#8221; background_layout=&#8221;dark&#8221; min_height=&#8221;21vh&#8221; custom_padding=&#8221;9vh||5vh||false|false&#8221; animation_style=&#8221;fade&#8221; animation_delay=&#8221;200ms&#8221; border_radii=&#8221;on|150px|150px|150px|150px&#8221; global_colors_info=&#8221;{%22gcid-c4f67d4b-df87-4d1e-a9be-991bf89dfbf3%22:%91%22background_color%22,%22background_color%22,%22background_color%22,%22background_color%22,%22background_color%22%93}&#8221;][\/et_pb_blurb][et_pb_text _builder_version=&#8221;4.17.4&#8243; _module_preset=&#8221;default&#8221; text_orientation=&#8221;center&#8221; locked=&#8221;off&#8221; global_colors_info=&#8221;{}&#8221;]<\/p>\n<p><span>\u00c9 respons\u00e1vel por\u00a0 analisar e liberar\u00a0 estrat\u00e9gias e a\u00e7\u00f5es dentro de uma empresa para gerar resultados e aumentar as vendas do cliente.<\/span><\/p>\n<p>[\/et_pb_text][\/et_pb_column][et_pb_column type=&#8221;1_6&#8243; _builder_version=&#8221;4.17.4&#8243; _module_preset=&#8221;default&#8221; global_colors_info=&#8221;{}&#8221;][et_pb_blurb title=&#8221;DESIGNER DE CONTE\u00daDO&#8221; use_icon=&#8221;on&#8221; _builder_version=&#8221;4.17.4&#8243; _module_preset=&#8221;default&#8221; background_color=&#8221;gcid-c4f67d4b-df87-4d1e-a9be-991bf89dfbf3&#8243; text_orientation=&#8221;center&#8221; background_layout=&#8221;dark&#8221; min_height=&#8221;21vh&#8221; custom_padding=&#8221;9vh||5vh||false|false&#8221; animation_style=&#8221;fade&#8221; animation_delay=&#8221;400ms&#8221; border_radii=&#8221;on|150px|150px|150px|150px&#8221; global_colors_info=&#8221;{%22gcid-c4f67d4b-df87-4d1e-a9be-991bf89dfbf3%22:%91%22background_color%22,%22background_color%22,%22background_color%22,%22background_color%22,%22background_color%22,%22background_color%22%93}&#8221;][\/et_pb_blurb][et_pb_text _builder_version=&#8221;4.17.4&#8243; _module_preset=&#8221;default&#8221; text_orientation=&#8221;center&#8221; locked=&#8221;off&#8221; global_colors_info=&#8221;{}&#8221;]<\/p>\n<p>\u00a0\u00c9 respons\u00e1vel por criar o conte\u00fado mais estruturado e focado no usu\u00e1rio passando experi\u00eancia para o p\u00fablico de forma direta e eficaz.\u00a0<\/p>\n<p>[\/et_pb_text][\/et_pb_column][et_pb_column type=&#8221;1_6&#8243; _builder_version=&#8221;4.17.4&#8243; _module_preset=&#8221;default&#8221; global_colors_info=&#8221;{}&#8221;][et_pb_blurb title=&#8221;GESTOR DE MARKETING DIGITAL&#8221; use_icon=&#8221;on&#8221; _builder_version=&#8221;4.17.4&#8243; _module_preset=&#8221;default&#8221; background_color=&#8221;gcid-c4f67d4b-df87-4d1e-a9be-991bf89dfbf3&#8243; text_orientation=&#8221;center&#8221; background_layout=&#8221;dark&#8221; min_height=&#8221;21vh&#8221; custom_padding=&#8221;7vh||5vh||false|false&#8221; animation_style=&#8221;fade&#8221; animation_delay=&#8221;600ms&#8221; border_radii=&#8221;on|150px|150px|150px|150px&#8221; global_colors_info=&#8221;{%22gcid-c4f67d4b-df87-4d1e-a9be-991bf89dfbf3%22:%91%22background_color%22,%22background_color%22,%22background_color%22,%22background_color%22,%22background_color%22,%22background_color%22,%22background_color%22,%22background_color%22,%22background_color%22,%22background_color%22%93}&#8221;][\/et_pb_blurb][et_pb_text _builder_version=&#8221;4.17.4&#8243; _module_preset=&#8221;default&#8221; text_orientation=&#8221;center&#8221; locked=&#8221;off&#8221; global_colors_info=&#8221;{}&#8221;]<\/p>\n<p>\u00c9\u00a0 respons\u00e1vel por fazer a gest\u00e3o da estrat\u00e9gia digital, captar leads para aumento de vendas e criar solu\u00e7\u00f5es digitais para o cliente.<\/p>\n<p>[\/et_pb_text][\/et_pb_column][et_pb_column type=&#8221;1_6&#8243; _builder_version=&#8221;4.17.4&#8243; _module_preset=&#8221;default&#8221; global_colors_info=&#8221;{}&#8221;][et_pb_text _builder_version=&#8221;4.17.4&#8243; _module_preset=&#8221;default&#8221; text_orientation=&#8221;center&#8221; locked=&#8221;off&#8221; global_colors_info=&#8221;{}&#8221;][\/et_pb_text][et_pb_text _builder_version=&#8221;4.17.4&#8243; _module_preset=&#8221;default&#8221; text_orientation=&#8221;center&#8221; locked=&#8221;off&#8221; global_colors_info=&#8221;{}&#8221;][\/et_pb_text][\/et_pb_column][et_pb_column type=&#8221;1_6&#8243; _builder_version=&#8221;4.17.4&#8243; _module_preset=&#8221;default&#8221; global_colors_info=&#8221;{}&#8221;][\/et_pb_column][\/et_pb_row][et_pb_row column_structure=&#8221;2_3,1_3&#8243; _builder_version=&#8221;4.17.4&#8243; _module_preset=&#8221;default&#8221; global_colors_info=&#8221;{}&#8221;][et_pb_column type=&#8221;2_3&#8243; _builder_version=&#8221;4.17.4&#8243; _module_preset=&#8221;default&#8221; global_colors_info=&#8221;{}&#8221;][et_pb_text _builder_version=&#8221;4.17.4&#8243; _module_preset=&#8221;default&#8221; global_colors_info=&#8221;{}&#8221;]<\/p>\n<p style=\"text-align: justify;\"><span style=\"font-weight: 400;\">Marketing de conte\u00fado \u00e9 uma das oportunidades que o jornalista mais adquiriu no seu mercado de trabalho recentemente, pois \u00e9 comum essa fun\u00e7\u00e3o ser destinada diretamente a esses profissionais pelo poder de verifica\u00e7\u00e3o dos fatos, escrita e escuta das fontes. <\/span><span style=\"font-weight: 400;\">\u00c9 uma <\/span><span style=\"font-weight: 400;\">estrat\u00e9gia de marketing focada na cria\u00e7\u00e3o e distribui\u00e7\u00e3o de conte\u00fado relevante onde a empresa se aproxima do cliente de uma forma estrat\u00e9gica, gerando mais conex\u00e3o, proximidade e, com isso, mais credibilidade.\u00a0<\/span><\/p>\n<p style=\"text-align: justify;\"><span style=\"font-weight: 400;\">Mariana Barros \u00e9 jornalista e trabalha atualmente com Marketing de Conte\u00fado em sua ag\u00eancia, a GoDoctors, desenvolvendo conte\u00fados para m\u00e9dicos. Ela trabalhou por dez anos na televis\u00e3o, por\u00e9m, n\u00e3o vendo mais como crescer profissionalmente na \u00e1rea, decidiu empreender na \u00e1rea e, hoje, tem uma empresa com mais de 40 clientes na \u00e1rea de sa\u00fade no campo digital.<\/span><\/p>\n<p style=\"text-align: justify;\"><span style=\"font-weight: 400;\">\u201cEu trabalhei 10 anos em TV s\u00f3 que a quest\u00e3o salarial pesava muito para mim e o crescimento profissional tamb\u00e9m. Eu n\u00e3o via muito para onde crescer. Aqui em Recife \u00e9 um pouco limitado\u2026 ent\u00e3o resolvi empreender e fui para o marketing de conte\u00fado buscando trazer uma comunica\u00e7\u00e3o mais completa que a rede social pede com o diferencial do jornalismo que \u00e9 uma produ\u00e7\u00e3o de conte\u00fado mais rebuscada e responsiva tamb\u00e9m&#8221;, afirma.<\/span><\/p>\n<p>[\/et_pb_text][\/et_pb_column][et_pb_column type=&#8221;1_3&#8243; _builder_version=&#8221;4.17.4&#8243; _module_preset=&#8221;default&#8221; global_colors_info=&#8221;{}&#8221;][et_pb_image src=&#8221;https:\/\/webjornalismo.unicap.br\/marketing-digital\/wp-content\/uploads\/2022\/05\/Mariana-Barros.jpg&#8221; title_text=&#8221;Mariana-Barros&#8221; show_bottom_space=&#8221;off&#8221; align=&#8221;center&#8221; _builder_version=&#8221;4.17.4&#8243; _module_preset=&#8221;default&#8221; border_radii=&#8221;on|600px|600px|600px|600px&#8221; locked=&#8221;off&#8221; global_colors_info=&#8221;{}&#8221;][\/et_pb_image][et_pb_text _builder_version=&#8221;4.17.4&#8243; _module_preset=&#8221;default&#8221; text_font_size=&#8221;14px&#8221; text_orientation=&#8221;center&#8221; custom_padding=&#8221;10px||||false|false&#8221; locked=&#8221;off&#8221; global_colors_info=&#8221;{}&#8221;]Mariana Barros, jornalista e empreendedora<br \/>\nem marketing de conte\u00fado[\/et_pb_text][\/et_pb_column][\/et_pb_row][et_pb_row column_structure=&#8221;2_3,1_3&#8243; _builder_version=&#8221;4.17.4&#8243; _module_preset=&#8221;default&#8221; custom_margin=&#8221;-12px|auto||auto||&#8221; custom_padding=&#8221;0px|||||&#8221; global_colors_info=&#8221;{}&#8221;][et_pb_column type=&#8221;2_3&#8243; _builder_version=&#8221;4.17.4&#8243; _module_preset=&#8221;default&#8221; global_colors_info=&#8221;{}&#8221;][et_pb_text _builder_version=&#8221;4.17.4&#8243; _module_preset=&#8221;default&#8221; global_colors_info=&#8221;{}&#8221;]<\/p>\n<p style=\"text-align: justify;\"><span style=\"font-weight: 400;\">Esse mercado de jornalismo junto ao marketing digital \u00e9 algo ainda novo, tanto para os profissionais, quanto para as empresas, mas tamb\u00e9m para as universidades que preparam esses jornalistas para o mercado de trabalho.<\/span><span style=\"font-size: 16px;\"><\/span><\/p>\n<p style=\"text-align: justify;\"><span style=\"font-weight: 400;\">O curr\u00edculo dos cursos de jornalismo, que antes eram focados ao meio tradicional, hoje em dia, demanda mudan\u00e7as para garantir que os profissionais saiam da universidade aptos a trabalhar nessa nova \u00e1rea. \u00c9 o que traz Adriana Santana<\/span><span style=\"font-weight: 400;\">, <\/span><span style=\"font-weight: 400;\">professora e coordenadora do curso de jornalismo da UFPE. \u201cO curr\u00edculo do jornalista \u00e9 mais compartimentado, onde a gente divide os conhecimentos e disciplinas com base na t\u00e9cnica, disciplinas ligadas \u00e0s t\u00e9cnicas audiovisuais, radiof\u00f4nica e escrita. Hoje a mobiliza\u00e7\u00e3o maior \u00e9 para se desprender das t\u00e9cnicas e se aproximar das linguagens visual, radiof\u00f4nica, digitais&#8221;, desenvolve.<\/span><\/p>\n<p style=\"text-align: justify;\"><span style=\"font-weight: 400;\">A coordenadora do curso de jornalismo da Universidade Cat\u00f3lica de Pernambuco, Carla Teixeira, compartilha dessa mesma demanda de mudan\u00e7a curricular para estar em dia com o que o mercado apresenta. Ela afirma que a institui\u00e7\u00e3o est\u00e1 acompanhando as mudan\u00e7as e em processo de reformula\u00e7\u00e3o de curr\u00edculo para preparar esses profissionais, cada vez mais, para esse novo mercado. \u201cN\u00f3s estamos sempre acompanhando as tend\u00eancias no campo do jornalismo e da comunica\u00e7\u00e3o. Estamos em processo de reformula\u00e7\u00e3o do Projeto Pedag\u00f3gico do Curso. Ele \u00e9 norteado pelas tend\u00eancias que observamos, mas deve seguir as Diretrizes Nacionais Curriculares para os cursos de Jornalismo. Elas s\u00e3o de 2013 e incluem nos eixos de forma\u00e7\u00e3o profissional, aplica\u00e7\u00e3o processual e pr\u00e1tica laboratorial indicativos para as inova\u00e7\u00f5es tecnol\u00f3gicas no desenvolvimento de produtos jornal\u00edsticos e no pr\u00f3prio fazer jornal\u00edstico. Observando as diretrizes sob a perspectiva das tend\u00eancias de futuro. Estamos trabalhando para incluir disciplinas que tornem o egresso do curso um profissional cada vez mais completo e preparado para atuar em v\u00e1rios campos\u201d, garante.<\/span><\/p>\n<p style=\"text-align: justify;\"><span style=\"font-weight: 400;\">Alguns profissionais, que j\u00e1 est\u00e3o no mercado de trabalho, precisaram buscar especializa\u00e7\u00f5es e cursos por fora da universidade para conseguir entender e fazer parte dessas novas oportunidades. Marina Meireles \u00e9 jornalista formada pela Universidade Cat\u00f3lica de Pernambuco, e precisou buscar cursos e especializa\u00e7\u00f5es por fora da academia para conseguir entrar no mercado onde hoje atua como design de conte\u00fado. \u201cEu precisei de especializa\u00e7\u00e3o. Recorri \u00e0 especializa\u00e7\u00e3o de comunica\u00e7\u00e3o e design digital na Escola Superior de Propaganda e Marketing da ESPM. Tamb\u00e9m recorro a diversos cursos na \u00e1rea de design, na \u00e1rea de acessibilidade digital, para me ajudar a ter a base que eu preciso para desenvolver o trabalho que eu fa\u00e7o atualmente&#8221;, afirma.<\/span><\/p>\n<p style=\"text-align: justify;\"><span style=\"font-weight: 400;\">No atual cen\u00e1rio de mercado do jornalismo, os profissionais optam por empreender ou se especializar em uma \u00e1rea do marketing digital que mais lhe atrai, gerando, assim, um leque de novas oportunidades que surgem ap\u00f3s a converg\u00eancia entre as duas profiss\u00f5es. Na pr\u00f3xima aba, voc\u00ea acompanha mais sobre as hist\u00f3rias de jornalistas que trabalham no marketing digital, atualmente.<\/span><\/p>\n<p>[\/et_pb_text][\/et_pb_column][et_pb_column type=&#8221;1_3&#8243; _builder_version=&#8221;4.17.4&#8243; _module_preset=&#8221;default&#8221; global_colors_info=&#8221;{}&#8221;][et_pb_image src=&#8221;https:\/\/webjornalismo.unicap.br\/marketing-digital\/wp-content\/uploads\/2022\/05\/Adriana-Santana.jpg&#8221; title_text=&#8221;Adriana-Santana&#8221; show_bottom_space=&#8221;off&#8221; align=&#8221;center&#8221; _builder_version=&#8221;4.17.4&#8243; _module_preset=&#8221;default&#8221; border_radii=&#8221;on|600px|600px|600px|600px&#8221; locked=&#8221;off&#8221; global_colors_info=&#8221;{}&#8221;][\/et_pb_image][et_pb_text _builder_version=&#8221;4.17.4&#8243; _module_preset=&#8221;default&#8221; text_font_size=&#8221;14px&#8221; text_orientation=&#8221;center&#8221; custom_padding=&#8221;10px||||false|false&#8221; locked=&#8221;off&#8221; global_colors_info=&#8221;{}&#8221;]Adriana Santana, professora  e coordenadora<br \/>\ndo curso de jornalismo da UFPE[\/et_pb_text][et_pb_image src=&#8221;https:\/\/webjornalismo.unicap.br\/marketing-digital\/wp-content\/uploads\/2022\/05\/carla.jpg&#8221; title_text=&#8221;carla&#8221; show_bottom_space=&#8221;off&#8221; align=&#8221;center&#8221; _builder_version=&#8221;4.17.4&#8243; _module_preset=&#8221;default&#8221; border_radii=&#8221;on|600px|600px|600px|600px&#8221; locked=&#8221;off&#8221; global_colors_info=&#8221;{}&#8221;][\/et_pb_image][et_pb_text _builder_version=&#8221;4.17.4&#8243; _module_preset=&#8221;default&#8221; text_font_size=&#8221;14px&#8221; text_orientation=&#8221;center&#8221; custom_padding=&#8221;10px||||false|false&#8221; locked=&#8221;off&#8221; global_colors_info=&#8221;{}&#8221;]Carla Teixeira, professora e coordenadora<br \/>\ndo curso de jornalismo da Unicap[\/et_pb_text][\/et_pb_column][\/et_pb_row][\/et_pb_section]<\/p>\n","protected":false},"excerpt":{"rendered":"<p>Com a pandemia da Covid-19, muitas \u00e1reas foram impactadas pelo isolamento social. Uma delas foi o jornalismo, que j\u00e1 vinha passando por um processo de mudan\u00e7as devido \u00e0 migra\u00e7\u00e3o dos seus leitores para o ambiente online. Segundo dados da Kaspersky, em uma pesquisa realizada em parceria com a Corpa (https:\/\/www.kaspersky.com.br\/blog\/pesquisa-infodemia-impactos-vida-digital\/17467\/), de forma online, entre fevereiro [&hellip;]<\/p>\n","protected":false},"author":1,"featured_media":0,"parent":0,"menu_order":0,"comment_status":"closed","ping_status":"closed","template":"","meta":{"_et_pb_use_builder":"on","_et_pb_old_content":"","_et_gb_content_width":""},"_links":{"self":[{"href":"https:\/\/webjornalismo.unicap.br\/marketing-digital\/wp-json\/wp\/v2\/pages\/80"}],"collection":[{"href":"https:\/\/webjornalismo.unicap.br\/marketing-digital\/wp-json\/wp\/v2\/pages"}],"about":[{"href":"https:\/\/webjornalismo.unicap.br\/marketing-digital\/wp-json\/wp\/v2\/types\/page"}],"author":[{"embeddable":true,"href":"https:\/\/webjornalismo.unicap.br\/marketing-digital\/wp-json\/wp\/v2\/users\/1"}],"replies":[{"embeddable":true,"href":"https:\/\/webjornalismo.unicap.br\/marketing-digital\/wp-json\/wp\/v2\/comments?post=80"}],"version-history":[{"count":35,"href":"https:\/\/webjornalismo.unicap.br\/marketing-digital\/wp-json\/wp\/v2\/pages\/80\/revisions"}],"predecessor-version":[{"id":321,"href":"https:\/\/webjornalismo.unicap.br\/marketing-digital\/wp-json\/wp\/v2\/pages\/80\/revisions\/321"}],"wp:attachment":[{"href":"https:\/\/webjornalismo.unicap.br\/marketing-digital\/wp-json\/wp\/v2\/media?parent=80"}],"curies":[{"name":"wp","href":"https:\/\/api.w.org\/{rel}","templated":true}]}}