{"id":2,"date":"2019-04-11T08:12:39","date_gmt":"2019-04-11T11:12:39","guid":{"rendered":"http:\/\/webjornalismo.unicap.br\/machismonoesporte\/?page_id=2"},"modified":"2019-06-11T18:00:16","modified_gmt":"2019-06-11T21:00:16","slug":"home","status":"publish","type":"page","link":"https:\/\/webjornalismo.unicap.br\/machismonoesporte\/","title":{"rendered":"Home"},"content":{"rendered":"<p>[et_pb_section fb_built=&#8221;1&#8243; fullwidth=&#8221;on&#8221; _builder_version=&#8221;3.22.7&#8243; background_image=&#8221;http:\/\/webjornalismo.unicap.br\/machismonoesporte\/wp-content\/uploads\/2019\/04\/bg-topo.png&#8221; parallax=&#8221;on&#8221;][et_pb_fullwidth_image src=&#8221;http:\/\/webjornalismo.unicap.br\/machismonoesporte\/wp-content\/uploads\/2019\/05\/marca5.png&#8221; _builder_version=&#8221;3.22.7&#8243; background_image=&#8221;http:\/\/www.jotabosco.com.br\/unicap\/wp-content\/uploads\/2019\/04\/bg-topo.png&#8221; parallax=&#8221;on&#8221;][\/et_pb_fullwidth_image][\/et_pb_section][et_pb_section fb_built=&#8221;1&#8243; _builder_version=&#8221;3.22.3&#8243; background_color=&#8221;#4dbacd&#8221;][et_pb_row _builder_version=&#8221;3.22.7&#8243;][et_pb_column type=&#8221;4_4&#8243; _builder_version=&#8221;3.22.7&#8243;][et_pb_text _builder_version=&#8221;3.22.7&#8243; header_font=&#8221;Annie Use Your Telescope||||||||&#8221; header_text_align=&#8221;center&#8221; header_text_color=&#8221;#ffffff&#8221; header_font_size=&#8221;100px&#8221;]<\/p>\n<h1>Reportagens<\/h1>\n<p>[\/et_pb_text][\/et_pb_column][\/et_pb_row][et_pb_row module_class=&#8221; et_pb_row_fullwidth&#8221; _builder_version=&#8221;3.22.3&#8243; width=&#8221;89%&#8221; width_tablet=&#8221;80%&#8221; width_last_edited=&#8221;on|desktop&#8221; max_width=&#8221;89%&#8221; max_width_tablet=&#8221;80%&#8221; max_width_last_edited=&#8221;on|desktop&#8221; make_fullwidth=&#8221;on&#8221;][et_pb_column type=&#8221;1_5&#8243; _builder_version=&#8221;3.21.1&#8243;][et_pb_blurb title=&#8221;Cart\u00e3o vermelho para o machismo&#8221; url=&#8221;http:\/\/webjornalismo.unicap.br\/machismonoesporte\/cartao-vermelho-para-o-machismo\/&#8221; image=&#8221;http:\/\/webjornalismo.unicap.br\/machismonoesporte\/wp-content\/uploads\/2019\/05\/mina01b.png&#8221; _builder_version=&#8221;3.22.7&#8243; header_font=&#8221;Annie Use Your Telescope||||||||&#8221; header_font_size=&#8221;36px&#8221; text_orientation=&#8221;center&#8221; background_layout=&#8221;dark&#8221; link_option_url=&#8221;http:\/\/webjornalismo.unicap.br\/machismonoesporte\/cartao-vermelho-para-o-machismo\/&#8221;]<\/p>\n<p style=\"text-align: center;\">Atletas que escolhem o Esporte como profiss\u00e3o ainda enfrentam preconceito, desigualdades salariais e falta de visibilidade na m\u00eddia.<\/p>\n<p>[\/et_pb_blurb][\/et_pb_column][et_pb_column type=&#8221;1_5&#8243; _builder_version=&#8221;3.21.1&#8243;][et_pb_blurb title=&#8221;Paix\u00e3o que ultrapassa obst\u00e1culos&#8221; url=&#8221;http:\/\/webjornalismo.unicap.br\/machismonoesporte\/paixao-que-ultrapassa-obstaculos\/&#8221; image=&#8221;http:\/\/webjornalismo.unicap.br\/machismonoesporte\/wp-content\/uploads\/2019\/05\/mina02b.png&#8221; _builder_version=&#8221;3.22.7&#8243; header_font=&#8221;Annie Use Your Telescope||||||||&#8221; header_font_size=&#8221;36px&#8221; text_orientation=&#8221;center&#8221; background_layout=&#8221;dark&#8221; link_option_url=&#8221;http:\/\/webjornalismo.unicap.br\/machismonoesporte\/paixao-que-ultrapassa-obstaculos\/&#8221; locked=&#8221;off&#8221;]<\/p>\n<p style=\"text-align: center;\">Apesar das dificuldades, atletas profissionais falam do amor pelo Esporte que escolheram e de como n\u00e3o abrem m\u00e3o dos sonhos<\/p>\n<p>[\/et_pb_blurb][\/et_pb_column][et_pb_column type=&#8221;1_5&#8243; _builder_version=&#8221;3.21.1&#8243;][et_pb_blurb title=&#8221;M\u00eddia nos esportes femininos&#8221; url=&#8221;http:\/\/webjornalismo.unicap.br\/machismonoesporte\/midia-nos-esportes-femininos\/&#8221; image=&#8221;http:\/\/webjornalismo.unicap.br\/machismonoesporte\/wp-content\/uploads\/2019\/05\/mina03b.png&#8221; _builder_version=&#8221;3.22.7&#8243; header_font=&#8221;Annie Use Your Telescope||||||||&#8221; header_font_size=&#8221;36px&#8221; text_orientation=&#8221;center&#8221; background_layout=&#8221;dark&#8221; link_option_url=&#8221;http:\/\/webjornalismo.unicap.br\/machismonoesporte\/midia-nos-esportes-femininos\/&#8221; locked=&#8221;off&#8221;]<\/p>\n<p>Mulheres ainda s\u00e3o minoria na cobertura esportiva e enfrentam &#8220;testes&#8221; e ass\u00e9dios pela sua condi\u00e7\u00e3o de g\u00eanero nos ambientes esportivos<\/p>\n<p>[\/et_pb_blurb][\/et_pb_column][et_pb_column type=&#8221;1_5&#8243; _builder_version=&#8221;3.21.1&#8243;][et_pb_blurb title=&#8221;Elas ainda s\u00e3o poucas no comando&#8221; url=&#8221;http:\/\/webjornalismo.unicap.br\/machismonoesporte\/elas-no-comando\/&#8221; image=&#8221;http:\/\/webjornalismo.unicap.br\/machismonoesporte\/wp-content\/uploads\/2019\/05\/mina04b.png&#8221; _builder_version=&#8221;3.22.7&#8243; header_font=&#8221;Annie Use Your Telescope||||||||&#8221; header_font_size=&#8221;36px&#8221; text_orientation=&#8221;center&#8221; background_layout=&#8221;dark&#8221; link_option_url=&#8221;http:\/\/webjornalismo.unicap.br\/machismonoesporte\/elas-no-comando\/&#8221; locked=&#8221;off&#8221;]<\/p>\n<p>Machismo tamb\u00e9m impede as mulheres de exercerem fun\u00e7\u00f5es de comando em clubes, times e federa\u00e7\u00f5es esportivas<\/p>\n<p>[\/et_pb_blurb][\/et_pb_column][et_pb_column type=&#8221;1_5&#8243; _builder_version=&#8221;3.21.1&#8243;][et_pb_blurb title=&#8221;Mulheres lutam pelo direito de torcer&#8221; url=&#8221;http:\/\/webjornalismo.unicap.br\/machismonoesporte\/trabalho-em-conjunto\/&#8221; image=&#8221;http:\/\/webjornalismo.unicap.br\/machismonoesporte\/wp-content\/uploads\/2019\/05\/mina05b.png&#8221; _builder_version=&#8221;3.22.7&#8243; header_font=&#8221;Annie Use Your Telescope||||||||&#8221; header_font_size=&#8221;36px&#8221; text_orientation=&#8221;center&#8221; background_layout=&#8221;dark&#8221; link_option_url=&#8221;http:\/\/webjornalismo.unicap.br\/machismonoesporte\/trabalho-em-conjunto\/&#8221; locked=&#8221;off&#8221;]<\/p>\n<p>Lugar de mulher \u00e9 onde ela quiser, mas algumas torcedoras ainda temem pela seguran\u00e7a nos est\u00e1dios de futebol<\/p>\n<p>[\/et_pb_blurb][\/et_pb_column][\/et_pb_row][\/et_pb_section][et_pb_section fb_built=&#8221;1&#8243; _builder_version=&#8221;3.22.3&#8243; background_color=&#8221;#ff7d66&#8243;][et_pb_row _builder_version=&#8221;3.22.7&#8243;][et_pb_column type=&#8221;4_4&#8243; _builder_version=&#8221;3.22.7&#8243;][et_pb_text _builder_version=&#8221;3.22.7&#8243; text_font=&#8221;||||||||&#8221; header_font=&#8221;||||||||&#8221; header_font_size=&#8221;50px&#8221; text_orientation=&#8221;center&#8221; background_layout=&#8221;dark&#8221;]<\/p>\n<h1>Expediente<\/h1>\n<p>Trabalho de conclus\u00e3o de curso em Jornalismo da Universidade Cat\u00f3lica de Pernambuco.<br \/> Produ\u00e7\u00e3o e reportagem: Lorena Lima \u2022\u00a0Orienta\u00e7\u00e3o: Carolina Monteiro\u00a0<span style=\"background-color: #ff7d66; font-size: 14px;\">\u2022 Webdesign: Jota Bosco<\/span><\/p>\n<p>[\/et_pb_text][\/et_pb_column][\/et_pb_row][\/et_pb_section]<\/p>\n","protected":false},"excerpt":{"rendered":"<p>[et_pb_section fb_built=&#8221;1&#8243; fullwidth=&#8221;on&#8221; _builder_version=&#8221;3.22.7&#8243; background_image=&#8221;http:\/\/webjornalismo.unicap.br\/machismonoesporte\/wp-content\/uploads\/2019\/04\/bg-topo.png&#8221; parallax=&#8221;on&#8221;][et_pb_fullwidth_image src=&#8221;http:\/\/webjornalismo.unicap.br\/machismonoesporte\/wp-content\/uploads\/2019\/05\/marca5.png&#8221; _builder_version=&#8221;3.22.7&#8243; background_image=&#8221;http:\/\/www.jotabosco.com.br\/unicap\/wp-content\/uploads\/2019\/04\/bg-topo.png&#8221; parallax=&#8221;on&#8221;][\/et_pb_fullwidth_image][\/et_pb_section][et_pb_section fb_built=&#8221;1&#8243; _builder_version=&#8221;3.22.3&#8243; background_color=&#8221;#4dbacd&#8221;][et_pb_row _builder_version=&#8221;3.22.7&#8243;][et_pb_column type=&#8221;4_4&#8243; _builder_version=&#8221;3.22.7&#8243;][et_pb_text _builder_version=&#8221;3.22.7&#8243; header_font=&#8221;Annie Use Your Telescope||||||||&#8221; header_text_align=&#8221;center&#8221; header_text_color=&#8221;#ffffff&#8221; header_font_size=&#8221;100px&#8221;] Reportagens [\/et_pb_text][\/et_pb_column][\/et_pb_row][et_pb_row module_class=&#8221; et_pb_row_fullwidth&#8221; _builder_version=&#8221;3.22.3&#8243; width=&#8221;89%&#8221; width_tablet=&#8221;80%&#8221; width_last_edited=&#8221;on|desktop&#8221; max_width=&#8221;89%&#8221; max_width_tablet=&#8221;80%&#8221; max_width_last_edited=&#8221;on|desktop&#8221; make_fullwidth=&#8221;on&#8221;][et_pb_column type=&#8221;1_5&#8243; _builder_version=&#8221;3.21.1&#8243;][et_pb_blurb title=&#8221;Cart\u00e3o vermelho para o machismo&#8221; url=&#8221;http:\/\/webjornalismo.unicap.br\/machismonoesporte\/cartao-vermelho-para-o-machismo\/&#8221; image=&#8221;http:\/\/webjornalismo.unicap.br\/machismonoesporte\/wp-content\/uploads\/2019\/05\/mina01b.png&#8221; _builder_version=&#8221;3.22.7&#8243; header_font=&#8221;Annie Use Your Telescope||||||||&#8221; header_font_size=&#8221;36px&#8221; text_orientation=&#8221;center&#8221; background_layout=&#8221;dark&#8221; link_option_url=&#8221;http:\/\/webjornalismo.unicap.br\/machismonoesporte\/cartao-vermelho-para-o-machismo\/&#8221;] Atletas [&hellip;]<\/p>\n","protected":false},"author":1,"featured_media":0,"parent":0,"menu_order":0,"comment_status":"closed","ping_status":"closed","template":"","meta":{"_et_pb_use_builder":"on","_et_pb_old_content":"<!-- wp:paragraph -->\n<p>Esta \u00e9 uma p\u00e1gina de exemplo. \u00c9 diferente de um post no blog porque ela permanecer\u00e1 em um lugar e aparecer\u00e1 na navega\u00e7\u00e3o do seu site na maioria dos temas. Muitas pessoas come\u00e7am com uma p\u00e1gina que as apresenta a poss\u00edveis visitantes do site. Ela pode dizer algo assim:<\/p>\n<!-- \/wp:paragraph -->\n\n<!-- wp:quote -->\n<blockquote class=\"wp-block-quote\"><p>Ol\u00e1! Eu sou um mensageiro de bicicleta durante o dia, ator aspirante \u00e0 noite, e este \u00e9 o meu site. Eu moro em S\u00e3o Paulo, tenho um grande cachorro chamado Rex e gosto de tomar caipirinha (e banhos de chuva).<\/p><\/blockquote>\n<!-- \/wp:quote -->\n\n<!-- wp:paragraph -->\n<p>...ou alguma coisa assim:<\/p>\n<!-- \/wp:paragraph -->\n\n<!-- wp:quote -->\n<blockquote class=\"wp-block-quote\"><p>A Companhia de Miniaturas XYZ foi fundada em 1971, e desde ent\u00e3o tem fornecido miniaturas de qualidade ao p\u00fablico. Localizada na cidade de Itu, a XYZ emprega mais de 2.000 pessoas e faz coisas grandiosas para a comunidade da cidade.<\/p><\/blockquote>\n<!-- \/wp:quote -->\n\n<!-- wp:paragraph -->\n<p>Como um novo usu\u00e1rio do WordPress, voc\u00ea deveria ir ao <a href=\"http:\/\/webjornalismo.unicap.br\/machismonoesporte\/wp-admin\/\">painel<\/a> para excluir essa p\u00e1gina e criar novas p\u00e1ginas para o seu conte\u00fado. Divirta-se!<\/p>\n<!-- \/wp:paragraph -->","_et_gb_content_width":"","footnotes":""},"class_list":["post-2","page","type-page","status-publish","hentry"],"_links":{"self":[{"href":"https:\/\/webjornalismo.unicap.br\/machismonoesporte\/wp-json\/wp\/v2\/pages\/2","targetHints":{"allow":["GET"]}}],"collection":[{"href":"https:\/\/webjornalismo.unicap.br\/machismonoesporte\/wp-json\/wp\/v2\/pages"}],"about":[{"href":"https:\/\/webjornalismo.unicap.br\/machismonoesporte\/wp-json\/wp\/v2\/types\/page"}],"author":[{"embeddable":true,"href":"https:\/\/webjornalismo.unicap.br\/machismonoesporte\/wp-json\/wp\/v2\/users\/1"}],"replies":[{"embeddable":true,"href":"https:\/\/webjornalismo.unicap.br\/machismonoesporte\/wp-json\/wp\/v2\/comments?post=2"}],"version-history":[{"count":26,"href":"https:\/\/webjornalismo.unicap.br\/machismonoesporte\/wp-json\/wp\/v2\/pages\/2\/revisions"}],"predecessor-version":[{"id":525,"href":"https:\/\/webjornalismo.unicap.br\/machismonoesporte\/wp-json\/wp\/v2\/pages\/2\/revisions\/525"}],"wp:attachment":[{"href":"https:\/\/webjornalismo.unicap.br\/machismonoesporte\/wp-json\/wp\/v2\/media?parent=2"}],"curies":[{"name":"wp","href":"https:\/\/api.w.org\/{rel}","templated":true}]}}