{"id":151,"date":"2019-05-08T18:48:26","date_gmt":"2019-05-08T21:48:26","guid":{"rendered":"http:\/\/webjornalismo.unicap.br\/machismonoesporte\/?page_id=151"},"modified":"2020-10-10T13:47:37","modified_gmt":"2020-10-10T16:47:37","slug":"sobre","status":"publish","type":"page","link":"https:\/\/webjornalismo.unicap.br\/machismonoesporte\/sobre\/","title":{"rendered":"Sobre"},"content":{"rendered":"<p>[et_pb_section fb_built=&#8221;1&#8243; fullwidth=&#8221;on&#8221; _builder_version=&#8221;3.22.7&#8243;][et_pb_fullwidth_post_title meta=&#8221;off&#8221; featured_image=&#8221;off&#8221; _builder_version=&#8221;3.22.7&#8243; title_font=&#8221;||||||||&#8221; title_text_color=&#8221;#ffffff&#8221; title_font_size=&#8221;100px&#8221; background_image=&#8221;http:\/\/webjornalismo.unicap.br\/machismonoesporte\/wp-content\/uploads\/2019\/05\/bg-topo-secoes3.png&#8221; background_position=&#8221;bottom_right&#8221; custom_padding=&#8221;||350px&#8221;][\/et_pb_fullwidth_post_title][\/et_pb_section][et_pb_section fb_built=&#8221;1&#8243; _builder_version=&#8221;3.22.7&#8243; background_color=&#8221;#f4f4f4&#8243;][et_pb_row column_structure=&#8221;1_2,1_2&#8243; _builder_version=&#8221;3.25&#8243; background_color=&#8221;#f4f4f4&#8243; custom_padding=&#8221;0px||0px&#8221; hover_enabled=&#8221;0&#8243; sticky_enabled=&#8221;0&#8243;][et_pb_column type=&#8221;1_2&#8243; _builder_version=&#8221;3.25&#8243; custom_padding=&#8221;|||&#8221; custom_padding__hover=&#8221;|||&#8221;][et_pb_image src=&#8221;http:\/\/webjornalismo.unicap.br\/machismonoesporte\/wp-content\/uploads\/2020\/10\/WhatsApp-Image-2020-10-10-at-13.44.52.jpeg&#8221; align_tablet=&#8221;center&#8221; align_phone=&#8221;&#8221; align_last_edited=&#8221;on|desktop&#8221; _builder_version=&#8221;4.6.0&#8243; hover_enabled=&#8221;0&#8243; border_radii=&#8221;on|50px|50px|50px|50px&#8221; title_text=&#8221;Lorena Lima &#8221; sticky_enabled=&#8221;0&#8243;][\/et_pb_image][\/et_pb_column][et_pb_column type=&#8221;1_2&#8243; _builder_version=&#8221;3.25&#8243; custom_padding=&#8221;|||&#8221; custom_padding__hover=&#8221;|||&#8221;][et_pb_text _builder_version=&#8221;3.27.4&#8243; text_font=&#8221;||||||||&#8221; text_font_size=&#8221;16px&#8221; header_font=&#8221;||||||||&#8221; header_font_size=&#8221;60px&#8221;]<\/p>\n<h1><strong>Nota da Autora<br \/> <\/strong><\/h1>\n<p>A escolha do meu nome se deu quando meu pai ouviu William Bonner mencionar um munic\u00edpio brasileiro no Estado de S\u00e3o Paulo, chamado Lorena.\u00a0 Sempre digo que o meu encontro com o jornalismo se deu desde esse momento.<\/p>\n<p>Aos 16 anos, o jornalismo me chamou aten\u00e7\u00e3o, e cada vez mais me interesso por essa \u00e1rea. Durante os quatro anos estudando na Universidade Cat\u00f3lica de Pernambuco, vi os diversos meios em que o jornalismo pode se encaixar. Tive o prazer de conviver, conhecer e entrevistar pessoas incr\u00edveis, al\u00e9m de aprender com mestres que marcaram minha trajet\u00f3ria e hoje tenho um carinho muito especial para com eles.<\/p>\n<p>Sou muito grata a Deus por tudo que ele tem me proporcionado, e toda minha fam\u00edlia, em especial, minha m\u00e3e, Maria Helena, Ozeas Alves, meu pai, e minha irm\u00e3, Larissa Lima, que sempre me apoiaram e diante de todas as dificuldades, incentivaram e motivaram a continuar.<\/p>\n<p>Tamb\u00e9m agrade\u00e7o aos meus amigos de dentro e fora da gradua\u00e7\u00e3o, que me deram for\u00e7a nessa trajet\u00f3ria.<\/p>\n<p>E, claro, n\u00e3o poderia deixar de mencionar a minha orientadora, a qual tenho grande admira\u00e7\u00e3o e carinho, Carolina Monteiro, que n\u00e3o me deixou desistir e contribuiu para minha conclus\u00e3o. Por \u00faltimo, mas n\u00e3o menos importante, minha total gratid\u00e3o tamb\u00e9m\u00a0 ao webdesigner mais paciente e criativo que j\u00e1 conheci, Jota Bosco.<\/p>\n<p>[\/et_pb_text][\/et_pb_column][\/et_pb_row][\/et_pb_section]<\/p>\n","protected":false},"excerpt":{"rendered":"<p>[et_pb_section fb_built=&#8221;1&#8243; fullwidth=&#8221;on&#8221; _builder_version=&#8221;3.22.7&#8243;][et_pb_fullwidth_post_title meta=&#8221;off&#8221; featured_image=&#8221;off&#8221; _builder_version=&#8221;3.22.7&#8243; title_font=&#8221;||||||||&#8221; title_text_color=&#8221;#ffffff&#8221; title_font_size=&#8221;100px&#8221; background_image=&#8221;http:\/\/webjornalismo.unicap.br\/machismonoesporte\/wp-content\/uploads\/2019\/05\/bg-topo-secoes3.png&#8221; background_position=&#8221;bottom_right&#8221; custom_padding=&#8221;||350px&#8221;][\/et_pb_fullwidth_post_title][\/et_pb_section][et_pb_section fb_built=&#8221;1&#8243; _builder_version=&#8221;3.22.7&#8243; background_color=&#8221;#f4f4f4&#8243;][et_pb_row column_structure=&#8221;1_2,1_2&#8243; _builder_version=&#8221;3.25&#8243; background_color=&#8221;#f4f4f4&#8243; custom_padding=&#8221;0px||0px&#8221; hover_enabled=&#8221;0&#8243; sticky_enabled=&#8221;0&#8243;][et_pb_column type=&#8221;1_2&#8243; _builder_version=&#8221;3.25&#8243; custom_padding=&#8221;|||&#8221; custom_padding__hover=&#8221;|||&#8221;][et_pb_image src=&#8221;http:\/\/webjornalismo.unicap.br\/machismonoesporte\/wp-content\/uploads\/2020\/10\/WhatsApp-Image-2020-10-10-at-13.44.52.jpeg&#8221; align_tablet=&#8221;center&#8221; align_phone=&#8221;&#8221; align_last_edited=&#8221;on|desktop&#8221; _builder_version=&#8221;4.6.0&#8243; hover_enabled=&#8221;0&#8243; border_radii=&#8221;on|50px|50px|50px|50px&#8221; title_text=&#8221;Lorena Lima &#8221; sticky_enabled=&#8221;0&#8243;][\/et_pb_image][\/et_pb_column][et_pb_column type=&#8221;1_2&#8243; _builder_version=&#8221;3.25&#8243; custom_padding=&#8221;|||&#8221; custom_padding__hover=&#8221;|||&#8221;][et_pb_text _builder_version=&#8221;3.27.4&#8243; text_font=&#8221;||||||||&#8221; text_font_size=&#8221;16px&#8221; header_font=&#8221;||||||||&#8221; header_font_size=&#8221;60px&#8221;] Nota da Autora A escolha do meu nome se [&hellip;]<\/p>\n","protected":false},"author":2,"featured_media":0,"parent":0,"menu_order":0,"comment_status":"closed","ping_status":"closed","template":"","meta":{"_et_pb_use_builder":"on","_et_pb_old_content":"<!-- wp:divi\/placeholder \/-->","_et_gb_content_width":"","footnotes":""},"class_list":["post-151","page","type-page","status-publish","hentry"],"_links":{"self":[{"href":"https:\/\/webjornalismo.unicap.br\/machismonoesporte\/wp-json\/wp\/v2\/pages\/151","targetHints":{"allow":["GET"]}}],"collection":[{"href":"https:\/\/webjornalismo.unicap.br\/machismonoesporte\/wp-json\/wp\/v2\/pages"}],"about":[{"href":"https:\/\/webjornalismo.unicap.br\/machismonoesporte\/wp-json\/wp\/v2\/types\/page"}],"author":[{"embeddable":true,"href":"https:\/\/webjornalismo.unicap.br\/machismonoesporte\/wp-json\/wp\/v2\/users\/2"}],"replies":[{"embeddable":true,"href":"https:\/\/webjornalismo.unicap.br\/machismonoesporte\/wp-json\/wp\/v2\/comments?post=151"}],"version-history":[{"count":14,"href":"https:\/\/webjornalismo.unicap.br\/machismonoesporte\/wp-json\/wp\/v2\/pages\/151\/revisions"}],"predecessor-version":[{"id":719,"href":"https:\/\/webjornalismo.unicap.br\/machismonoesporte\/wp-json\/wp\/v2\/pages\/151\/revisions\/719"}],"wp:attachment":[{"href":"https:\/\/webjornalismo.unicap.br\/machismonoesporte\/wp-json\/wp\/v2\/media?parent=151"}],"curies":[{"name":"wp","href":"https:\/\/api.w.org\/{rel}","templated":true}]}}