{"id":122,"date":"2019-05-08T18:36:44","date_gmt":"2019-05-08T21:36:44","guid":{"rendered":"http:\/\/webjornalismo.unicap.br\/machismonoesporte\/?page_id=122"},"modified":"2019-06-17T18:27:34","modified_gmt":"2019-06-17T21:27:34","slug":"elas-no-comando","status":"publish","type":"page","link":"https:\/\/webjornalismo.unicap.br\/machismonoesporte\/elas-no-comando\/","title":{"rendered":"Elas no comando"},"content":{"rendered":"<p>[et_pb_section fb_built=&#8221;1&#8243; fullwidth=&#8221;on&#8221; _builder_version=&#8221;3.22.3&#8243; background_image=&#8221;http:\/\/webjornalismo.unicap.br\/machismonoesporte\/wp-content\/uploads\/2019\/04\/bg-topo.png&#8221; parallax=&#8221;on&#8221;][et_pb_fullwidth_header title=&#8221;Elas no comando&#8221; subhead=&#8221;O machismo tamb\u00e9m impede as mulheres de exercerem fun\u00e7\u00f5es de comando em clubes, times e federa\u00e7\u00f5es esportivas. A pouca representatividade termina por afetar os esportes femininos em geral&#8221; header_image_url=&#8221;http:\/\/webjornalismo.unicap.br\/machismonoesporte\/wp-content\/uploads\/2019\/05\/topo5-1.png&#8221; _builder_version=&#8221;3.22.7&#8243; title_font=&#8221;Annie Use Your Telescope|||on|||||&#8221; title_font_size=&#8221;70px&#8221; subhead_font=&#8221;Annie Use Your Telescope||||||||&#8221; subhead_font_size=&#8221;30px&#8221; subhead_line_height=&#8221;1.1em&#8221; background_color=&#8221;#c14592&#8243;][\/et_pb_fullwidth_header][\/et_pb_section][et_pb_section fb_built=&#8221;1&#8243; _builder_version=&#8221;3.22.7&#8243; custom_margin=&#8221;||63px|||&#8221;][et_pb_row background_color_2=&#8221;#4dbacd&#8221; _builder_version=&#8221;3.22.7&#8243;][et_pb_column type=&#8221;2_3&#8243; _builder_version=&#8221;3.22&#8243;][et_pb_code _builder_version=&#8221;3.22.7&#8243;]<iframe loading=\"lazy\" width=\"835\" height=\"470\" src=\"https:\/\/www.youtube.com\/embed\/9YvpNo6rO3U\" frameborder=\"0\" allow=\"accelerometer; autoplay; encrypted-media; gyroscope; picture-in-picture\" allowfullscreen><\/iframe>[\/et_pb_code][et_pb_text _builder_version=&#8221;3.22.7&#8243; text_font=&#8221;||||||||&#8221; text_text_color=&#8221;#000000&#8243; text_font_size=&#8221;15px&#8221; min_height=&#8221;343px&#8221; custom_margin=&#8221;||48px|||&#8221; custom_padding=&#8221;||0px|||&#8221;]<\/p>\n<p><span>\u201c<\/span><span>Acho que cada vez mais as mulheres est\u00e3o se destacando, n\u00e3o s\u00f3 no esporte mas na vida, na profiss\u00e3o. As mulheres est\u00e3o alcan\u00e7ando mais espa\u00e7o\u201d, afirma a ex-jogadora da sele\u00e7\u00e3o brasileira de v\u00f4lei, Virna Dias. <\/span><\/p>\n<p><span>Por mais que o assunto tenha se tornando pauta de alguns debates, a desigualdade <\/span><span>de g\u00eanero <\/span><span>nas pr\u00e1ticas esportivas continua presente. Os Jogos Ol\u00edmpicos de 2012 foram marcados pelo avan\u00e7o em dire\u00e7\u00e3o \u00e0 igualdade de g\u00eaneros por alguns motivos: 4.675 mulheres competiram no evento, o que representou 44,2% dos 10.567 atletas presentes. \u00a0A diferen\u00e7a de g\u00eanero \u00e9 grande e not\u00f3ria, se torna ainda maior quando analisamos a quantidade de mulheres em posi\u00e7\u00e3o de comando e por conta disso, a aus\u00eancia das mulheres em cargos de lideran\u00e7a nos esportes \u00e9 tido como algo n\u00e3o t\u00e3o comum. <\/span><\/p>\n<p><span>No Comit\u00ea Ol\u00edmpico do Brasil (COB), segundo site \u201cO Globo\u201d, as mulheres dominam o quadro de funcion\u00e1rios mas, em fun\u00e7\u00f5es de gest\u00e3o, s\u00e3o quase 45%. J\u00e1 na diretoria, dos seis chefes entre presidente, vice e diretoria, apenas uma mulher ocupa o cargo.<\/span><\/p>\n<p>[\/et_pb_text][et_pb_code _builder_version=&#8221;3.22.7&#8243;]<\/p>\n<div class=\"infogram-embed\" data-id=\"69212362-f47b-4524-b8a7-69f594b09e70\" data-type=\"interactive\" data-title=\"Elas ainda s\u00e3o poucas no comando\"><\/div>\n<p><script>!function(e,t,s,i){var n=\"InfogramEmbeds\",o=e.getElementsByTagName(\"script\")[0],d=\/^http:\/.test(e.location)?\"http:\":\"https:\";if(\/^\\\/{2}\/.test(i)&&(i=d+i),window[n]&&window[n].initialized)window[n].process&&window[n].process();else if(!e.getElementById(s)){var r=e.createElement(\"script\");r.async=1,r.id=s,r.src=i,o.parentNode.insertBefore(r,o)}}(document,0,\"infogram-async\",\"https:\/\/e.infogram.com\/js\/dist\/embed-loader-min.js\");<\/script><\/p>\n<div style=\"padding:8px 0;font-family:Arial!important;font-size:13px!important;line-height:15px!important;text-align:center;border-top:1px solid #dadada;margin:0 30px\"><a href=\"https:\/\/infogram.com\/69212362-f47b-4524-b8a7-69f594b09e70\" style=\"color:#989898!important;text-decoration:none!important;\" target=\"_blank\" rel=\"noopener noreferrer\">Elas ainda s\u00e3o poucas no comando<\/a><!\u2013- [et_pb_br_holder] -\u2013><a href=\"https:\/\/infogram.com\" style=\"color:#989898!important;text-decoration:none!important;\" target=\"_blank\" rel=\"nofollow noopener noreferrer\">Infogram<\/a><\/div>\n<p>[\/et_pb_code][et_pb_text _builder_version=&#8221;3.22.7&#8243; text_font=&#8221;||||||||&#8221; text_text_color=&#8221;#000000&#8243; text_font_size=&#8221;15px&#8221; min_height=&#8221;172px&#8221; custom_padding=&#8221;||0px|||&#8221; inline_fonts=&#8221;Georgia&#8221;]<\/p>\n<p style=\"font-weight: 500;\"><span style=\"font-weight: 400;\"> <\/span><\/p>\n<p style=\"font-weight: 500;\"><span style=\"font-weight: 400;\">A quest\u00e3o n\u00e3o \u00e9 que deveriam ter apenas mulheres nessas posi\u00e7\u00f5es, mas uma diversidade, j\u00e1 que dentro de um universo machista, o argumento \u00e9 dizer que as mulheres n\u00e3o entendem e nem podem trabalhar com esportes, o que n\u00e3o \u00e9 verdade. A troca de informa\u00e7\u00f5es, experi\u00eancias \u00e9 importante, afinal, \u00e9 poss\u00edvel haver um trabalho em conjunto, ter uma boa rela\u00e7\u00e3o, al\u00e9m disso, saber que o reconhecimento do trabalho \u00e9 importante pelo que \u00e9 realizado, independentemente do g\u00eanero, sem desvalorizar ou desrespeitar o outro. <\/span><\/p>\n<p style=\"font-weight: 500;\"><span style=\"font-weight: 400;\"><\/span><\/p>\n<p><span style=\"font-weight: 400;\"><\/span><\/p>\n<p>[\/et_pb_text][et_pb_image src=&#8221;http:\/\/webjornalismo.unicap.br\/machismonoesporte\/wp-content\/uploads\/2019\/06\/Tande.gif&#8221; show_bottom_space=&#8221;off&#8221; align_tablet=&#8221;center&#8221; align_last_edited=&#8221;on|desktop&#8221; _builder_version=&#8221;3.24.1&#8243;][\/et_pb_image][et_pb_text _builder_version=&#8221;3.22.7&#8243; text_font=&#8221;||||||||&#8221; text_font_size=&#8221;12px&#8221; text_orientation=&#8221;right&#8221; locked=&#8221;off&#8221;]<\/p>\n<p>Alexandre Ramos (Tande). Foto: Google\/Reprodu\u00e7\u00e3o da internet<\/p>\n<p>[\/et_pb_text][et_pb_text _builder_version=&#8221;3.22.7&#8243; text_font=&#8221;||||||||&#8221; text_text_color=&#8221;#000000&#8243; text_font_size=&#8221;15px&#8221; min_height=&#8221;172px&#8221; custom_padding=&#8221;||0px|||&#8221;]<\/p>\n<p><span>O campe\u00e3o ol\u00edmpico <\/span><span>Alexandre Ramos, mais conhecido como Tande se diz acostumando com a presen\u00e7a forte de mulheres em sua vida, inclusive nos esportes. \u201c<\/span><span>Fui educado por minha m\u00e3e, que era grudado nos filhos, e pela minha irm\u00e3, ent\u00e3o na vida sempre tive a educa\u00e7\u00e3o feminina e sou um admirador dela. Na sele\u00e7\u00e3o brasileira e em clubes, a gente trabalha volta e meia com as mulheres que fazem as estat\u00edsticas nos scouts dos jogos, psic\u00f3logas, nutricionistas, e realmente s\u00e3o fant\u00e1sticas\u201d.<\/span><\/p>\n<p><span style=\"font-size: 15px;\">Para as mulheres em posi\u00e7\u00f5es de comando nos esportes, lidar com muitas pessoas, ouvir, presenciar atitudes, coment\u00e1rios machistas, experi\u00eancias e argumentos \u00e9 uma realidade e isso foi assunto para o podcast<\/span><span style=\"font-size: 15px;\">:<\/span><span style=\"font-size: 15px;\"> \u201cElas no comando\u201d, que debateu sobre mulheres em posi\u00e7\u00f5es de lideran\u00e7a no universo ainda predominantemente masculino, As convidadas foram, \u00c2ngela Lima, que atuou como consultora da presid\u00eancia do Santa Cruz futebol clube, e J\u00falia Kacowiz, ex-diretora de comunica\u00e7\u00e3o institucional do Sport Clube do Recife.<\/span><\/p>\n<p>[\/et_pb_text][et_pb_code _builder_version=&#8221;3.22.7&#8243;][\/et_pb_code][et_pb_text _builder_version=&#8221;3.22.7&#8243;]<iframe loading=\"lazy\" width=\"100%\" height=\"166\" scrolling=\"no\" frameborder=\"no\" allow=\"autoplay\" src=\"https:\/\/w.soundcloud.com\/player\/?url=https%3A\/\/api.soundcloud.com\/tracks\/632724876&#038;color=%23ff5500&#038;auto_play=false&#038;hide_related=false&#038;show_comments=true&#038;show_user=true&#038;show_reposts=false&#038;show_teaser=true\"><\/iframe>[\/et_pb_text][\/et_pb_column][et_pb_column type=&#8221;1_3&#8243; _builder_version=&#8221;3.22&#8243;][et_pb_code _builder_version=&#8221;3.22&#8243;][\/et_pb_code][et_pb_code _builder_version=&#8221;3.22.7&#8243;][\/et_pb_code][et_pb_number_counter title=&#8221;Atletas estiveram presentes nas Olimp\u00edadas de 2012 &#8221; number=&#8221;10.567&#8243; percent_sign=&#8221;off&#8221; _builder_version=&#8221;3.22.7&#8243; number_font=&#8221;Annie Use Your Telescope|700|||||||&#8221; number_text_color=&#8221;#ffffff&#8221; number_font_size=&#8221;100px&#8221;][\/et_pb_number_counter][et_pb_code _builder_version=&#8221;3.22.7&#8243;][\/et_pb_code][et_pb_divider color=&#8221;#ffffff&#8221; divider_style=&#8221;dashed&#8221; _builder_version=&#8221;3.23.4&#8243; height=&#8221;0px&#8221;][\/et_pb_divider][et_pb_number_counter title=&#8221;Mulheres competiram no evento &#8221; number=&#8221;4.675&#8243; percent_sign=&#8221;off&#8221; _builder_version=&#8221;3.22.7&#8243; number_font=&#8221;Annie Use Your Telescope|700|||||||&#8221; number_text_color=&#8221;#ffffff&#8221; number_font_size=&#8221;100px&#8221;][\/et_pb_number_counter][et_pb_divider color=&#8221;#ffffff&#8221; divider_style=&#8221;dashed&#8221; _builder_version=&#8221;3.23.4&#8243; height=&#8221;0px&#8221;][\/et_pb_divider][\/et_pb_column][\/et_pb_row][\/et_pb_section]<\/p>\n","protected":false},"excerpt":{"rendered":"<p>[et_pb_section fb_built=&#8221;1&#8243; fullwidth=&#8221;on&#8221; _builder_version=&#8221;3.22.3&#8243; background_image=&#8221;http:\/\/webjornalismo.unicap.br\/machismonoesporte\/wp-content\/uploads\/2019\/04\/bg-topo.png&#8221; parallax=&#8221;on&#8221;][et_pb_fullwidth_header title=&#8221;Elas no comando&#8221; subhead=&#8221;O machismo tamb\u00e9m impede as mulheres de exercerem fun\u00e7\u00f5es de comando em clubes, times e federa\u00e7\u00f5es esportivas. A pouca representatividade termina por afetar os esportes femininos em geral&#8221; header_image_url=&#8221;http:\/\/webjornalismo.unicap.br\/machismonoesporte\/wp-content\/uploads\/2019\/05\/topo5-1.png&#8221; _builder_version=&#8221;3.22.7&#8243; title_font=&#8221;Annie Use Your Telescope|||on|||||&#8221; title_font_size=&#8221;70px&#8221; subhead_font=&#8221;Annie Use Your Telescope||||||||&#8221; subhead_font_size=&#8221;30px&#8221; subhead_line_height=&#8221;1.1em&#8221; background_color=&#8221;#c14592&#8243;][\/et_pb_fullwidth_header][\/et_pb_section][et_pb_section fb_built=&#8221;1&#8243; _builder_version=&#8221;3.22.7&#8243; custom_margin=&#8221;||63px|||&#8221;][et_pb_row background_color_2=&#8221;#4dbacd&#8221; [&hellip;]<\/p>\n","protected":false},"author":2,"featured_media":0,"parent":0,"menu_order":0,"comment_status":"closed","ping_status":"closed","template":"","meta":{"_et_pb_use_builder":"on","_et_pb_old_content":"","_et_gb_content_width":"","footnotes":""},"class_list":["post-122","page","type-page","status-publish","hentry"],"_links":{"self":[{"href":"https:\/\/webjornalismo.unicap.br\/machismonoesporte\/wp-json\/wp\/v2\/pages\/122","targetHints":{"allow":["GET"]}}],"collection":[{"href":"https:\/\/webjornalismo.unicap.br\/machismonoesporte\/wp-json\/wp\/v2\/pages"}],"about":[{"href":"https:\/\/webjornalismo.unicap.br\/machismonoesporte\/wp-json\/wp\/v2\/types\/page"}],"author":[{"embeddable":true,"href":"https:\/\/webjornalismo.unicap.br\/machismonoesporte\/wp-json\/wp\/v2\/users\/2"}],"replies":[{"embeddable":true,"href":"https:\/\/webjornalismo.unicap.br\/machismonoesporte\/wp-json\/wp\/v2\/comments?post=122"}],"version-history":[{"count":19,"href":"https:\/\/webjornalismo.unicap.br\/machismonoesporte\/wp-json\/wp\/v2\/pages\/122\/revisions"}],"predecessor-version":[{"id":711,"href":"https:\/\/webjornalismo.unicap.br\/machismonoesporte\/wp-json\/wp\/v2\/pages\/122\/revisions\/711"}],"wp:attachment":[{"href":"https:\/\/webjornalismo.unicap.br\/machismonoesporte\/wp-json\/wp\/v2\/media?parent=122"}],"curies":[{"name":"wp","href":"https:\/\/api.w.org\/{rel}","templated":true}]}}