{"id":114,"date":"2019-05-08T18:30:46","date_gmt":"2019-05-08T21:30:46","guid":{"rendered":"http:\/\/webjornalismo.unicap.br\/machismonoesporte\/?page_id=114"},"modified":"2019-06-17T18:30:23","modified_gmt":"2019-06-17T21:30:23","slug":"trabalho-em-conjunto","status":"publish","type":"page","link":"https:\/\/webjornalismo.unicap.br\/machismonoesporte\/trabalho-em-conjunto\/","title":{"rendered":"Elas tamb\u00e9m podem torcer"},"content":{"rendered":"<p>[et_pb_section fb_built=&#8221;1&#8243; fullwidth=&#8221;on&#8221; _builder_version=&#8221;3.22.3&#8243; background_image=&#8221;http:\/\/webjornalismo.unicap.br\/machismonoesporte\/wp-content\/uploads\/2019\/04\/bg-topo.png&#8221; parallax=&#8221;on&#8221;][et_pb_fullwidth_header title=&#8221;Elas tamb\u00e9m podem torcer &#8221; subhead=&#8221;Lugar de mulher \u00e9 onde ela quiser, mas algumas torcedoras ainda temem pela seguran\u00e7a nos est\u00e1dios de futebol&#8221; header_image_url=&#8221;http:\/\/webjornalismo.unicap.br\/machismonoesporte\/wp-content\/uploads\/2019\/05\/topo3-1.png&#8221; _builder_version=&#8221;3.22.7&#8243; title_font=&#8221;Annie Use Your Telescope|||on|||||&#8221; title_font_size=&#8221;70px&#8221; subhead_font=&#8221;Annie Use Your Telescope||||||||&#8221; subhead_font_size=&#8221;30px&#8221; subhead_line_height=&#8221;1.1em&#8221; background_color=&#8221;#deaa6f&#8221;][\/et_pb_fullwidth_header][\/et_pb_section][et_pb_section fb_built=&#8221;1&#8243; _builder_version=&#8221;3.22.7&#8243; custom_margin=&#8221;||63px|||&#8221;][et_pb_row background_color_2=&#8221;#4dbacd&#8221; _builder_version=&#8221;3.22.7&#8243;][et_pb_column type=&#8221;2_3&#8243; _builder_version=&#8221;3.22&#8243;][et_pb_gallery gallery_ids=&#8221;443,445&#8243; fullwidth=&#8221;on&#8221; _builder_version=&#8221;3.24.1&#8243; custom_padding=&#8221;||0px&#8221; custom_margin=&#8221;||0px&#8221; auto=&#8221;on&#8221; auto_speed=&#8221;6000&#8243;][\/et_pb_gallery][et_pb_text _builder_version=&#8221;3.22.7&#8243; text_font=&#8221;||||||||&#8221; text_font_size=&#8221;12px&#8221; text_orientation=&#8221;right&#8221; locked=&#8221;off&#8221;]<\/p>\n<p>Marcela Corr\u00eaa\/Timbuzeiras. Foto: Arquivo pessoal<\/p>\n<p>[\/et_pb_text][et_pb_text _builder_version=&#8221;3.22.7&#8243; text_font=&#8221;||||||||&#8221; text_text_color=&#8221;#000000&#8243; text_font_size=&#8221;15px&#8221; header_font=&#8221;|700|||||||&#8221; header_font_size=&#8221;36px&#8221; custom_padding=&#8221;0px|||||&#8221; inline_fonts=&#8221;Georgia&#8221;]<\/p>\n<p><span style=\"font-weight: 400;\">A estudante de Direito Marcela Corr\u00eaa define o que \u00e9 torcer por um time de futebol com brilho nos olhos: \u201c\u00c9 prestar apoio, irradiar, captar a energia e m\u00e1gica do momento. \u00c9 ecoar em voc\u00ea cada grito e cada aplauso. Elogiar, apoiar na vit\u00f3ria e torcer pela recupera\u00e7\u00e3o diante das derrotas\u201d. Ela \u00e9 integrante do Timbuzeiras, grupo de torcedoras do Clube N\u00e1utico do Capibaribe, que surgiu de uma brincadeira no Whatsapp e hoje conta com 27 integrantes se apoiam, vibram e incentivam o clube.<\/span><\/p>\n<p><span style=\"font-weight: 400;\">Como torcedoras, as mulheres costumam ser questionadas como se tivessem a obriga\u00e7\u00e3o de mostrar que sabem e basta demonstrar um pouco de interesse pelo esporte para se deparar com o clich\u00ea machista: \u201cent\u00e3o me diga o que \u00e9 impedimento\u201d? \u00c9 certo que esse cen\u00e1rio vem mudando no pa\u00eds do futebol e o aumento da presen\u00e7a feminina no campo \u00e9 not\u00e1vel. <\/span><\/p>\n<p><span style=\"font-weight: 400;\">A pesquisadora e escritora pernambucana Soraya Barreto \u00e9 autora do livro \u201cMulheres no campo\u201d, fruto de uma pesquisa fruto de sua inquieta\u00e7\u00e3o como torcedora e apreciadora de futebol e com inten\u00e7\u00e3o de compreender quem s\u00e3o e como se comportam as torcedoras em Pernambuco e que percurso trilharam at\u00e9 se identificarem como tal. <\/span><\/p>\n<p><span style=\"font-weight: 400;\">Soraya afirma que houve uma mudan\u00e7a e inser\u00e7\u00e3o das mulheres no campo e destaca: \u201cN\u00e3o \u00e9 que as mulheres n\u00e3o praticavam ou n\u00e3o torciam, tanto \u00e9 que uma vers\u00e3o para a origem do termo \u201ctorcida\u201d vem justamente da presen\u00e7a das mulheres no campo. Aqui no Brasil, no in\u00edcio do s\u00e9culo XX, elas iam torcer por seus maridos e essas mulheres torciam len\u00e7os ou luvas na hora em que tinha algum lance mais interessante que poderia ser gol. Esse ato levou a se chamar o ato de torcer, torcida, torcedor e torcedora. A partir do momento em que entram homens de outras classes, outras ra\u00e7as, para jogar futebol, as mulheres de \u201cboa\u201d fam\u00edlia, como eram consideradas, eram afastadas dos campos e do futebol. Ent\u00e3o a gente justifica o porqu\u00ea dessa invisibilidade\u201d, explica.<\/span><\/p>\n<p><span style=\"font-weight: 400;\"> <\/span><\/p>\n<p>[\/et_pb_text][et_pb_gallery gallery_ids=&#8221;459,456,457&#8243; fullwidth=&#8221;on&#8221; _builder_version=&#8221;3.24.1&#8243; custom_padding=&#8221;||0px&#8221; custom_margin=&#8221;||0px&#8221; auto=&#8221;on&#8221; auto_speed=&#8221;6000&#8243;][\/et_pb_gallery][et_pb_text _builder_version=&#8221;3.22.7&#8243; text_font=&#8221;||||||||&#8221; text_font_size=&#8221;12px&#8221; text_orientation=&#8221;right&#8221; locked=&#8221;off&#8221;]<\/p>\n<p>Thais Villar. Foto: Arquivo pessoal<\/p>\n<p>[\/et_pb_text][et_pb_text _builder_version=&#8221;3.22.7&#8243; text_font=&#8221;||||||||&#8221; text_text_color=&#8221;#000000&#8243; text_font_size=&#8221;15px&#8221; header_font=&#8221;|700|||||||&#8221; header_font_size=&#8221;36px&#8221; custom_padding=&#8221;0px|||||&#8221;]<\/p>\n<p><span>Sobre o assunto, a estudante de jornalismo e torcedora do Sport Clube do Recife, Thais Villar, destaca: \u201cInfelizmente \u00e9 bastante not\u00f3rio que ainda h\u00e1 muito machismo no \u00e2mbito do futebol. Come\u00e7ando pelo fato das jogadoras de futebol feminino n\u00e3o terem a visibilidade e o reconhecimento que o masculino tem\u201d, aponta.<\/span><\/p>\n<p><span>A presen\u00e7a das mulheres em jogos de futebol vem numa crescente, prova disso \u00e9 o resultado de um estudo realizado pelo Esporte Clube Bahia, em agosto de 2018. O <a href=\"https:\/\/esporteclubebahia.com.br\/wp-content\/uploads\/2018\/08\/Torcedoras-do-EC-Bahia.pdf\">levantamento mostrou<\/a> que 69% das torcedoras do clube t\u00eam viv\u00eancia de est\u00e1dio e ainda 23% delas afirmaram ter sofrido algum tipo de discrimina\u00e7\u00e3o nas arquibancadas por serem mulheres. <\/span><\/p>\n<p><span><\/span><\/p>\n<p>[\/et_pb_text][et_pb_code _builder_version=&#8221;3.22.7&#8243;]<\/p>\n<div class=\"infogram-embed\" data-id=\"7693dd88-3d02-4396-b403-0e93082b4951\" data-type=\"interactive\" data-title=\"Torcedoras Inter - Gr\u00eamio \"><\/div>\n<p><script>!function(e,t,s,i){var n=\"InfogramEmbeds\",o=e.getElementsByTagName(\"script\")[0],d=\/^http:\/.test(e.location)?\"http:\":\"https:\";if(\/^\\\/{2}\/.test(i)&&(i=d+i),window[n]&&window[n].initialized)window[n].process&&window[n].process();else if(!e.getElementById(s)){var r=e.createElement(\"script\");r.async=1,r.id=s,r.src=i,o.parentNode.insertBefore(r,o)}}(document,0,\"infogram-async\",\"https:\/\/e.infogram.com\/js\/dist\/embed-loader-min.js\");<\/script><\/p>\n<div style=\"padding:8px 0;font-family:Arial!important;font-size:13px!important;line-height:15px!important;text-align:center;border-top:1px solid #dadada;margin:0 30px\"><a href=\"https:\/\/infogram.com\/7693dd88-3d02-4396-b403-0e93082b4951\" style=\"color:#989898!important;text-decoration:none!important;\" target=\"_blank\" rel=\"noopener noreferrer\">Torcedoras Inter &#8211; Gr\u00eamio <\/a><!\u2013- [et_pb_br_holder] -\u2013><a href=\"https:\/\/infogram.com\" style=\"color:#989898!important;text-decoration:none!important;\" target=\"_blank\" rel=\"nofollow noopener noreferrer\">Infogram<\/a><\/div>\n<p>[\/et_pb_code][et_pb_code _builder_version=&#8221;3.22.7&#8243;]<\/p>\n<div class=\"infogram-embed\" data-id=\"72731e43-d60e-48c4-b3a9-6bc491455f70\" data-type=\"interactive\" data-title=\"Torcedoras \"><\/div>\n<p><script>!function(e,t,s,i){var n=\"InfogramEmbeds\",o=e.getElementsByTagName(\"script\")[0],d=\/^http:\/.test(e.location)?\"http:\":\"https:\";if(\/^\\\/{2}\/.test(i)&&(i=d+i),window[n]&&window[n].initialized)window[n].process&&window[n].process();else if(!e.getElementById(s)){var r=e.createElement(\"script\");r.async=1,r.id=s,r.src=i,o.parentNode.insertBefore(r,o)}}(document,0,\"infogram-async\",\"https:\/\/e.infogram.com\/js\/dist\/embed-loader-min.js\");<\/script><\/p>\n<div style=\"padding:8px 0;font-family:Arial!important;font-size:13px!important;line-height:15px!important;text-align:center;border-top:1px solid #dadada;margin:0 30px\"><a href=\"https:\/\/infogram.com\/72731e43-d60e-48c4-b3a9-6bc491455f70\" style=\"color:#989898!important;text-decoration:none!important;\" target=\"_blank\" rel=\"noopener noreferrer\">Torcedoras <\/a><!\u2013- [et_pb_br_holder] -\u2013><a href=\"https:\/\/infogram.com\" style=\"color:#989898!important;text-decoration:none!important;\" target=\"_blank\" rel=\"nofollow noopener noreferrer\">Infogram<\/a><\/div>\n<p>[\/et_pb_code][et_pb_text _builder_version=&#8221;3.22.7&#8243; text_font=&#8221;||||||||&#8221; text_text_color=&#8221;#000000&#8243; text_font_size=&#8221;15px&#8221; header_font=&#8221;|700|||||||&#8221; header_font_size=&#8221;36px&#8221; custom_padding=&#8221;0px|||||&#8221;]<\/p>\n<p><span>Em 2017 foi realizado o <\/span><span>1\u00b0 Encontro Nacional de Mulheres de Arquibancada, no Museu do Futebol em S\u00e3o Paulo. Participaram cerca de 350 mulheres representando 50 torcidas, de 11 estados brasileiros, para trocar experi\u00eancias e debater <\/span><span>sobre o amor por torcer e a participa\u00e7\u00e3o feminina dentro dos est\u00e1dios.<\/span><\/p>\n<p><span>Querer estar em campo para assistir uma partida de futebol n\u00e3o \u00e9 algo restrito a homens, mas a presen\u00e7a delas ainda gera inc\u00f4modo, ass\u00e9dio e coment\u00e1rios. Marcela Corr\u00eaa j\u00e1 foi v\u00edtima e descreve: \u201cMuita gente j\u00e1 falou que eu n\u00e3o entendia de futebol, ou chamou de maria chuteira, porque infelizmente algumas pessoas ainda t\u00eam a mentalidade de que se a mulher gosta de futebol \u00e9 para ir atr\u00e1s de homem, ou agradar homem, e n\u00e3o \u00e9 assim\u201d.<\/span><\/p>\n<p><span>A pesquisadora Soraya Barreto v\u00ea o aumento da presen\u00e7a feminina na arquibancada com entusiasmo. \u201cVejo um desenvolvimento, um cen\u00e1rio que se faz muito mais positivo para conquista desse espa\u00e7o ainda t\u00e3o negado \u00e0s mulheres, devido \u00e0 viol\u00eancia e ao machismo\u201d.<\/span><\/p>\n<p>[\/et_pb_text][et_pb_code _builder_version=&#8221;3.22.7&#8243;]<iframe loading=\"lazy\" width=\"1280\" height=\"720\" src=\"https:\/\/www.youtube.com\/embed\/2TVhz40FN3I\" frameborder=\"0\" allow=\"accelerometer; autoplay; encrypted-media; gyroscope; picture-in-picture\" allowfullscreen><\/iframe>[\/et_pb_code][\/et_pb_column][et_pb_column type=&#8221;1_3&#8243; _builder_version=&#8221;3.22&#8243;][et_pb_text _builder_version=&#8221;3.22.7&#8243; header_font=&#8221;||||||||&#8221; header_2_font=&#8221;|700|||||||&#8221; header_2_text_color=&#8221;#9378a8&#8243; header_2_font_size=&#8221;50px&#8221; custom_padding=&#8221;30px|30px|0px|30px&#8221;]<\/p>\n<h2>Saiba mais&#8230;<\/h2>\n<p>[\/et_pb_text][et_pb_testimonial author=&#8221;Marcela Corr\u00eaa&#8221; job_title=&#8221;Integrante do Timbuzeiras &#8221; portrait_url=&#8221;http:\/\/webjornalismo.unicap.br\/machismonoesporte\/wp-content\/uploads\/2019\/06\/Marcela-Corr\u00eaa.jpg&#8221; quote_icon_color=&#8221;#000000&#8243; portrait_width=&#8221;84px&#8221; _builder_version=&#8221;3.22.7&#8243; border_style_all_portrait=&#8221;ridge&#8221;]<\/p>\n<div data-shortcode-id=\"1.0.1.3-1560284555061\" data-quickaccess-editable=\"yes\" class=\"et-fb-popover-tinymce\">\n<div class=\"mce-content-body\" contenteditable=\"true\">\n<p><span>\u201cAtualmente tem uma melhora, podemos ver diversos grupos de torcedoras e mulheres conquistando seus espa\u00e7os. E \u00e9 muito gratificante ver que de certa forma est\u00e1 tendo uma melhora nesse ambiente&#8221;.<\/span><\/p>\n<\/div>\n<\/div>\n<p>&nbsp;<\/p>\n<p>[\/et_pb_testimonial][et_pb_divider color=&#8221;#ffffff&#8221; divider_style=&#8221;dashed&#8221; _builder_version=&#8221;3.23.4&#8243; height=&#8221;0px&#8221;][\/et_pb_divider][et_pb_testimonial author=&#8221;Thais Villar &#8221; job_title=&#8221;Torcedora do Sport &#8221; portrait_url=&#8221;http:\/\/webjornalismo.unicap.br\/machismonoesporte\/wp-content\/uploads\/2019\/06\/WhatsApp-Image-2019-06-02-at-14.33.11.jpeg&#8221; quote_icon_color=&#8221;#000000&#8243; _builder_version=&#8221;3.22.7&#8243; background_color=&#8221;#4dbacd&#8221; background_layout=&#8221;dark&#8221;]<\/p>\n<p><span style=\"font-weight: 400;\">\u201cNunca passei por nenhuma situa\u00e7\u00e3o de coment\u00e1rios machistas no est\u00e1dio. Muito pelo contr\u00e1rio, j\u00e1 debati sobre o jogo com homens que estavam ao meu lado, vibrei junto com eles. Muitos j\u00e1 chegaram a me elogiar por me verem sozinha na arquibancada assistindo a partida&#8221;.<\/span><\/p>\n<p>[\/et_pb_testimonial][et_pb_divider color=&#8221;#ffffff&#8221; divider_style=&#8221;dashed&#8221; _builder_version=&#8221;3.23.4&#8243; height=&#8221;0px&#8221;][\/et_pb_divider][et_pb_testimonial author=&#8221;Soraya Barreto &#8221; job_title=&#8221;Pesquisadora e Professora da UFPE &#8221; portrait_url=&#8221;http:\/\/webjornalismo.unicap.br\/machismonoesporte\/wp-content\/uploads\/2019\/06\/Soraya-Barreto.jpg&#8221; quote_icon_color=&#8221;#000000&#8243; _builder_version=&#8221;3.22.7&#8243;]<\/p>\n<p><span style=\"font-weight: 400;\">&#8220;Acredito que elas v\u00eam conseguindo respeito. N\u00e3o diria garantindo, mas vem conquistando respeito, atrav\u00e9s da luta&#8221;<\/span><\/p>\n<p>[\/et_pb_testimonial][\/et_pb_column][\/et_pb_row][\/et_pb_section]<\/p>\n","protected":false},"excerpt":{"rendered":"<p>[et_pb_section fb_built=&#8221;1&#8243; fullwidth=&#8221;on&#8221; _builder_version=&#8221;3.22.3&#8243; background_image=&#8221;http:\/\/webjornalismo.unicap.br\/machismonoesporte\/wp-content\/uploads\/2019\/04\/bg-topo.png&#8221; parallax=&#8221;on&#8221;][et_pb_fullwidth_header title=&#8221;Elas tamb\u00e9m podem torcer &#8221; subhead=&#8221;Lugar de mulher \u00e9 onde ela quiser, mas algumas torcedoras ainda temem pela seguran\u00e7a nos est\u00e1dios de futebol&#8221; header_image_url=&#8221;http:\/\/webjornalismo.unicap.br\/machismonoesporte\/wp-content\/uploads\/2019\/05\/topo3-1.png&#8221; _builder_version=&#8221;3.22.7&#8243; title_font=&#8221;Annie Use Your Telescope|||on|||||&#8221; title_font_size=&#8221;70px&#8221; subhead_font=&#8221;Annie Use Your Telescope||||||||&#8221; subhead_font_size=&#8221;30px&#8221; subhead_line_height=&#8221;1.1em&#8221; background_color=&#8221;#deaa6f&#8221;][\/et_pb_fullwidth_header][\/et_pb_section][et_pb_section fb_built=&#8221;1&#8243; _builder_version=&#8221;3.22.7&#8243; custom_margin=&#8221;||63px|||&#8221;][et_pb_row background_color_2=&#8221;#4dbacd&#8221; _builder_version=&#8221;3.22.7&#8243;][et_pb_column type=&#8221;2_3&#8243; _builder_version=&#8221;3.22&#8243;][et_pb_gallery gallery_ids=&#8221;443,445&#8243; fullwidth=&#8221;on&#8221; _builder_version=&#8221;3.24.1&#8243; custom_padding=&#8221;||0px&#8221; custom_margin=&#8221;||0px&#8221; [&hellip;]<\/p>\n","protected":false},"author":2,"featured_media":0,"parent":0,"menu_order":0,"comment_status":"closed","ping_status":"closed","template":"","meta":{"_et_pb_use_builder":"on","_et_pb_old_content":"","_et_gb_content_width":"","footnotes":""},"class_list":["post-114","page","type-page","status-publish","hentry"],"_links":{"self":[{"href":"https:\/\/webjornalismo.unicap.br\/machismonoesporte\/wp-json\/wp\/v2\/pages\/114","targetHints":{"allow":["GET"]}}],"collection":[{"href":"https:\/\/webjornalismo.unicap.br\/machismonoesporte\/wp-json\/wp\/v2\/pages"}],"about":[{"href":"https:\/\/webjornalismo.unicap.br\/machismonoesporte\/wp-json\/wp\/v2\/types\/page"}],"author":[{"embeddable":true,"href":"https:\/\/webjornalismo.unicap.br\/machismonoesporte\/wp-json\/wp\/v2\/users\/2"}],"replies":[{"embeddable":true,"href":"https:\/\/webjornalismo.unicap.br\/machismonoesporte\/wp-json\/wp\/v2\/comments?post=114"}],"version-history":[{"count":20,"href":"https:\/\/webjornalismo.unicap.br\/machismonoesporte\/wp-json\/wp\/v2\/pages\/114\/revisions"}],"predecessor-version":[{"id":713,"href":"https:\/\/webjornalismo.unicap.br\/machismonoesporte\/wp-json\/wp\/v2\/pages\/114\/revisions\/713"}],"wp:attachment":[{"href":"https:\/\/webjornalismo.unicap.br\/machismonoesporte\/wp-json\/wp\/v2\/media?parent=114"}],"curies":[{"name":"wp","href":"https:\/\/api.w.org\/{rel}","templated":true}]}}