{"id":634,"date":"2020-06-12T20:54:44","date_gmt":"2020-06-12T23:54:44","guid":{"rendered":"https:\/\/webjornalismo.unicap.br\/inteligenciaartificial\/?page_id=634"},"modified":"2020-06-15T14:48:23","modified_gmt":"2020-06-15T17:48:23","slug":"robos-assassinos","status":"publish","type":"page","link":"https:\/\/webjornalismo.unicap.br\/inteligenciaartificial\/robos-assassinos\/","title":{"rendered":"Rob\u00f4s assassinos?"},"content":{"rendered":"<p>[et_pb_section fb_built=&#8221;1&#8243; fullwidth=&#8221;on&#8221; _builder_version=&#8221;4.4.8&#8243; hover_enabled=&#8221;0&#8243; disabled_on=&#8221;on|off|off&#8221;][et_pb_fullwidth_header title=&#8221;Rob\u00f4s assassinos?&#8221; header_fullscreen=&#8221;on&#8221; header_scroll_down=&#8221;on&#8221; scroll_down_icon=&#8221;%%7%%&#8221; scroll_down_icon_color=&#8221;#000000&#8243; content_max_width=&#8221;40%&#8221; content_max_width_tablet=&#8221;60%&#8221; content_max_width_phone=&#8221;100%&#8221; content_max_width_last_edited=&#8221;on|phone&#8221; _builder_version=&#8221;4.4.8&#8243; title_font=&#8221;|700|||||||&#8221; title_text_align=&#8221;left&#8221; title_font_size=&#8221;60px&#8221; background_enable_color=&#8221;off&#8221; background_image=&#8221;https:\/\/webjornalismo.unicap.br\/inteligenciaartificial\/wp-content\/uploads\/2020\/06\/Killer-Robots.jpg&#8221; module_alignment=&#8221;left&#8221; custom_margin=&#8221;||||false|false&#8221; custom_padding=&#8221;|||0%|false|false&#8221; title_font_size_tablet=&#8221;50px&#8221; title_font_size_phone=&#8221;30px&#8221; title_font_size_last_edited=&#8221;on|phone&#8221; custom_css_title=&#8221;background-color:#000;||padding:20px;||margin-top: 38vh;&#8221; locked=&#8221;off&#8221;][\/et_pb_fullwidth_header][\/et_pb_section][et_pb_section fb_built=&#8221;1&#8243; _builder_version=&#8221;4.4.8&#8243; background_color=&#8221;#e0b917&#8243; hover_enabled=&#8221;0&#8243; disabled_on=&#8221;off|on|on&#8221; locked=&#8221;off&#8221;][et_pb_row _builder_version=&#8221;4.4.8&#8243;][et_pb_column _builder_version=&#8221;4.4.8&#8243; type=&#8221;4_4&#8243;][et_pb_blurb title=&#8221;ROBOS ASSASSINOS?&#8221; url=&#8221;@ET-DC@eyJkeW5hbWljIjp0cnVlLCJjb250ZW50IjoicG9zdF9saW5rX3VybF9wYWdlIiwic2V0dGluZ3MiOnsicG9zdF9pZCI6IjYzMSJ9fQ==@&#8221; image=&#8221;https:\/\/webjornalismo.unicap.br\/inteligenciaartificial\/wp-content\/uploads\/2020\/06\/Killer-Robots.jpg&#8221; _builder_version=&#8221;4.4.8&#8243; _dynamic_attributes=&#8221;url,link_option_url&#8221; header_font=&#8221;|800|||||||&#8221; header_text_color=&#8221;#ffffff&#8221; header_font_size=&#8221;26px&#8221; body_text_color=&#8221;#000000&#8243; link_option_url=&#8221;@ET-DC@eyJkeW5hbWljIjp0cnVlLCJjb250ZW50IjoicG9zdF9saW5rX3VybF9wYWdlIiwic2V0dGluZ3MiOnsicG9zdF9pZCI6IjYzMSJ9fQ==@&#8221; locked=&#8221;off&#8221; alt=&#8221;%22Le\u00e3o aut\u00f4mato%22, %22O turco%22 e Deep Blue nascem do mesmo sonho&#8221; title_text=&#8221;Killer Robots&#8221; background_enable_image=&#8221;off&#8221; custom_css_blurb_title=&#8221;background-color:#000;||padding:10px;&#8221; hover_enabled=&#8221;0&#8243;][\/et_pb_blurb][\/et_pb_column][\/et_pb_row][\/et_pb_section][et_pb_section fb_built=&#8221;1&#8243; _builder_version=&#8221;4.4.2&#8243; custom_padding=&#8221;2px|||||&#8221;][et_pb_row _builder_version=&#8221;4.4.2&#8243; width=&#8221;84.9%&#8221; custom_padding=&#8221;40px|||||&#8221;][et_pb_column type=&#8221;4_4&#8243; _builder_version=&#8221;4.4.2&#8243;][et_pb_text _builder_version=&#8221;4.4.2&#8243; custom_margin=&#8221;|-2px||||&#8221; custom_padding=&#8221;|0px||||&#8221;]<\/p>\n<p><span style=\"font-weight: 400;\">A reportagem <\/span><a href=\"https:\/\/webjornalismo.unicap.br\/inteligenciaartificial\/inteligencia-artificial-e-sociedade\/\"><i><span style=\"font-weight: 400;\">N\u00f3s fazemos parte do futuro?<\/span><\/i><\/a><span style=\"font-weight: 400;\"> mostra que o fim de algumas classes sociais deve ser lento, promovido por um longo processo de exclus\u00e3o e marginaliza\u00e7\u00e3o da sociedade, catalisado pelos avan\u00e7os da intelig\u00eancia artificial e da rob\u00f3tica. <\/span><span style=\"font-weight: 400;\">Neste cen\u00e1rio,<\/span><span style=\"font-weight: 400;\"> apesar de exterminadores do futuro estarem fora de proje\u00e7\u00e3o, anunciam-se neste s\u00e9culo <\/span><span style=\"font-weight: 400;\"><strong>rob\u00f4s letais para os humanos<\/strong>. A diferen\u00e7a \u00e9 que estes ser\u00e3o programados pela pr\u00f3pria humanidade.<\/span><\/p>\n<p><span style=\"font-weight: 400;\">Estados Unidos, R\u00fassia, China, Israel, Coreia do Sul e o Reino Unido s\u00e3o as principais bandeiras sob as quais desenvolvem-se novas tecnologias de intelig\u00eancia artificial e rob\u00f3tica voltadas para tirar do humano o papel de identificar e neutralizar alvos militares. Chamadas de \u201carmas aut\u00f4nomas\u201d, essas ferramentas de guerra podem ser drones munidos com um sistema de reconhecimento facial e explosivos ou mesmo tanques de guerra n\u00e3o tripulados. S\u00e3o m\u00e1quinas que, uma vez estabelecido o objetivo, podem decidir quem vive e quem morre sem mais interven\u00e7\u00f5es humanas, <\/span><span style=\"font-weight: 400;\">como no epis\u00f3dio Metalhead de Black Mirror<\/span><span style=\"font-weight: 400;\">.<\/span><\/p>\n<p><span style=\"font-weight: 400;\">Organiza\u00e7\u00f5es como a Human Rights Watch j\u00e1 se movimentam para definir uma linha vermelha no desenvolvimento <\/span><span style=\"font-weight: 400;\">b\u00e9lico<\/span><span style=\"font-weight: 400;\">, que culminaria em um novo tratado internacional para banir este tipo de armamento. Durante esta pandemia, a reportagem conversou com Mary Wareham, coordenadora global da Campaign to Stop Killer Robots, que atua na Human Rights Watch em Washington, DC. Al\u00e9m de diretora de advocacia da divis\u00e3o de armas, ela desenvolveu papel central na cria\u00e7\u00e3o e monitoramento do Tratado de banimento de minas, de 1997, e na Conven\u00e7\u00e3o de muni\u00e7\u00f5es de fragmenta\u00e7\u00e3o, de 2008.<\/span><\/p>\n<p><span style=\"font-weight: 400;\">\u201cA maioria dos nossos esfor\u00e7os s\u00e3o de conscientiza\u00e7\u00e3o, organiza\u00e7\u00e3o de pessoas e debates com pol\u00edticos para que possamos dialogar com mais l<\/span><span style=\"font-weight: 400;\">\u00ed<\/span><span style=\"font-weight: 400;\">deres atrav\u00e9s da Human Rights Watch. Nossos esfor\u00e7os se concentram em tentar transformar essas iniciativas em leis internacionais que regulem a cria\u00e7\u00e3o desses rob\u00f4s assassinos. Neste momento, nossos esfor\u00e7os est\u00e3o tendo foco na quest\u00e3o da automatiza\u00e7\u00e3o da identifica\u00e7\u00e3o de alvos e neutraliza\u00e7\u00e3o\u201d, explica Mary Wareham.<\/span><\/p>\n<p><span style=\"font-weight: 400;\">Ela explica que, no momento, a organiza\u00e7\u00e3o tenta se concentrar na quest\u00e3o dos alvos e do momento dos disparos, para que essa for\u00e7a letal continue sendo uma a\u00e7\u00e3o exclusiva humana. \u201cN\u00e3o podemos deixar a cargo de um sistema de intelig\u00eancia artificial a responsabilidade de identificar e atirar\u201d, afirma.<\/span><\/p>\n<p><span style=\"font-weight: 400;\">Entre os aliados da causa encontram-se o pr\u00f3prio secret\u00e1rio geral da ONU, Ant\u00f3nio Guterres, que j\u00e1 demonstrou interesse em criar leis que pro\u00edbam esse tipo de arma. O problema, por\u00e9m, \u00e9 que falta poder pol\u00edtico efetivo para criar um novo tratado internacional que estabele\u00e7a um limite. Temos aliados, como os ministros de rela\u00e7\u00f5es exteriores de pa\u00edses como o Canad\u00e1, Alemanha, Su\u00e9cia e Paquist\u00e3o. Apesar da ades\u00e3o, \u00e9 dif\u00edcil transformar esse apoio em medidas efetivas e legais..<\/span><\/p>\n<p><span style=\"font-weight: 400;\">Em abril deste ano, Bonnie Docherty. diretora associada de Conflitos Armados e Prote\u00e7\u00e3o Civil e professora de Direito na Cl\u00ednica Internacional de Direitos Humanos apresentou tr\u00eas propostas centrais para as regras em um documento, feito para a campanha, cujo objetivo seria tornar vi\u00e1vel o desenvolvimento de mecanismos judiciais para pr\u00f3ximos debates. As propostas s\u00e3o, de acordo com o site da campanha:\u00a0 1) \u201cUma obriga\u00e7\u00e3o geral para manter controle humano significativo no uso da for\u00e7a\u201d; 2) \u201cProibi\u00e7\u00f5es de sistemas armados que selecionam e visam alvos e, por sua natureza, causam problemas morais e legais fundamentais\u201d; 3) \u201cObriga\u00e7\u00f5es positivas para assegurar que o controle significativo humano ser\u00e1 mantido no uso de qualquer outro sistema que seleciona e ataca alvos\u201d.\u00a0<\/span><\/p>\n<p><span style=\"font-weight: 400;\">Questionada sobre os pa\u00edses subdesenvolvidos que, a princ\u00edpio, n\u00e3o poderiam bancar uma corrida armamentista para defesa contra esse tipo de amea\u00e7a, Mary argumenta: \u201cA maioria dos pa\u00edses do sul pol\u00edtico do mundo apoia a causa. Temos, por exemplo, o Paquist\u00e3o, que est\u00e1 assustado com a possibilidade da \u00cdndia desenvolver esse tipo de armamento. Al\u00e9m disso, temos o pr\u00f3prio Brasil, que estava assumindo um certo protagonismo na campanha contra os rob\u00f4s assassinos. Isso acontece porque a necessidade de investimento nesse tipo de defesa seria necess\u00e1rio se n\u00e3o conseguirmos p\u00f4r um limite nesse desenvolvimento\u201d.<\/span><\/p>\n<p><span style=\"font-weight: 400;\">Nesse sentido, a queda de prest\u00edgio internacional do Brasil se mostra como mais uma dificuldade. Apesar da falta de pol\u00edticas nacionais sobre o tema, em maio de 2014, o ent\u00e3o embaixador do Brasil, Pedro Motta Pinto Coelho, atuou na primeira reuni\u00e3o informal na Conven\u00e7\u00e3o da ONU sobre Armas Convencionais (conhecida pela sigla <\/span><i><span style=\"font-weight: 400;\">CCAC <\/span><\/i><span style=\"font-weight: 400;\">ou, em ingl\u00eas, CCW). Nela, o representante nacional afirmou a import\u00e2ncia do controle humano sobre mira e ataque. Al\u00e9m disso, houve diversas interven\u00e7\u00f5es durante o encontro, incluindo perguntas sobre o paradigma da responsabilidade pessoal sobre mortes geradas por essa tecnologia.<\/span><\/p>\n<p><span style=\"font-weight: 400;\">\u201cO Brasil estava se tornando uma esp\u00e9cie de lideran\u00e7a internacional, mas acho que fica dif\u00edcil articular com a ONU quando o pa\u00eds n\u00e3o paga seus d\u00e9bitos e, agora, menos ainda, principalmente por causa das atitudes do atual presidente. Muita coisa mudou com o Brasil e acho que s\u00f3 podemos pensar em como vai ser essa luta ap\u00f3s a pandemia\u201d, lamenta Mary Wareham.<\/span><\/p>\n<p><span style=\"font-weight: 400;\">Vista como o momento de \u201cvai ou racha\u201d no assunto, a Sexta Confer\u00eancia de Revis\u00e3o da Conven\u00e7\u00e3o da ONU sobre Armas Convencionais acontece em dezembro de\u00a0 2021. Este \u00e9 o prazo estabelecido pelos pa\u00edses desde que o debate sobre os rob\u00f4s letais come\u00e7ou oficialmente, em 2014. Ou seja, at\u00e9 o pr\u00f3ximo ano, a organiza\u00e7\u00e3o deve estabelecer um quadro normativo sobre o assunto.\u00a0 O acordo visado pela Human Rights Watch poderia ser assinado na ocasi\u00e3o, mas a R\u00fassia e os Estados Unidos seguem negando o compromisso com um instrumento jur\u00eddico vinculativo.<\/span><\/p>\n<p><span style=\"font-size: 18px;\"><\/span><\/p>\n<p>[\/et_pb_text][\/et_pb_column][\/et_pb_row][\/et_pb_section]<\/p>\n","protected":false},"excerpt":{"rendered":"<p>[et_pb_section fb_built=&#8221;1&#8243; fullwidth=&#8221;on&#8221; _builder_version=&#8221;4.4.8&#8243; hover_enabled=&#8221;0&#8243; disabled_on=&#8221;on|off|off&#8221;][et_pb_fullwidth_header title=&#8221;Rob\u00f4s assassinos?&#8221; header_fullscreen=&#8221;on&#8221; header_scroll_down=&#8221;on&#8221; scroll_down_icon=&#8221;%%7%%&#8221; scroll_down_icon_color=&#8221;#000000&#8243; content_max_width=&#8221;40%&#8221; content_max_width_tablet=&#8221;60%&#8221; content_max_width_phone=&#8221;100%&#8221; content_max_width_last_edited=&#8221;on|phone&#8221; _builder_version=&#8221;4.4.8&#8243; title_font=&#8221;|700|||||||&#8221; title_text_align=&#8221;left&#8221; title_font_size=&#8221;60px&#8221; background_enable_color=&#8221;off&#8221; background_image=&#8221;https:\/\/webjornalismo.unicap.br\/inteligenciaartificial\/wp-content\/uploads\/2020\/06\/Killer-Robots.jpg&#8221; module_alignment=&#8221;left&#8221; custom_margin=&#8221;||||false|false&#8221; custom_padding=&#8221;|||0%|false|false&#8221; title_font_size_tablet=&#8221;50px&#8221; title_font_size_phone=&#8221;30px&#8221; title_font_size_last_edited=&#8221;on|phone&#8221; custom_css_title=&#8221;background-color:#000;||padding:20px;||margin-top: 38vh;&#8221; locked=&#8221;off&#8221;][\/et_pb_fullwidth_header][\/et_pb_section][et_pb_section fb_built=&#8221;1&#8243; _builder_version=&#8221;4.4.8&#8243; background_color=&#8221;#e0b917&#8243; hover_enabled=&#8221;0&#8243; disabled_on=&#8221;off|on|on&#8221; locked=&#8221;off&#8221;][et_pb_row _builder_version=&#8221;4.4.8&#8243;][et_pb_column _builder_version=&#8221;4.4.8&#8243; type=&#8221;4_4&#8243;][et_pb_blurb title=&#8221;ROBOS ASSASSINOS?&#8221; url=&#8221;@ET-DC@eyJkeW5hbWljIjp0cnVlLCJjb250ZW50IjoicG9zdF9saW5rX3VybF9wYWdlIiwic2V0dGluZ3MiOnsicG9zdF9pZCI6IjYzMSJ9fQ==@&#8221; image=&#8221;https:\/\/webjornalismo.unicap.br\/inteligenciaartificial\/wp-content\/uploads\/2020\/06\/Killer-Robots.jpg&#8221; _builder_version=&#8221;4.4.8&#8243; _dynamic_attributes=&#8221;url,link_option_url&#8221; header_font=&#8221;|800|||||||&#8221; header_text_color=&#8221;#ffffff&#8221; header_font_size=&#8221;26px&#8221; body_text_color=&#8221;#000000&#8243; link_option_url=&#8221;@ET-DC@eyJkeW5hbWljIjp0cnVlLCJjb250ZW50IjoicG9zdF9saW5rX3VybF9wYWdlIiwic2V0dGluZ3MiOnsicG9zdF9pZCI6IjYzMSJ9fQ==@&#8221; locked=&#8221;off&#8221; alt=&#8221;%22Le\u00e3o aut\u00f4mato%22, %22O [&hellip;]<\/p>\n","protected":false},"author":2,"featured_media":0,"parent":0,"menu_order":0,"comment_status":"closed","ping_status":"closed","template":"","meta":{"_et_pb_use_builder":"on","_et_pb_old_content":"","_et_gb_content_width":""},"_links":{"self":[{"href":"https:\/\/webjornalismo.unicap.br\/inteligenciaartificial\/wp-json\/wp\/v2\/pages\/634"}],"collection":[{"href":"https:\/\/webjornalismo.unicap.br\/inteligenciaartificial\/wp-json\/wp\/v2\/pages"}],"about":[{"href":"https:\/\/webjornalismo.unicap.br\/inteligenciaartificial\/wp-json\/wp\/v2\/types\/page"}],"author":[{"embeddable":true,"href":"https:\/\/webjornalismo.unicap.br\/inteligenciaartificial\/wp-json\/wp\/v2\/users\/2"}],"replies":[{"embeddable":true,"href":"https:\/\/webjornalismo.unicap.br\/inteligenciaartificial\/wp-json\/wp\/v2\/comments?post=634"}],"version-history":[{"count":14,"href":"https:\/\/webjornalismo.unicap.br\/inteligenciaartificial\/wp-json\/wp\/v2\/pages\/634\/revisions"}],"predecessor-version":[{"id":777,"href":"https:\/\/webjornalismo.unicap.br\/inteligenciaartificial\/wp-json\/wp\/v2\/pages\/634\/revisions\/777"}],"wp:attachment":[{"href":"https:\/\/webjornalismo.unicap.br\/inteligenciaartificial\/wp-json\/wp\/v2\/media?parent=634"}],"curies":[{"name":"wp","href":"https:\/\/api.w.org\/{rel}","templated":true}]}}