{"id":578,"date":"2022-05-16T21:11:05","date_gmt":"2022-05-17T00:11:05","guid":{"rendered":"https:\/\/webjornalismo.unicap.br\/bts-army\/?page_id=578"},"modified":"2022-05-28T22:54:38","modified_gmt":"2022-05-29T01:54:38","slug":"b-army","status":"publish","type":"page","link":"https:\/\/webjornalismo.unicap.br\/bts-army\/b-army\/","title":{"rendered":"B-Army"},"content":{"rendered":"<p>[et_pb_section fb_built=&#8221;1&#8243; _builder_version=&#8221;4.17.4&#8243; _module_preset=&#8221;default&#8221; background_enable_image=&#8221;off&#8221; background_video_mp4=&#8221;https:\/\/webjornalismo.unicap.br\/bts-army\/wp-content\/uploads\/2022\/05\/bg-topo4.mp4&#8243; background_video_width=&#8221;1920&#8243; background_video_height=&#8221;1080&#8243; custom_padding=&#8221;0px||0px||true|false&#8221; hover_enabled=&#8221;0&#8243; global_colors_info=&#8221;{}&#8221; background_color=&#8221;#000000&#8243; sticky_enabled=&#8221;0&#8243;][et_pb_row _builder_version=&#8221;4.17.4&#8243; _module_preset=&#8221;default&#8221; hover_enabled=&#8221;0&#8243; global_colors_info=&#8221;{}&#8221; width=&#8221;100%&#8221; max_width=&#8221;2560px&#8221; background_color=&#8221;rgba(0,0,0,0.8)&#8221; custom_padding=&#8221;20vh||20vh||true|false&#8221; sticky_enabled=&#8221;0&#8243; background_pattern_width=&#8221;0px&#8221; background_pattern_height=&#8221;0px&#8221;][et_pb_column type=&#8221;4_4&#8243; _builder_version=&#8221;4.17.3&#8243; _module_preset=&#8221;default&#8221; global_colors_info=&#8221;{}&#8221;][et_pb_post_title meta=&#8221;off&#8221; text_color=&#8221;light&#8221; _builder_version=&#8221;4.17.4&#8243; _module_preset=&#8221;default&#8221; title_font=&#8221;||||||||&#8221; title_font_size=&#8221;80px&#8221; hover_enabled=&#8221;0&#8243; global_colors_info=&#8221;{}&#8221; sticky_enabled=&#8221;0&#8243; force_fullwidth=&#8221;off&#8221; width=&#8221;67%&#8221; module_alignment=&#8221;center&#8221;][\/et_pb_post_title][\/et_pb_column][\/et_pb_row][\/et_pb_section][et_pb_section fb_built=&#8221;1&#8243; _builder_version=&#8221;4.17.3&#8243; _module_preset=&#8221;default&#8221; background_color=&#8221;rgba(6,0,10,0.6)&#8221; background_image=&#8221;https:\/\/webjornalismo.unicap.br\/bts-army\/wp-content\/uploads\/2022\/05\/04.jpg&#8221; background_blend=&#8221;darken&#8221; global_colors_info=&#8221;{}&#8221;][et_pb_row column_structure=&#8221;3_5,2_5&#8243; _builder_version=&#8221;4.17.3&#8243; _module_preset=&#8221;default&#8221; global_colors_info=&#8221;{}&#8221;][et_pb_column type=&#8221;3_5&#8243; _builder_version=&#8221;4.17.3&#8243; _module_preset=&#8221;default&#8221; global_colors_info=&#8221;{}&#8221;][et_pb_text _builder_version=&#8221;4.17.3&#8243; _module_preset=&#8221;default&#8221; header_font=&#8221;|700|||||||&#8221; header_font_size=&#8221;36px&#8221; background_layout=&#8221;dark&#8221; global_colors_info=&#8221;{}&#8221;]<\/p>\n<h1>Uma comunidade de f\u00e3s<\/h1>\n<p>[\/et_pb_text][et_pb_image src=&#8221;https:\/\/webjornalismo.unicap.br\/bts-army\/wp-content\/uploads\/2022\/05\/image1b.gif&#8221; title_text=&#8221;image1b&#8221; align=&#8221;center&#8221; force_fullwidth=&#8221;on&#8221; _builder_version=&#8221;4.17.3&#8243; _module_preset=&#8221;default&#8221; global_colors_info=&#8221;{}&#8221;][\/et_pb_image][et_pb_text _builder_version=&#8221;4.17.3&#8243; _module_preset=&#8221;default&#8221; background_layout=&#8221;dark&#8221; global_colors_info=&#8221;{}&#8221;]<\/p>\n<p>No dia 09 de julho de 2013 a palavra A.R.M.Y passou a ter um significado especial para sete novos artistas, quando assim eles decidiram chamar seus f\u00e3s. Traduzida do ingl\u00eas a palavra quer dizer \u201cex\u00e9rcito\u201d, o que de certa forma somos, mas a palavra tamb\u00e9m \u00e9 sigla para <em>Adorable Representative M.C. for Youth<\/em> (traduzido como Ador\u00e1vel Representante M.C da Juventude). Naquela \u00e9poca ningu\u00e9m tinha no\u00e7\u00e3o de que o <em>fandom<\/em> de um grupo de K-pop \u2013 que n\u00e3o integrava as tr\u00eas maiores empresas, as chamadas Big 3, do cen\u00e1rio musical sul-coreano da \u00e9poca \u2013 seria um dos mais conhecidos e importantes, quando se trata da cultura pop na atualidade. E aqui estamos n\u00f3s.<\/p>\n<p>O <em>Army<\/em> est\u00e1 em todo lugar, mas sobretudo nas redes sociais. No TikTok e no Twitter voc\u00ea pode encontrar pessoas do fandom rapidamente, apenas pesquisando uma palavra-chave. A conta pessoal do BTS no Twitter contabiliza 44,4 milh\u00f5es de <em>armys<\/em>, isso porque eles fizeram recentemente suas contas no Instagram e o n\u00famero de seguidores que alcan\u00e7aram em menos de 24 horas n\u00e3o foi pouco, foi de mais de 10 milh\u00f5es para cada integrante!<\/p>\n<p>Entrou no fandom h\u00e1 pouco tempo e n\u00e3o sabe por onde come\u00e7ar? Se interessou e quer saber mais sobre? Com um clique nos \u00edcones da foto abaixo voc\u00ea encontra algumas indica\u00e7\u00f5es de perfis com conte\u00fados para quem busca entender mais.<\/p>\n<p>[\/et_pb_text][et_pb_code _builder_version=&#8221;4.17.3&#8243; _module_preset=&#8221;default&#8221; global_colors_info=&#8221;{}&#8221;]<iframe loading=\"lazy\" width=\"700\" height=\"388\" data-original-width=\"700\" data-original-height=\"388\" src=\"https:\/\/www.thinglink.com\/card\/1556417990302367746\" type=\"text\/html\" frameborder=\"0\" webkitallowfullscreen mozallowfullscreen allowfullscreen scrolling=\"no\"><\/iframe><script async src=\"\/\/cdn.thinglink.me\/jse\/responsive.js\"><\/script>[\/et_pb_code][\/et_pb_column][et_pb_column type=&#8221;2_5&#8243; _builder_version=&#8221;4.17.3&#8243; _module_preset=&#8221;default&#8221; global_colors_info=&#8221;{}&#8221;][et_pb_code _builder_version=&#8221;4.17.3&#8243; _module_preset=&#8221;default&#8221; global_colors_info=&#8221;{}&#8221;]<iframe loading=\"lazy\" style=\"border-radius:12px\" src=\"https:\/\/open.spotify.com\/embed\/playlist\/6igc3EWzVnhJVhiVe9aFmP?utm_source=generator\" width=\"100%\" height=\"380\" frameBorder=\"0\" allowfullscreen=\"\" allow=\"autoplay; clipboard-write; encrypted-media; fullscreen; picture-in-picture\"><\/iframe>[\/et_pb_code][\/et_pb_column][\/et_pb_row][\/et_pb_section][et_pb_section fb_built=&#8221;1&#8243; _builder_version=&#8221;4.17.3&#8243; _module_preset=&#8221;default&#8221; background_color=&#8221;#be21ab&#8221; global_colors_info=&#8221;{}&#8221;][et_pb_row column_structure=&#8221;3_5,2_5&#8243; _builder_version=&#8221;4.17.3&#8243; _module_preset=&#8221;default&#8221; global_colors_info=&#8221;{}&#8221;][et_pb_column type=&#8221;3_5&#8243; _builder_version=&#8221;4.17.3&#8243; _module_preset=&#8221;default&#8221; global_colors_info=&#8221;{}&#8221;][et_pb_text _builder_version=&#8221;4.17.3&#8243; _module_preset=&#8221;default&#8221; header_font=&#8221;|700|||||||&#8221; header_font_size=&#8221;36px&#8221; background_layout=&#8221;dark&#8221; global_colors_info=&#8221;{}&#8221;]<\/p>\n<h1>O universo do K-Pop<\/h1>\n<p>[\/et_pb_text][et_pb_text _builder_version=&#8221;4.17.3&#8243; _module_preset=&#8221;default&#8221; background_layout=&#8221;dark&#8221; global_colors_info=&#8221;{}&#8221;]<\/p>\n<p>O K-pop surgiu na Coreia do Sul no final da d\u00e9cada de 1980, quando um movimento de valorizar mais a cultura local ganhou for\u00e7a. A iniciativa foi bem-sucedida gra\u00e7as ao <em>soft power<\/em>, conceito criado pelo cientista pol\u00edtico norte-americano Joseph Nye, que foi aplicado como estrat\u00e9gia pelo governo sul-coreano em busca de introduzir de forma sutil os aspectos ideol\u00f3gicos e culturais do pa\u00eds.<\/p>\n<p>Com o sucesso do g\u00eanero musical se espalhando pelo leste asi\u00e1tico no in\u00edcio da d\u00e9cada de 90, surgiram no k-pop tr\u00eas empresas, conhecidas como Big 3, que foram respons\u00e1veis pela difus\u00e3o da cultura musical sul-coreana: SM Entertainment, YG Entertainment e JYP Entertainment. A partir delas, mais empresas e grupos foram sendo criados com o intuito de agenciar cantores e dan\u00e7arinos, a fim de torn\u00e1-los futuros \u2018<em>idols<\/em>\u2019, assim como aconteceu nos Estados Unidos ao adotar o <em>star system<\/em>.<\/p>\n<p>No Brasil, as redes sociais foram de suma import\u00e2ncia para a difus\u00e3o do K-pop, que come\u00e7ou a atrair os f\u00e3s brasileiros entre 2008 e 2012. Mas a populariza\u00e7\u00e3o do K-pop no pa\u00eds come\u00e7ou de fato em 2011, quando grupos vieram se apresentar em algumas capitais. Nesse per\u00edodo houve o <em>boom<\/em> do g\u00eanero, com o <em>hit Gangnam Style<\/em>, do cantor PSY.<\/p>\n<p>O universo do K-pop \u00e9 dividido em gera\u00e7\u00f5es, que correspondem ao ano em que determinado grupo foi lan\u00e7ado na ind\u00fastria musical. A primeira gera\u00e7\u00e3o \u00e9 representada pelo grupos Seo Taiji &amp; Boys, H.O.T e g.o.d; J\u00e1 a 2\u00ba gera\u00e7\u00e3o se inicia em meados de 2003, com o ressurgimento de grupos como TVXQ, BoA, SS501, Super Junior, Wonder Girls, Girls Generation e SHINee, ap\u00f3s um decl\u00ednio na popularidade do g\u00eanero musical causado pela crise econ\u00f4mica que se instalou na \u00c1sia no final da d\u00e9cada de 1990. A apari\u00e7\u00e3o desses artistas s\u00f3 veio acontecer ap\u00f3s a exporta\u00e7\u00e3o do K-pop ter sido priorizada, pois o governo sul-coreano percebeu um aumento na economia que transformou a categoria em sin\u00f4nimo de investimento e inova\u00e7\u00e3o.<\/p>\n<p>Em 2011 se inicia a terceira gera\u00e7\u00e3o com o sucesso de PSY, e \u00e9 representada por BTS, EXO, Twice, Red Velvet, SEVENTEEN, MAMAMOO, GOT7, BLACKPINK. entre outros. Neste in\u00edcio da d\u00e9cada de 2020, estamos na 4\u00ba gera\u00e7\u00e3o, que compreende grupos como TXT, ITZY, Stray Kids, ATEEZ, THE BOYZ, aespa, LOONA e ENHYPEN.<\/p>\n<p>[\/et_pb_text][\/et_pb_column][et_pb_column type=&#8221;2_5&#8243; _builder_version=&#8221;4.17.3&#8243; _module_preset=&#8221;default&#8221; global_colors_info=&#8221;{}&#8221;][\/et_pb_column][\/et_pb_row][\/et_pb_section]<\/p>\n","protected":false},"excerpt":{"rendered":"<p>Uma comunidade de f\u00e3sNo dia 09 de julho de 2013 a palavra A.R.M.Y passou a ter um significado especial para sete novos artistas, quando assim eles decidiram chamar seus f\u00e3s. Traduzida do ingl\u00eas a palavra quer dizer \u201cex\u00e9rcito\u201d, o que de certa forma somos, mas a palavra tamb\u00e9m \u00e9 sigla para Adorable Representative M.C. for [&hellip;]<\/p>\n","protected":false},"author":1,"featured_media":0,"parent":0,"menu_order":0,"comment_status":"closed","ping_status":"closed","template":"","meta":{"_et_pb_use_builder":"on","_et_pb_old_content":"","_et_gb_content_width":"","footnotes":""},"class_list":["post-578","page","type-page","status-publish","hentry"],"_links":{"self":[{"href":"https:\/\/webjornalismo.unicap.br\/bts-army\/wp-json\/wp\/v2\/pages\/578","targetHints":{"allow":["GET"]}}],"collection":[{"href":"https:\/\/webjornalismo.unicap.br\/bts-army\/wp-json\/wp\/v2\/pages"}],"about":[{"href":"https:\/\/webjornalismo.unicap.br\/bts-army\/wp-json\/wp\/v2\/types\/page"}],"author":[{"embeddable":true,"href":"https:\/\/webjornalismo.unicap.br\/bts-army\/wp-json\/wp\/v2\/users\/1"}],"replies":[{"embeddable":true,"href":"https:\/\/webjornalismo.unicap.br\/bts-army\/wp-json\/wp\/v2\/comments?post=578"}],"version-history":[{"count":15,"href":"https:\/\/webjornalismo.unicap.br\/bts-army\/wp-json\/wp\/v2\/pages\/578\/revisions"}],"predecessor-version":[{"id":782,"href":"https:\/\/webjornalismo.unicap.br\/bts-army\/wp-json\/wp\/v2\/pages\/578\/revisions\/782"}],"wp:attachment":[{"href":"https:\/\/webjornalismo.unicap.br\/bts-army\/wp-json\/wp\/v2\/media?parent=578"}],"curies":[{"name":"wp","href":"https:\/\/api.w.org\/{rel}","templated":true}]}}