{"id":5206,"date":"2020-10-16T15:58:17","date_gmt":"2020-10-16T18:58:17","guid":{"rendered":"https:\/\/webjornalismo.unicap.br\/bibliobulico\/?page_id=5206"},"modified":"2021-06-22T14:11:36","modified_gmt":"2021-06-22T17:11:36","slug":"pagina-inicial","status":"publish","type":"page","link":"https:\/\/webjornalismo.unicap.br\/bibliobulico\/","title":{"rendered":"P\u00e1gina Inicial"},"content":{"rendered":"<p>[et_pb_section fb_built=&#8221;1&#8243; admin_label=&#8221;Hero Section&#8221; _builder_version=&#8221;4.9.4&#8243; background_enable_image=&#8221;off&#8221; background_video_mp4=&#8221;https:\/\/webjornalismo.unicap.br\/bibliobulico\/wp-content\/uploads\/2021\/05\/books-QBTAG5K.mp4&#8243; background_video_webm=&#8221;https:\/\/webjornalismo.unicap.br\/bibliobulico\/wp-content\/uploads\/2021\/05\/books-QBTAG5K.webm&#8221; background_video_width=&#8221;1920&#8243; background_video_height=&#8221;1080&#8243; custom_margin=&#8221;|||&#8221; custom_padding=&#8221;18%||18%|&#8221; animation_style=&#8221;fade&#8221;][et_pb_row _builder_version=&#8221;3.25&#8243;][et_pb_column type=&#8221;4_4&#8243; _builder_version=&#8221;3.25&#8243; custom_padding=&#8221;|||&#8221; custom_padding__hover=&#8221;|||&#8221;][et_pb_image src=&#8221;https:\/\/webjornalismo.unicap.br\/bibliobulico\/wp-content\/uploads\/2021\/06\/logo2.png&#8221; _builder_version=&#8221;4.9.7&#8243; _module_preset=&#8221;default&#8221; title_text=&#8221;logo2&#8243; align=&#8221;center&#8221; hover_enabled=&#8221;0&#8243; sticky_enabled=&#8221;0&#8243;][\/et_pb_image][\/et_pb_column][\/et_pb_row][\/et_pb_section][et_pb_section fb_built=&#8221;1&#8243; admin_label=&#8221;Explore Story Section&#8221; _builder_version=&#8221;3.22&#8243; custom_padding=&#8221;110px||110px|&#8221;][et_pb_row admin_label=&#8221;Text Area&#8221; _builder_version=&#8221;3.25&#8243; max_width=&#8221;700px&#8221; custom_padding=&#8221;20px|||&#8221; use_custom_width=&#8221;on&#8221; custom_width_px=&#8221;700px&#8221;][et_pb_column type=&#8221;4_4&#8243; _builder_version=&#8221;3.25&#8243; custom_padding=&#8221;|||&#8221; custom_padding__hover=&#8221;|||&#8221;][et_pb_text admin_label=&#8221;Title&#8221; _builder_version=&#8221;4.9.4&#8243; text_font=&#8221;||||||||&#8221; header_font=&#8221;||||||||&#8221; header_2_font=&#8221;||||||||&#8221; header_2_text_align=&#8221;center&#8221; header_2_text_color=&#8221;#6c733d&#8221; header_2_font_size=&#8221;36px&#8221; header_2_line_height=&#8221;1.4em&#8221; custom_margin=&#8221;||5px|&#8221; animation_style=&#8221;fold&#8221; animation_direction=&#8221;bottom&#8221; animation_intensity_fold=&#8221;20%&#8221; animation_starting_opacity=&#8221;100%&#8221;]<\/p>\n<h2>Dedicado a todas as pessoas que atrav\u00e9s dos livros s\u00e3o capazes de sonhar<\/h2>\n<p>[\/et_pb_text][et_pb_divider color=&#8221;#6c733d&#8221; divider_position=&#8221;center&#8221; divider_weight=&#8221;2px&#8221; _builder_version=&#8221;4.9.4&#8243; max_width=&#8221;50px&#8221; module_alignment=&#8221;center&#8221;][\/et_pb_divider][\/et_pb_column][\/et_pb_row][et_pb_row column_structure=&#8221;1_2,1_2&#8243; admin_label=&#8221;Text Area&#8221; _builder_version=&#8221;3.25&#8243; max_width=&#8221;700px&#8221; custom_padding=&#8221;20px|||&#8221; use_custom_width=&#8221;on&#8221; custom_width_px=&#8221;700px&#8221;][et_pb_column type=&#8221;1_2&#8243; _builder_version=&#8221;3.25&#8243; custom_padding=&#8221;|||&#8221; custom_padding__hover=&#8221;|||&#8221;][et_pb_text _builder_version=&#8221;4.9.4&#8243; text_font=&#8221;||||||||&#8221; text_line_height=&#8221;1.8em&#8221; text_orientation=&#8221;justified&#8221; animation_style=&#8221;fold&#8221; animation_direction=&#8221;bottom&#8221; animation_intensity_fold=&#8221;20%&#8221; animation_starting_opacity=&#8221;100%&#8221;]<\/p>\n<p>O Bibliob\u00falico \u00e9 um site que apresenta as editoras independentes no mercado. Nasceu da paix\u00e3o pelos livros e do contato direto com as redes sociais liter\u00e1rias, p\u00e1ginas, f\u00f3runs e grupos de bate-papo, l\u00e1 s\u00e3o diariamente compartilhadas<\/p>\n<p>[\/et_pb_text][\/et_pb_column][et_pb_column type=&#8221;1_2&#8243; _builder_version=&#8221;3.25&#8243; custom_padding=&#8221;|||&#8221; custom_padding__hover=&#8221;|||&#8221;][et_pb_text _builder_version=&#8221;4.9.4&#8243; text_font=&#8221;||||||||&#8221; text_line_height=&#8221;1.8em&#8221; text_orientation=&#8221;justified&#8221; animation_style=&#8221;fold&#8221; animation_direction=&#8221;bottom&#8221; animation_intensity_fold=&#8221;20%&#8221; animation_starting_opacity=&#8221;100%&#8221;]<\/p>\n<p>experi\u00eancias e ideias entre milhares de pessoas. Assim tamb\u00e9m foram criadas as editoras independentes, iniciativas que s\u00e3o feitas a partir de um sentimento m\u00fatuo pela literatura e tamb\u00e9m da vontade de contar hist\u00f3rias.<\/p>\n<p>[\/et_pb_text][\/et_pb_column][\/et_pb_row][\/et_pb_section][et_pb_section fb_built=&#8221;1&#8243; admin_label=&#8221;Feature Section&#8221; _builder_version=&#8221;4.9.4&#8243; background_image=&#8221;https:\/\/webjornalismo.unicap.br\/bibliobulico\/wp-content\/uploads\/2021\/06\/43b0913d-16b4-4d49-826d-7b9bfcbd3a61.jpg&#8221; custom_padding=&#8221;90px||500px|&#8221;][et_pb_row admin_label=&#8221;Feature 01&#8243; _builder_version=&#8221;3.25&#8243;][et_pb_column type=&#8221;4_4&#8243; _builder_version=&#8221;3.25&#8243; custom_padding=&#8221;|||&#8221; custom_padding__hover=&#8221;|||&#8221;][et_pb_text admin_label=&#8221;Title&#8221; _builder_version=&#8221;4.9.4&#8243; _dynamic_attributes=&#8221;link_option_url&#8221; text_font=&#8221;||||||||&#8221; header_font=&#8221;||||||||&#8221; header_2_font=&#8221;||||||||&#8221; header_2_font_size=&#8221;36px&#8221; header_2_line_height=&#8221;1.4em&#8221; background_color=&#8221;#6c733d&#8221; background_layout=&#8221;dark&#8221; max_width=&#8221;350px&#8221; module_alignment=&#8221;right&#8221; custom_padding=&#8221;20px|20px|20px|20px|true|true&#8221; animation_style=&#8221;fold&#8221; animation_direction=&#8221;bottom&#8221; animation_intensity_fold=&#8221;20%&#8221; animation_starting_opacity=&#8221;100%&#8221; link_option_url=&#8221;@ET-DC@eyJkeW5hbWljIjp0cnVlLCJjb250ZW50IjoicG9zdF9saW5rX3VybF9wYWdlIiwic2V0dGluZ3MiOnsicG9zdF9pZCI6IjU3MDUifX0=@&#8221;]<\/p>\n<h2>Contextualiza\u00e7\u00e3o<\/h2>\n<p>O que \u00e9 uma editora independente? As editoras independentes n\u00e3o surgiram do nada, e sim da vasta qualidade cultural e de ricas hist\u00f3rias que as pessoas t\u00eam. Muitas delas vieram para acolher e lan\u00e7ar novas narrativas, outras tamb\u00e9m para refor\u00e7ar as ra\u00edzes de cada regi\u00e3o. Nossa sociedade \u00e9 repleta de poetas, de historiadores e de idealizadores, essas editoras conseguem dar forma a essas mentes.<\/p>\n<p>[\/et_pb_text][\/et_pb_column][\/et_pb_row][\/et_pb_section][et_pb_section fb_built=&#8221;1&#8243; admin_label=&#8221;Feature Section&#8221; _builder_version=&#8221;3.22&#8243; custom_padding=&#8221;0px||0px|&#8221;][et_pb_row column_structure=&#8221;1_3,2_3&#8243; use_custom_gutter=&#8221;on&#8221; gutter_width=&#8221;1&#8243; make_equal=&#8221;on&#8221; admin_label=&#8221;Feature 02 &#038; Feature 03&#8243; module_class=&#8221; et_pb_row_fullwidth&#8221; _builder_version=&#8221;4.9.4&#8243; width=&#8221;100%&#8221; width_tablet=&#8221;100%&#8221; width_phone=&#8221;&#8221; width_last_edited=&#8221;on|desktop&#8221; max_width=&#8221;100%&#8221; max_width_tablet=&#8221;100%&#8221; max_width_phone=&#8221;&#8221; max_width_last_edited=&#8221;on|desktop&#8221; custom_padding=&#8221;0px||0px|&#8221; make_fullwidth=&#8221;on&#8221;][et_pb_column type=&#8221;1_3&#8243; _builder_version=&#8221;4.9.4&#8243; background_image=&#8221;https:\/\/webjornalismo.unicap.br\/bibliobulico\/wp-content\/uploads\/2021\/06\/IMG_7927-scaled.jpg&#8221; custom_padding=&#8221;500px||110px|5%&#8221; custom_padding__hover=&#8221;|||&#8221;][et_pb_text admin_label=&#8221;Title&#8221; _builder_version=&#8221;4.9.4&#8243; _dynamic_attributes=&#8221;link_option_url&#8221; text_font=&#8221;||||||||&#8221; header_font=&#8221;||||||||&#8221; header_2_font=&#8221;||||||||&#8221; header_2_font_size=&#8221;36px&#8221; header_2_line_height=&#8221;1.4em&#8221; background_color=&#8221;#bf6e26&#8243; background_layout=&#8221;dark&#8221; max_width=&#8221;300px&#8221; custom_padding=&#8221;20px|20px|20px|20px|true|true&#8221; animation_style=&#8221;fold&#8221; animation_direction=&#8221;bottom&#8221; animation_intensity_fold=&#8221;20%&#8221; animation_starting_opacity=&#8221;100%&#8221; link_option_url=&#8221;@ET-DC@eyJkeW5hbWljIjp0cnVlLCJjb250ZW50IjoicG9zdF9saW5rX3VybF9wYWdlIiwic2V0dGluZ3MiOnsicG9zdF9pZCI6IjU3MjUifX0=@&#8221; locked=&#8221;off&#8221;]<\/p>\n<h2>Espa\u00e7o Leitor<\/h2>\n<p>Os livros existem pois h\u00e1 hist\u00f3rias para serem contadas e pessoas para lerem elas. Ser leitor vai al\u00e9m de apenas consumidor de um mercado, eles s\u00e3o apaixonados pela literatura e t\u00eam conex\u00f5es com os livros que v\u00e3o al\u00e9m do imagin\u00e1rio. Trouxemos alguns deles para contarem um pouco sobre esses sentimentos.[\/et_pb_text][\/et_pb_column][et_pb_column type=&#8221;2_3&#8243; _builder_version=&#8221;4.9.4&#8243; background_image=&#8221;https:\/\/webjornalismo.unicap.br\/bibliobulico\/wp-content\/uploads\/2021\/05\/IMG_7880-scaled.jpg&#8221; custom_padding=&#8221;110px||500px|5%&#8221; custom_padding__hover=&#8221;|||&#8221;][et_pb_text admin_label=&#8221;Title&#8221; _builder_version=&#8221;4.9.4&#8243; _dynamic_attributes=&#8221;link_option_url&#8221; text_font=&#8221;||||||||&#8221; header_font=&#8221;||||||||&#8221; header_2_font=&#8221;||||||||&#8221; header_2_font_size=&#8221;36px&#8221; header_2_line_height=&#8221;1.4em&#8221; background_color=&#8221;#8c2020&#8243; background_layout=&#8221;dark&#8221; max_width=&#8221;360px&#8221; custom_padding=&#8221;20px|20px|20px|20px|true|true&#8221; animation_style=&#8221;fold&#8221; animation_direction=&#8221;bottom&#8221; animation_intensity_fold=&#8221;20%&#8221; animation_starting_opacity=&#8221;100%&#8221; link_option_url=&#8221;@ET-DC@eyJkeW5hbWljIjp0cnVlLCJjb250ZW50IjoicG9zdF9saW5rX3VybF9wYWdlIiwic2V0dGluZ3MiOnsicG9zdF9pZCI6IjU3MjUifX0=@&#8221; locked=&#8221;off&#8221;]<\/p>\n<h2>Bibliodiversidade<\/h2>\n<p>Apresentamos algumas editoras independentes que est\u00e3o localizadas em diferentes regi\u00f5es do Brasil. Sobre o que elas falam, como come\u00e7aram e seus p\u00fablicos. Cada editora possui um estilo \u00fanico para definir seus trabalhos, partindo de identifica\u00e7\u00f5es regionais, culturais e tamb\u00e9m hist\u00f3ricas.<\/p>\n<p>[\/et_pb_text][\/et_pb_column][\/et_pb_row][\/et_pb_section][et_pb_section fb_built=&#8221;1&#8243; admin_label=&#8221;Team Section&#8221; module_id=&#8221;sobre&#8221; _builder_version=&#8221;4.9.4&#8243; custom_padding=&#8221;110px||110px|&#8221;][et_pb_row admin_label=&#8221;Team Title Area&#8221; _builder_version=&#8221;3.25&#8243; locked=&#8221;off&#8221;][et_pb_column type=&#8221;4_4&#8243; _builder_version=&#8221;3.25&#8243; custom_padding=&#8221;|||&#8221; custom_padding__hover=&#8221;|||&#8221;][et_pb_text admin_label=&#8221;Title&#8221; _builder_version=&#8221;4.9.4&#8243; text_font=&#8221;||||||||&#8221; header_font=&#8221;||||||||&#8221; header_2_font=&#8221;||||||||&#8221; header_2_text_align=&#8221;center&#8221; header_2_text_color=&#8221;#bf6e26&#8243; header_2_font_size=&#8221;36px&#8221; custom_margin=&#8221;||5px|&#8221; animation_style=&#8221;fold&#8221; animation_direction=&#8221;bottom&#8221; animation_intensity_fold=&#8221;20%&#8221; animation_starting_opacity=&#8221;100%&#8221;]<\/p>\n<h2>SOBRE<\/h2>\n<p>[\/et_pb_text][et_pb_divider color=&#8221;#bf6e26&#8243; divider_position=&#8221;center&#8221; divider_weight=&#8221;2px&#8221; _builder_version=&#8221;4.9.4&#8243; max_width=&#8221;50px&#8221; module_alignment=&#8221;center&#8221;][\/et_pb_divider][\/et_pb_column][\/et_pb_row][et_pb_row column_structure=&#8221;1_3,2_3&#8243; admin_label=&#8221;Team Area&#8221; _builder_version=&#8221;3.25&#8243; custom_padding=&#8221;20px|||&#8221;][et_pb_column type=&#8221;1_3&#8243; _builder_version=&#8221;3.25&#8243; custom_padding=&#8221;|||&#8221; custom_padding__hover=&#8221;|||&#8221;][et_pb_team_member name=&#8221;Barbara Gabriele Rodrigues Pereira&#8221; position=&#8221;Jornalista&#8221; image_url=&#8221;https:\/\/webjornalismo.unicap.br\/bibliobulico\/wp-content\/uploads\/2021\/06\/IMG_8315-scaled.jpg&#8221; facebook_url=&#8221;#&#8221; twitter_url=&#8221;#&#8221; google_url=&#8221;#&#8221; linkedin_url=&#8221;#&#8221; icon_color=&#8221;rgba(0,0,0,0.08)&#8221; _builder_version=&#8221;4.9.4&#8243; header_level=&#8221;h3&#8243; header_font=&#8221;Nunito||||||||&#8221; header_text_color=&#8221;#263954&#8243; header_font_size=&#8221;19px&#8221; header_line_height=&#8221;1.2em&#8221; body_font=&#8221;||||||||&#8221; body_text_color=&#8221;#707985&#8243; body_line_height=&#8221;1em&#8221; text_orientation=&#8221;center&#8221; animation_style=&#8221;flip&#8221; animation_intensity_flip=&#8221;20%&#8221; animation_starting_opacity=&#8221;100%&#8221; icon_hover_color=&#8221;rgba(0,0,0,0.5)&#8221; icon_color__hover=&#8221;rgba(0,0,0,0.5)&#8221; icon_color__hover_enabled=&#8221;on&#8221;][\/et_pb_team_member][\/et_pb_column][et_pb_column type=&#8221;2_3&#8243; _builder_version=&#8221;3.25&#8243; custom_padding=&#8221;|||&#8221; custom_padding__hover=&#8221;|||&#8221;][et_pb_text _builder_version=&#8221;4.9.4&#8243; _module_preset=&#8221;default&#8221; width=&#8221;65%&#8221; width_tablet=&#8221;50%&#8221; width_phone=&#8221;100%&#8221; width_last_edited=&#8221;on|phone&#8221; text_orientation_tablet=&#8221;center&#8221; text_orientation_phone=&#8221;center&#8221; text_orientation_last_edited=&#8221;on|desktop&#8221; module_alignment_last_edited=&#8221;off|phone&#8221;]Espa\u00e7o especialmente dedicado \u00e0 estudante que fez o trabalho. A ideia dele n\u00e3o surgiu por acaso, houveram influ\u00eancias familiares, de amigos e professores que desde a inf\u00e2ncia tornaram a literatura n\u00e3o apenas algo did\u00e1tico obrigat\u00f3rio, mas sim uma das maiores paix\u00f5es e ref\u00fagios da mesma. Poder contar sobre isso de maneira t\u00e3o especial, dividindo espa\u00e7o com pessoas que trabalham e tamb\u00e9m t\u00eam o mesmo carinho pela leitura \u00e9 algo gratificante.[\/et_pb_text][\/et_pb_column][\/et_pb_row][\/et_pb_section]<\/p>\n","protected":false},"excerpt":{"rendered":"<p>[et_pb_section fb_built=&#8221;1&#8243; admin_label=&#8221;Hero Section&#8221; _builder_version=&#8221;4.9.4&#8243; background_enable_image=&#8221;off&#8221; background_video_mp4=&#8221;https:\/\/webjornalismo.unicap.br\/bibliobulico\/wp-content\/uploads\/2021\/05\/books-QBTAG5K.mp4&#8243; background_video_webm=&#8221;https:\/\/webjornalismo.unicap.br\/bibliobulico\/wp-content\/uploads\/2021\/05\/books-QBTAG5K.webm&#8221; background_video_width=&#8221;1920&#8243; background_video_height=&#8221;1080&#8243; custom_margin=&#8221;|||&#8221; custom_padding=&#8221;18%||18%|&#8221; animation_style=&#8221;fade&#8221;][et_pb_row _builder_version=&#8221;3.25&#8243;][et_pb_column type=&#8221;4_4&#8243; _builder_version=&#8221;3.25&#8243; custom_padding=&#8221;|||&#8221; custom_padding__hover=&#8221;|||&#8221;][et_pb_image src=&#8221;https:\/\/webjornalismo.unicap.br\/bibliobulico\/wp-content\/uploads\/2021\/06\/logo2.png&#8221; _builder_version=&#8221;4.9.7&#8243; _module_preset=&#8221;default&#8221; title_text=&#8221;logo2&#8243; align=&#8221;center&#8221; hover_enabled=&#8221;0&#8243; sticky_enabled=&#8221;0&#8243;][\/et_pb_image][\/et_pb_column][\/et_pb_row][\/et_pb_section][et_pb_section fb_built=&#8221;1&#8243; admin_label=&#8221;Explore Story Section&#8221; _builder_version=&#8221;3.22&#8243; custom_padding=&#8221;110px||110px|&#8221;][et_pb_row admin_label=&#8221;Text Area&#8221; _builder_version=&#8221;3.25&#8243; max_width=&#8221;700px&#8221; custom_padding=&#8221;20px|||&#8221; use_custom_width=&#8221;on&#8221; custom_width_px=&#8221;700px&#8221;][et_pb_column type=&#8221;4_4&#8243; _builder_version=&#8221;3.25&#8243; custom_padding=&#8221;|||&#8221; custom_padding__hover=&#8221;|||&#8221;][et_pb_text admin_label=&#8221;Title&#8221; _builder_version=&#8221;4.9.4&#8243; text_font=&#8221;||||||||&#8221; header_font=&#8221;||||||||&#8221; header_2_font=&#8221;||||||||&#8221; header_2_text_align=&#8221;center&#8221; header_2_text_color=&#8221;#6c733d&#8221; header_2_font_size=&#8221;36px&#8221; header_2_line_height=&#8221;1.4em&#8221; custom_margin=&#8221;||5px|&#8221; animation_style=&#8221;fold&#8221; animation_direction=&#8221;bottom&#8221; animation_intensity_fold=&#8221;20%&#8221; [&hellip;]<\/p>\n","protected":false},"author":1,"featured_media":0,"parent":0,"menu_order":0,"comment_status":"closed","ping_status":"closed","template":"","meta":{"_et_pb_use_builder":"on","_et_pb_old_content":"","_et_gb_content_width":""},"_links":{"self":[{"href":"https:\/\/webjornalismo.unicap.br\/bibliobulico\/wp-json\/wp\/v2\/pages\/5206"}],"collection":[{"href":"https:\/\/webjornalismo.unicap.br\/bibliobulico\/wp-json\/wp\/v2\/pages"}],"about":[{"href":"https:\/\/webjornalismo.unicap.br\/bibliobulico\/wp-json\/wp\/v2\/types\/page"}],"author":[{"embeddable":true,"href":"https:\/\/webjornalismo.unicap.br\/bibliobulico\/wp-json\/wp\/v2\/users\/1"}],"replies":[{"embeddable":true,"href":"https:\/\/webjornalismo.unicap.br\/bibliobulico\/wp-json\/wp\/v2\/comments?post=5206"}],"version-history":[{"count":47,"href":"https:\/\/webjornalismo.unicap.br\/bibliobulico\/wp-json\/wp\/v2\/pages\/5206\/revisions"}],"predecessor-version":[{"id":6155,"href":"https:\/\/webjornalismo.unicap.br\/bibliobulico\/wp-json\/wp\/v2\/pages\/5206\/revisions\/6155"}],"wp:attachment":[{"href":"https:\/\/webjornalismo.unicap.br\/bibliobulico\/wp-json\/wp\/v2\/media?parent=5206"}],"curies":[{"name":"wp","href":"https:\/\/api.w.org\/{rel}","templated":true}]}}