{"id":2,"date":"2019-04-11T08:24:03","date_gmt":"2019-04-11T11:24:03","guid":{"rendered":"http:\/\/webjornalismo.unicap.br\/barragens\/?page_id=2"},"modified":"2019-06-13T10:00:38","modified_gmt":"2019-06-13T13:00:38","slug":"home","status":"publish","type":"page","link":"https:\/\/webjornalismo.unicap.br\/barragens\/","title":{"rendered":"Home"},"content":{"rendered":"<p>[et_pb_section fb_built=&#8221;1&#8243; next_background_color=&#8221;#446666&#8243; _builder_version=&#8221;3.22&#8243; background_image=&#8221;http:\/\/webjornalismo.unicap.br\/barragens\/wp-content\/uploads\/2019\/04\/Prata-4.jpg&#8221; parallax=&#8221;on&#8221; background_video_mp4=&#8221;http:\/\/webjornalismo.unicap.br\/barragens\/wp-content\/uploads\/2019\/05\/BG-abertura_5.mp4&#8243; background_video_width=&#8221;1280&#8243; background_video_height=&#8221;720&#8243; custom_padding=&#8221;0px|0px|0px|0px|false|false&#8221; bottom_divider_style=&#8221;slant2&#8243; bottom_divider_arrangement=&#8221;above_content&#8221;][et_pb_row use_custom_gutter=&#8221;on&#8221; gutter_width=&#8221;1&#8243; custom_padding=&#8221;25vh|0px|30vh|0px|false|false&#8221; disabled_on=&#8221;off|off|off&#8221; module_class=&#8221; et_pb_row_fullwidth&#8221; _builder_version=&#8221;3.22&#8243; width=&#8221;100%&#8221; width_tablet=&#8221;100%&#8221; width_last_edited=&#8221;on|desktop&#8221; max_width=&#8221;100%&#8221; max_width_tablet=&#8221;100%&#8221; max_width_last_edited=&#8221;on|desktop&#8221; make_fullwidth=&#8221;on&#8221;][et_pb_column type=&#8221;4_4&#8243; _builder_version=&#8221;3.21&#8243;][et_pb_image src=&#8221;http:\/\/webjornalismo.unicap.br\/barragens\/wp-content\/uploads\/2019\/06\/MARCA.png&#8221; align=&#8221;center&#8221; _builder_version=&#8221;3.22&#8243;][\/et_pb_image][\/et_pb_column][\/et_pb_row][\/et_pb_section][et_pb_section fb_built=&#8221;1&#8243; next_background_color=&#8221;#80b192&#8243; _builder_version=&#8221;3.22&#8243; background_color=&#8221;#446666&#8243; background_position=&#8221;top_center&#8221; background_blend=&#8221;luminosity&#8221; custom_padding=&#8221;0|0px|90px|0px|false|false&#8221; top_divider_color=&#8221;#0c71c3&#8243; top_divider_height=&#8221;30vh&#8221; bottom_divider_style=&#8221;slant2&#8243; bottom_divider_height=&#8221;160px&#8221;][et_pb_row use_custom_gutter=&#8221;on&#8221; _builder_version=&#8221;3.22&#8243; width=&#8221;100%&#8221; max_width=&#8221;1800px&#8221;][et_pb_column type=&#8221;4_4&#8243; _builder_version=&#8221;3.22&#8243;][et_pb_image src=&#8221;http:\/\/webjornalismo.unicap.br\/barragens\/wp-content\/uploads\/2019\/06\/mapa-trajeto3.jpg&#8221; _builder_version=&#8221;3.22&#8243;][\/et_pb_image][\/et_pb_column][\/et_pb_row][et_pb_row custom_padding=&#8221;0px|0px|27px|0px|false|false&#8221; _builder_version=&#8221;3.22&#8243;][et_pb_column type=&#8221;4_4&#8243; _builder_version=&#8221;3.21&#8243;][et_pb_text _builder_version=&#8221;3.22&#8243; text_font=&#8221;||||||||&#8221; text_text_color=&#8221;#ffffff&#8221; text_font_size=&#8221;18px&#8221; text_line_height=&#8221;2em&#8221; min_height=&#8221;116px&#8221; custom_margin=&#8221;-91px|||||&#8221; custom_padding=&#8221;||100px|||&#8221;]<\/p>\n<p style=\"text-align: left;\">As trag\u00e9dias de Mariana, em 2015, e Brumadinho, em 2019, alertaram os brasileiros para o risco dessas mega-constru\u00e7\u00f5es que, por um lado, garantem \u00e1gua em regi\u00f5es secas e previnem as enchentes nos per\u00edodos de chuva, mas, por outro, colocam a vida de milhares de pessoas em risco por causa da falta de manuten\u00e7\u00e3o e de fiscaliza\u00e7\u00e3o pelos \u00f3rg\u00e3os competentes. A reportagem na Sombra das Barragens percorreu 1,5 mil quil\u00f4metros em Pernambuco para conhecer as hist\u00f3rias das pessoas que tiveram as suas vidas transformadas pela constru\u00e7\u00e3o das barragens ou que esperam pela conclus\u00e3o de obras paradas no estado.<\/p>\n<p>[\/et_pb_text][\/et_pb_column][\/et_pb_row][\/et_pb_section][et_pb_section fb_built=&#8221;1&#8243; _builder_version=&#8221;3.22&#8243; background_color=&#8221;#80b192&#8243;][et_pb_row use_custom_gutter=&#8221;on&#8221; gutter_width=&#8221;1&#8243; module_class=&#8221; et_pb_row_fullwidth&#8221; _builder_version=&#8221;3.22&#8243; width=&#8221;100%&#8221; width_tablet=&#8221;80%&#8221; width_last_edited=&#8221;on|desktop&#8221; max_width=&#8221;100%&#8221; max_width_tablet=&#8221;80%&#8221; max_width_last_edited=&#8221;on|desktop&#8221; make_fullwidth=&#8221;on&#8221;][et_pb_column type=&#8221;1_5&#8243; _builder_version=&#8221;3.21&#8243;][et_pb_blurb title=&#8221;Barragens&#8221; url=&#8221;http:\/\/webjornalismo.unicap.br\/barragens\/barragens\/&#8221; image=&#8221;http:\/\/webjornalismo.unicap.br\/barragens\/wp-content\/uploads\/2019\/06\/chamada-barragens.jpg&#8221; _builder_version=&#8221;3.22&#8243; _dynamic_attributes=&#8221;url&#8221; header_font=&#8221;|700||on|||||&#8221; header_font_size=&#8221;28px&#8221; box_shadow_style_image=&#8221;preset1&#8243; text_orientation=&#8221;center&#8221; background_layout=&#8221;dark&#8221; custom_margin=&#8221;|2px||2px&#8221; animation_style=&#8221;fade&#8221; link_option_url=&#8221;http:\/\/webjornalismo.unicap.br\/barragens\/barragens\/&#8221;]<\/p>\n<p>Panorama geral sobre as barragens de Pernambuco, as pol\u00edticas desenvolvidas para garantir a seguran\u00e7a da popula\u00e7\u00e3o e a realidade dessas obras na pr\u00e1tica<\/p>\n<p>[\/et_pb_blurb][\/et_pb_column][et_pb_column type=&#8221;1_5&#8243; _builder_version=&#8221;3.21&#8243;][et_pb_blurb title=&#8221;duas unas&#8221; url=&#8221;http:\/\/webjornalismo.unicap.br\/barragens\/duas-unas\/&#8221; image=&#8221;http:\/\/webjornalismo.unicap.br\/barragens\/wp-content\/uploads\/2019\/06\/chamada-duas-unas.jpg&#8221; _builder_version=&#8221;3.22&#8243; header_font=&#8221;|700||on|||||&#8221; header_font_size=&#8221;28px&#8221; box_shadow_style_image=&#8221;preset1&#8243; text_orientation=&#8221;center&#8221; background_layout=&#8221;dark&#8221; custom_margin=&#8221;|2px||2px&#8221; animation_style=&#8221;fade&#8221; animation_delay=&#8221;100ms&#8221; link_option_url=&#8221;http:\/\/webjornalismo.unicap.br\/barragens\/duas-unas\/&#8221; locked=&#8221;off&#8221;]<\/p>\n<p>Localizada entre Jaboat\u00e3o dos Guararapes e Moreno, \u00e9 um lugar de lazer e fonte de renda para os moradores que residem nas margens do reservat\u00f3rio<\/p>\n<p>[\/et_pb_blurb][\/et_pb_column][et_pb_column type=&#8221;1_5&#8243; _builder_version=&#8221;3.21&#8243;][et_pb_blurb title=&#8221;serro azul&#8221; url=&#8221;http:\/\/webjornalismo.unicap.br\/barragens\/serro-azul\/&#8221; image=&#8221;http:\/\/webjornalismo.unicap.br\/barragens\/wp-content\/uploads\/2019\/06\/chamada-serro-azul.jpg&#8221; _builder_version=&#8221;3.22&#8243; header_font=&#8221;|700||on|||||&#8221; header_font_size=&#8221;28px&#8221; box_shadow_style_image=&#8221;preset1&#8243; text_orientation=&#8221;center&#8221; background_layout=&#8221;dark&#8221; custom_margin=&#8221;|2px||2px&#8221; animation_style=&#8221;fade&#8221; animation_delay=&#8221;200ms&#8221; link_option_url=&#8221;http:\/\/webjornalismo.unicap.br\/barragens\/serro-azul\/&#8221; locked=&#8221;off&#8221;]<\/p>\n<p>Pared\u00e3o da barragem fica praticamente no quintal dos moradores do distrito de Serro Azul, em Palmares. Eles vivem com medo do local que aparenta estar em risco<\/p>\n<p>[\/et_pb_blurb][\/et_pb_column][et_pb_column type=&#8221;1_5&#8243; _builder_version=&#8221;3.21&#8243;][et_pb_blurb title=&#8221;Panelas II&#8221; url=&#8221;http:\/\/webjornalismo.unicap.br\/barragens\/panelas-ii\/&#8221; image=&#8221;http:\/\/webjornalismo.unicap.br\/barragens\/wp-content\/uploads\/2019\/06\/chamada-panelas.jpg&#8221; _builder_version=&#8221;3.22&#8243; header_font=&#8221;|700||on|||||&#8221; header_font_size=&#8221;28px&#8221; box_shadow_style_image=&#8221;preset1&#8243; text_orientation=&#8221;center&#8221; background_layout=&#8221;dark&#8221; custom_margin=&#8221;|2px||2px&#8221; animation_style=&#8221;fade&#8221; animation_delay=&#8221;300ms&#8221; link_option_url=&#8221;http:\/\/webjornalismo.unicap.br\/barragens\/panelas-ii\/&#8221; locked=&#8221;off&#8221;]<\/p>\n<p>Planejada em 2010 para conter enchentes no Estado, hoje a barragem de Panelas II, no munic\u00edpio de Cupira, encontra-se abandonada, com 47% da sua constru\u00e7\u00e3o<\/p>\n<p>[\/et_pb_blurb][\/et_pb_column][et_pb_column type=&#8221;1_5&#8243; _builder_version=&#8221;3.21&#8243;][et_pb_blurb title=&#8221;SERRINHA&#8221; url=&#8221;http:\/\/webjornalismo.unicap.br\/barragens\/serrinha-tranquilidade-e-confianca-dao-lugar-ao-medo\/&#8221; image=&#8221;http:\/\/webjornalismo.unicap.br\/barragens\/wp-content\/uploads\/2019\/06\/chamada-serrinhas.jpg&#8221; _builder_version=&#8221;3.22&#8243; header_font=&#8221;|700||on|||||&#8221; header_font_size=&#8221;28px&#8221; box_shadow_style_image=&#8221;preset1&#8243; text_orientation=&#8221;center&#8221; background_layout=&#8221;dark&#8221; custom_margin=&#8221;|2px||2px&#8221; animation_style=&#8221;fade&#8221; animation_delay=&#8221;400ms&#8221; link_option_url=&#8221;http:\/\/webjornalismo.unicap.br\/barragens\/serrinha-tranquilidade-e-confianca-dao-lugar-ao-medo\/&#8221; locked=&#8221;off&#8221;]<\/p>\n<p>Fortes tremores registrados em setembro de 2018 assombram os moradores de Serrinha, distrito de Serra Talhada, no Sert\u00e3o pernambucano<\/p>\n<p>[\/et_pb_blurb][\/et_pb_column][\/et_pb_row][\/et_pb_section][et_pb_section fb_built=&#8221;1&#8243; prev_background_color=&#8221;#80b192&#8243; _builder_version=&#8221;3.22&#8243; background_color=&#8221;#527860&#8243; background_image=&#8221;http:\/\/webjornalismo.unicap.br\/barragens\/wp-content\/uploads\/2019\/04\/Prata-4.jpg&#8221; background_blend=&#8221;soft-light&#8221; top_divider_style=&#8221;waves2&#8243; top_divider_flip=&#8221;vertical&#8221; bottom_divider_style=&#8221;waves2&#8243; bottom_divider_color=&#8221;#171717&#8243;][\/et_pb_section][et_pb_section fb_built=&#8221;1&#8243; _builder_version=&#8221;3.22&#8243; background_color=&#8221;#171717&#8243; custom_padding=&#8221;||0px|||&#8221;][et_pb_row _builder_version=&#8221;3.22&#8243;][et_pb_column type=&#8221;4_4&#8243; _builder_version=&#8221;3.22&#8243;][et_pb_text _builder_version=&#8221;3.22&#8243; text_font=&#8221;||||||||&#8221; background_layout=&#8221;dark&#8221;]<\/p>\n<h1>Expediente<\/h1>\n<p>Trabalho de conclus\u00e3o de curso em Jornalismo da Universidade Cat\u00f3lica de Pernambuco.<br \/> Produ\u00e7\u00e3o e reportagem: Ana Fl\u00e1via Barros<br \/> Orienta\u00e7\u00e3o: Carolina Monteiro<br \/> Webdesign: Jota Bosco<\/p>\n<p>&nbsp;<\/p>\n<p>[\/et_pb_text][\/et_pb_column][\/et_pb_row][\/et_pb_section]<\/p>\n","protected":false},"excerpt":{"rendered":"<p>[et_pb_section fb_built=&#8221;1&#8243; next_background_color=&#8221;#446666&#8243; _builder_version=&#8221;3.22&#8243; background_image=&#8221;http:\/\/webjornalismo.unicap.br\/barragens\/wp-content\/uploads\/2019\/04\/Prata-4.jpg&#8221; parallax=&#8221;on&#8221; background_video_mp4=&#8221;http:\/\/webjornalismo.unicap.br\/barragens\/wp-content\/uploads\/2019\/05\/BG-abertura_5.mp4&#8243; background_video_width=&#8221;1280&#8243; background_video_height=&#8221;720&#8243; custom_padding=&#8221;0px|0px|0px|0px|false|false&#8221; bottom_divider_style=&#8221;slant2&#8243; bottom_divider_arrangement=&#8221;above_content&#8221;][et_pb_row use_custom_gutter=&#8221;on&#8221; gutter_width=&#8221;1&#8243; custom_padding=&#8221;25vh|0px|30vh|0px|false|false&#8221; disabled_on=&#8221;off|off|off&#8221; module_class=&#8221; et_pb_row_fullwidth&#8221; _builder_version=&#8221;3.22&#8243; width=&#8221;100%&#8221; width_tablet=&#8221;100%&#8221; width_last_edited=&#8221;on|desktop&#8221; max_width=&#8221;100%&#8221; max_width_tablet=&#8221;100%&#8221; max_width_last_edited=&#8221;on|desktop&#8221; make_fullwidth=&#8221;on&#8221;][et_pb_column type=&#8221;4_4&#8243; _builder_version=&#8221;3.21&#8243;][et_pb_image src=&#8221;http:\/\/webjornalismo.unicap.br\/barragens\/wp-content\/uploads\/2019\/06\/MARCA.png&#8221; align=&#8221;center&#8221; _builder_version=&#8221;3.22&#8243;][\/et_pb_image][\/et_pb_column][\/et_pb_row][\/et_pb_section][et_pb_section fb_built=&#8221;1&#8243; next_background_color=&#8221;#80b192&#8243; _builder_version=&#8221;3.22&#8243; background_color=&#8221;#446666&#8243; background_position=&#8221;top_center&#8221; background_blend=&#8221;luminosity&#8221; custom_padding=&#8221;0|0px|90px|0px|false|false&#8221; top_divider_color=&#8221;#0c71c3&#8243; top_divider_height=&#8221;30vh&#8221; bottom_divider_style=&#8221;slant2&#8243; bottom_divider_height=&#8221;160px&#8221;][et_pb_row use_custom_gutter=&#8221;on&#8221; _builder_version=&#8221;3.22&#8243; width=&#8221;100%&#8221; max_width=&#8221;1800px&#8221;][et_pb_column type=&#8221;4_4&#8243; _builder_version=&#8221;3.22&#8243;][et_pb_image src=&#8221;http:\/\/webjornalismo.unicap.br\/barragens\/wp-content\/uploads\/2019\/06\/mapa-trajeto3.jpg&#8221; _builder_version=&#8221;3.22&#8243;][\/et_pb_image][\/et_pb_column][\/et_pb_row][et_pb_row custom_padding=&#8221;0px|0px|27px|0px|false|false&#8221; _builder_version=&#8221;3.22&#8243;][et_pb_column type=&#8221;4_4&#8243; _builder_version=&#8221;3.21&#8243;][et_pb_text _builder_version=&#8221;3.22&#8243; [&hellip;]<\/p>\n","protected":false},"author":1,"featured_media":0,"parent":0,"menu_order":0,"comment_status":"closed","ping_status":"closed","template":"","meta":{"_et_pb_use_builder":"on","_et_pb_old_content":"<!-- wp:paragraph -->\n<p>Esta \u00e9 uma p\u00e1gina de exemplo. \u00c9 diferente de um post no blog porque ela permanecer\u00e1 em um lugar e aparecer\u00e1 na navega\u00e7\u00e3o do seu site na maioria dos temas. Muitas pessoas come\u00e7am com uma p\u00e1gina que as apresenta a poss\u00edveis visitantes do site. Ela pode dizer algo assim:<\/p>\n<!-- \/wp:paragraph -->\n\n<!-- wp:quote -->\n<blockquote class=\"wp-block-quote\"><p>Ol\u00e1! Eu sou um mensageiro de bicicleta durante o dia, ator aspirante \u00e0 noite, e este \u00e9 o meu site. Eu moro em S\u00e3o Paulo, tenho um grande cachorro chamado Rex e gosto de tomar caipirinha (e banhos de chuva).<\/p><\/blockquote>\n<!-- \/wp:quote -->\n\n<!-- wp:paragraph -->\n<p>...ou alguma coisa assim:<\/p>\n<!-- \/wp:paragraph -->\n\n<!-- wp:quote -->\n<blockquote class=\"wp-block-quote\"><p>A Companhia de Miniaturas XYZ foi fundada em 1971, e desde ent\u00e3o tem fornecido miniaturas de qualidade ao p\u00fablico. Localizada na cidade de Itu, a XYZ emprega mais de 2.000 pessoas e faz coisas grandiosas para a comunidade da cidade.<\/p><\/blockquote>\n<!-- \/wp:quote -->\n\n<!-- wp:paragraph -->\n<p>Como um novo usu\u00e1rio do WordPress, voc\u00ea deveria ir ao <a href=\"http:\/\/webjornalismo.unicap.br\/barragens\/wp-admin\/\">painel<\/a> para excluir essa p\u00e1gina e criar novas p\u00e1ginas para o seu conte\u00fado. Divirta-se!<\/p>\n<!-- \/wp:paragraph -->","_et_gb_content_width":"","footnotes":""},"class_list":["post-2","page","type-page","status-publish","hentry"],"_links":{"self":[{"href":"https:\/\/webjornalismo.unicap.br\/barragens\/wp-json\/wp\/v2\/pages\/2","targetHints":{"allow":["GET"]}}],"collection":[{"href":"https:\/\/webjornalismo.unicap.br\/barragens\/wp-json\/wp\/v2\/pages"}],"about":[{"href":"https:\/\/webjornalismo.unicap.br\/barragens\/wp-json\/wp\/v2\/types\/page"}],"author":[{"embeddable":true,"href":"https:\/\/webjornalismo.unicap.br\/barragens\/wp-json\/wp\/v2\/users\/1"}],"replies":[{"embeddable":true,"href":"https:\/\/webjornalismo.unicap.br\/barragens\/wp-json\/wp\/v2\/comments?post=2"}],"version-history":[{"count":29,"href":"https:\/\/webjornalismo.unicap.br\/barragens\/wp-json\/wp\/v2\/pages\/2\/revisions"}],"predecessor-version":[{"id":681,"href":"https:\/\/webjornalismo.unicap.br\/barragens\/wp-json\/wp\/v2\/pages\/2\/revisions\/681"}],"wp:attachment":[{"href":"https:\/\/webjornalismo.unicap.br\/barragens\/wp-json\/wp\/v2\/media?parent=2"}],"curies":[{"name":"wp","href":"https:\/\/api.w.org\/{rel}","templated":true}]}}