{"id":151,"date":"2019-05-31T22:08:30","date_gmt":"2019-06-01T01:08:30","guid":{"rendered":"http:\/\/webjornalismo.unicap.br\/barragens\/?page_id=151"},"modified":"2019-06-22T08:57:31","modified_gmt":"2019-06-22T11:57:31","slug":"sobre","status":"publish","type":"page","link":"https:\/\/webjornalismo.unicap.br\/barragens\/sobre\/","title":{"rendered":"Sobre"},"content":{"rendered":"<p>[et_pb_section fb_built=&#8221;1&#8243; fullwidth=&#8221;on&#8221; _builder_version=&#8221;3.22&#8243; background_image=&#8221;http:\/\/webjornalismo.unicap.br\/barragens\/wp-content\/uploads\/2019\/06\/Editada-06.jpg&#8221; bottom_divider_style=&#8221;waves2&#8243; bottom_divider_color=&#8221;#ffffff&#8221; bottom_divider_height=&#8221;120px&#8221;][\/et_pb_section][et_pb_section fb_built=&#8221;1&#8243; _builder_version=&#8221;3.22&#8243;][et_pb_row use_custom_gutter=&#8221;on&#8221; gutter_width=&#8221;1&#8243; custom_padding=&#8221;|0px||||&#8221; custom_margin=&#8221;|auto||||&#8221; padding_left_2=&#8221;50px&#8221; _builder_version=&#8221;3.22&#8243; width=&#8221;100%&#8221;][et_pb_column type=&#8221;3_5&#8243; _builder_version=&#8221;3.22&#8243;][et_pb_text _builder_version=&#8221;3.22&#8243; header_font=&#8221;|700|||||||&#8221; header_font_size=&#8221;50px&#8221; min_height=&#8221;671px&#8221; custom_margin=&#8221;||36px|||&#8221; custom_padding=&#8221;||0px|||&#8221;]<\/p>\n<p>Ol\u00e1! Me chamo Ana Fl\u00e1via Barros, sou estudante do 8\u00ba per\u00edodo de Jornalismo da Universidade Cat\u00f3lica de Pernambuco (Unicap) e amo o que fa\u00e7o. Tamb\u00e9m sou temporariamente estagi\u00e1ria da assessoria de comunica\u00e7\u00e3o do Sindicato dos M\u00e9dicos de Pernambuco (Simepe).<\/p>\n<p>Nasci na capital pernambucana, mas morei, desde que nasci at\u00e9 entrar na universidade &#8211; aos 17 anos -, em Palmares, munic\u00edpio localizado na Zona da Mata Sul do estado. Minha fam\u00edlia toda \u00e9 de l\u00e1, assim como meu cora\u00e7\u00e3o. Vir para Recife, em 2015, foi o maior desafio da minha vida. Sair da casa dos meus pais, abandonar minha cidade pequena e enfrentar os desafios da &#8216;vida adulta&#8217; n\u00e3o foi f\u00e1cil. Foram muitas l\u00e1grimas, noites sem dormir e pensamentos incessantes de que n\u00e3o ia conseguir. Tudo isso para realizar um sonho que era cursar jornalismo. E n\u00e3o \u00e9 que esse sonho virou realidade?<\/p>\n<p>Hoje, sou muito feliz em ter escolhido um curso que me encanta e me conduz a seguir o que sempre quis na vida: transformar o mundo em um lugar melhor para todos. Aprendi isso com meu pai, o professor Fl\u00e1vio de Miranda Oliveira, que, assim como cr\u00ea que a educa\u00e7\u00e3o transforma o mundo, tamb\u00e9m cr\u00ea que posso ser um agente transformador nessa sociedade t\u00e3o discriminat\u00f3ria.<\/p>\n<p>Escolhi falar sobre barragens por ser um tema muito importante e sentimental pra mim. Em 2010, 2011 e 2017, eu, minha fam\u00edlia e amigos fomos atingidos por enchentes em Palmares. Na primeira, perdemos praticamente tudo comprado e adquirido com muito suor. E a reconstru\u00e7\u00e3o n\u00e3o \u00e9 f\u00e1cil. At\u00e9 hoje, n\u00e3o temos metade do que t\u00ednhamos antes desses desastres acontecerem. A calmaria surgiu quando o Governo do Estado planejou o &#8220;cintur\u00e3o de barragens&#8221;, como foi citado em abas anteriores, e anunciou a constru\u00e7\u00e3o de cinco obras para conter enchentes. O que \u00e9 bom para alguns, que se previnem de enchentes, n\u00e3o \u00e9 bom para todos. Se voc\u00ea leu a aba &#8216;Serro Azul&#8217;, vai entender. A barragem, \u00fanica entregue ap\u00f3s todos esses anos, acalma o cora\u00e7\u00e3o de alguns moradores e desespera aqueles que moram no distrito de Serro Azul, em Palmares. Isso porque o Governo s\u00f3 pensou no empreendimento, mas n\u00e3o em que habita por l\u00e1. Infelizmente essa \u00e9 uma realidade constante no nosso pa\u00eds e, espero que com esse trabalho, muitas outras pessoas conhe\u00e7am sobre esse cen\u00e1rio e ajude a construir um mundo melhor para todos n\u00f3s!<\/p>\n<p>A experi\u00eancia foi muito enriquecedora e sou muito grata a todos os entrevistados que colaboraram para o nascimento de &#8216;<em>Na sombra das barragens<\/em>&#8216;. Espero que voc\u00ea se emocione tanto quanto eu com a hist\u00f3ria e a luta desses moradores que, com muita humildade, seguem suas vidas, apesar das dificuldades impostas no dia-a-dia e o abandono por parte do poder p\u00fablico.<\/p>\n<p>[\/et_pb_text][et_pb_divider divider_style=&#8221;dashed&#8221; _builder_version=&#8221;3.22&#8243; min_height=&#8221;0px&#8221; custom_margin=&#8221;10px||&#8221; custom_padding=&#8221;||15px|||&#8221;][\/et_pb_divider][et_pb_text _builder_version=&#8221;3.22&#8243; header_font=&#8221;|700|||||||&#8221; header_font_size=&#8221;50px&#8221; min_height=&#8221;110px&#8221; custom_padding=&#8221;||0px|||&#8221; locked=&#8221;off&#8221;]<\/p>\n<h2><strong>Agradecimentos<\/strong><\/h2>\n<p>Agrade\u00e7o a Deus por ter tido a oportunidade de estudar nessa institui\u00e7\u00e3o de ensino e por proporcionar aos meus pais as condi\u00e7\u00f5es de me manterem aqui na &#8220;capit\u00e1&#8221;. Ao meu anjo da guarda, meu av\u00f4, Jos\u00e9 Soares Pereira, que foi para o lado do Pai desde julho de 2018, e que sonhou, junto comigo, em me ver jornalista.<\/p>\n<p>\u00c0 minha m\u00e3e, Gerusa Maria Barros Oliveira, que fez o poss\u00edvel e o imposs\u00edvel para se manter presente, apesar da dist\u00e2ncia, que foi meu ombro amigo nas noites incessantes de choros e ajudou a amenizar essa saudade que nunca passa. Ao meu pai, Fl\u00e1vio, que \u00e9 a minha maior inspira\u00e7\u00e3o de profissional, sempre fazendo tudo para me ajudar, assim como a todos ao seu redor. Minha av\u00f3, Z\u00e9lia Maria de Barros Pereira, que \u00e9 o melhor presente que j\u00e1 pude ter nessa vida. E, claro, aos meus irm\u00e3os, Fl\u00e1vio Manoel Barros Oliveira e Tuquinha, pela presen\u00e7a nos momentos dif\u00edceis.<\/p>\n<p>Ao meu namorado, Alb\u00e9rico Oliveira, pela parceria e presen\u00e7a em todos os momentos nesses \u00faltimos tr\u00eas anos. Obrigada pela paci\u00eancia diante de todos aperreios e estresses, sempre me ajudando a lidar com os meus &#8216;monstros&#8217;. Sou grata, tamb\u00e9m, \u00e0 sua fam\u00edlia &#8211; Edva, Eliane e Edilisse &#8211; que me acolheram e me apoiaram com muito carinho diante de todas as minhas decis\u00f5es.<\/p>\n<p>M\u00e1rio Quitanda disse que &#8220;a amizade \u00e9 um amor que nunca morre&#8221;. E que bom que, h\u00e1 quase 15 anos, continuo com a presen\u00e7a de Dennyse e Maynara Santos, irm\u00e3s que Deus me deu. Sempre estiveram por perto nesses quatro anos turbulentos, me ajudando a lidar com todas as dificuldades, com muita amizade, carinho e amor.<\/p>\n<p>E, desde que cheguei aqui no Recife, muita coisa boa apareceu no meu caminho. \u00c0 Duda Almeida, \u00c1lvaro Vilarim, Maria Eduarda Bravo e Manuella Correia, agrade\u00e7o por terem sido n\u00e3o s\u00f3 colegas de classe, mas amigos pra toda a vida. Cuidaram de mim presencialmente e na dist\u00e2ncia, participaram de momentos \u00fanicos, perdas e alegrias, e sou muito grata por isso.<\/p>\n<p><em>Na sombra das Barragens<\/em> s\u00f3 foi poss\u00edvel porque teve essa pessoa que acreditou muito em mim e no meu trabalho, sempre me encorajando a seguir em frente. \u00c0 Carolina Monteiro, minha orientadora, meu muito obrigada! Sem o seu apoio, eu n\u00e3o estaria aqui!<\/p>\n<p>Por fim, sou grata a todos os familiares e amigos que fizeram parte da minha vida, me apoiando e auxiliando a ser cada dia uma pessoa melhor![\/et_pb_text][\/et_pb_column][et_pb_column type=&#8221;2_5&#8243; _builder_version=&#8221;3.22&#8243;][et_pb_image src=&#8221;http:\/\/webjornalismo.unicap.br\/barragens\/wp-content\/uploads\/2019\/06\/Design-sem-nome.jpg&#8221; _builder_version=&#8221;3.22&#8243;][\/et_pb_image][\/et_pb_column][\/et_pb_row][\/et_pb_section]<\/p>\n","protected":false},"excerpt":{"rendered":"<p>[et_pb_section fb_built=&#8221;1&#8243; fullwidth=&#8221;on&#8221; _builder_version=&#8221;3.22&#8243; background_image=&#8221;http:\/\/webjornalismo.unicap.br\/barragens\/wp-content\/uploads\/2019\/06\/Editada-06.jpg&#8221; bottom_divider_style=&#8221;waves2&#8243; bottom_divider_color=&#8221;#ffffff&#8221; bottom_divider_height=&#8221;120px&#8221;][\/et_pb_section][et_pb_section fb_built=&#8221;1&#8243; _builder_version=&#8221;3.22&#8243;][et_pb_row use_custom_gutter=&#8221;on&#8221; gutter_width=&#8221;1&#8243; custom_padding=&#8221;|0px||||&#8221; custom_margin=&#8221;|auto||||&#8221; padding_left_2=&#8221;50px&#8221; _builder_version=&#8221;3.22&#8243; width=&#8221;100%&#8221;][et_pb_column type=&#8221;3_5&#8243; _builder_version=&#8221;3.22&#8243;][et_pb_text _builder_version=&#8221;3.22&#8243; header_font=&#8221;|700|||||||&#8221; header_font_size=&#8221;50px&#8221; min_height=&#8221;671px&#8221; custom_margin=&#8221;||36px|||&#8221; custom_padding=&#8221;||0px|||&#8221;] Ol\u00e1! Me chamo Ana Fl\u00e1via Barros, sou estudante do 8\u00ba per\u00edodo de Jornalismo da Universidade Cat\u00f3lica de Pernambuco (Unicap) e amo o que fa\u00e7o. Tamb\u00e9m sou temporariamente estagi\u00e1ria da assessoria [&hellip;]<\/p>\n","protected":false},"author":2,"featured_media":0,"parent":0,"menu_order":0,"comment_status":"closed","ping_status":"closed","template":"","meta":{"_et_pb_use_builder":"on","_et_pb_old_content":"","_et_gb_content_width":"","footnotes":""},"class_list":["post-151","page","type-page","status-publish","hentry"],"_links":{"self":[{"href":"https:\/\/webjornalismo.unicap.br\/barragens\/wp-json\/wp\/v2\/pages\/151","targetHints":{"allow":["GET"]}}],"collection":[{"href":"https:\/\/webjornalismo.unicap.br\/barragens\/wp-json\/wp\/v2\/pages"}],"about":[{"href":"https:\/\/webjornalismo.unicap.br\/barragens\/wp-json\/wp\/v2\/types\/page"}],"author":[{"embeddable":true,"href":"https:\/\/webjornalismo.unicap.br\/barragens\/wp-json\/wp\/v2\/users\/2"}],"replies":[{"embeddable":true,"href":"https:\/\/webjornalismo.unicap.br\/barragens\/wp-json\/wp\/v2\/comments?post=151"}],"version-history":[{"count":15,"href":"https:\/\/webjornalismo.unicap.br\/barragens\/wp-json\/wp\/v2\/pages\/151\/revisions"}],"predecessor-version":[{"id":708,"href":"https:\/\/webjornalismo.unicap.br\/barragens\/wp-json\/wp\/v2\/pages\/151\/revisions\/708"}],"wp:attachment":[{"href":"https:\/\/webjornalismo.unicap.br\/barragens\/wp-json\/wp\/v2\/media?parent=151"}],"curies":[{"name":"wp","href":"https:\/\/api.w.org\/{rel}","templated":true}]}}